{"id":19345,"date":"2022-11-29T10:28:17","date_gmt":"2022-11-29T10:28:17","guid":{"rendered":"https:\/\/cultivers.es\/abonos\/bio-schwarzkuemmel-samen\/"},"modified":"2025-09-22T04:43:59","modified_gmt":"2025-09-22T04:43:59","slug":"bio-schwarzkummel-samen","status":"publish","type":"product","link":"https:\/\/cultivers.es\/de\/d\u00fcngemittel\/bio-schwarzkummel-samen\/","title":{"rendered":"Schwarzk\u00fcmmel Samen"},"content":{"rendered":"","protected":false},"excerpt":{"rendered":"<p><strong>Schwarzk\u00fcmmel<\/strong><em>(Nigella sativa<\/em>), auch bekannt als &#8218;Absinth&#8216;, ist eine aromatische und medizinische Pflanze, die kleine schwarze Samen mit einem einzigartigen, leicht w\u00fcrzigen, nussigen und pfeffrigen Geschmack produziert. Diese Samen werden in der K\u00fcche wegen ihrer Verwendung in Broten, Currys, Eint\u00f6pfen und als Gew\u00fcrz sehr gesch\u00e4tzt, abgesehen von ihren anerkannten gesundheitsf\u00f6rdernden Eigenschaften. Die Pflanze ist einfach anzubauen und ideal f\u00fcr Ihren <strong>Garten und Gem\u00fcsegarten<\/strong>.  <\/p>\n<p><strong>Aromatische und vielseitige Samen:<\/strong> Ihr w\u00fcrziger Geschmack und ihr charakteristisches Aroma machen sie zu einer idealen Zutat f\u00fcr Brote, Salate, Eint\u00f6pfe und Gew\u00fcrzmischungen wie Zaatar.<\/p>\n<p><strong>Medizinische Eigenschaften:<\/strong> Schwarzk\u00fcmmel wird traditionell als Naturheilmittel wegen seiner antioxidativen, entz\u00fcndungshemmenden und verdauungsf\u00f6rdernden Wirkung verwendet.<\/p>\n<p><strong>Zarte und dekorative Bl\u00fcten:<\/strong> Zus\u00e4tzlich zu ihrem kulinarischen Wert produziert die Pflanze sch\u00f6ne wei\u00dfe oder bl\u00e4uliche Bl\u00fcten, die <strong>Obstg\u00e4rten und G\u00e4rten<\/strong> versch\u00f6nern und Best\u00e4uber anlocken.<\/p>\n<p><strong>Einfacher Anbau:<\/strong> Sie ist robust und anpassungsf\u00e4hig und gedeiht gut in gut durchl\u00e4ssigen, sonnigen B\u00f6den. Sie ist f\u00fcr Anf\u00e4nger und erfahrene G\u00e4rtner gleicherma\u00dfen geeignet.<\/p>\n<p><strong>Reich an N\u00e4hrstoffen:<\/strong> Schwarzk\u00fcmmelsamen sind eine nat\u00fcrliche Quelle f\u00fcr essentielle Fetts\u00e4uren, Vitamine und Mineralien, ideal f\u00fcr eine ausgewogene Ern\u00e4hrung.<\/p>\n<p><strong>Biologischer Anbau:<\/strong> Unser Saatgut ist <strong>100% biologisch<\/strong>, frei von Pestiziden und chemischen D\u00fcngemitteln und garantiert einen nachhaltigen und umweltfreundlichen Anbau.<\/p>\n<p>Erg\u00e4nzen Sie Ihren <strong>Garten und Gem\u00fcsegarten<\/strong> mit <strong>Bio-Schwarzk\u00fcmmel<\/strong>, um seine kulinarische Vielseitigkeit, seine gesundheitlichen Vorteile und seine nat\u00fcrliche Sch\u00f6nheit zu genie\u00dfen - bestellen Sie noch heute und beginnen Sie mit dem Anbau! <\/p>\n","protected":false},"featured_media":16235,"comment_status":"open","ping_status":"closed","template":"","meta":{"_acf_changed":false},"product_brand":[],"product_cat":[727,419],"product_tag":[1580],"woo-feed-brand":[],"class_list":{"0":"post-19345","1":"product","2":"type-product","3":"status-publish","4":"has-post-thumbnail","6":"product_cat-bio-aroma-saatgut","7":"product_cat-bio-saatgut","8":"product_tag-oko","10":"first","11":"outofstock","12":"taxable","13":"shipping-taxable","14":"purchasable","15":"product-type-simple"},"acf":[],"_links":{"self":[{"href":"https:\/\/cultivers.es\/de\/wp-json\/wp\/v2\/product\/19345","targetHints":{"allow":["GET"]}}],"collection":[{"href":"https:\/\/cultivers.es\/de\/wp-json\/wp\/v2\/product"}],"about":[{"href":"https:\/\/cultivers.es\/de\/wp-json\/wp\/v2\/types\/product"}],"replies":[{"embeddable":true,"href":"https:\/\/cultivers.es\/de\/wp-json\/wp\/v2\/comments?post=19345"}],"wp:featuredmedia":[{"embeddable":true,"href":"https:\/\/cultivers.es\/de\/wp-json\/wp\/v2\/media\/16235"}],"wp:attachment":[{"href":"https:\/\/cultivers.es\/de\/wp-json\/wp\/v2\/media?parent=19345"}],"wp:term":[{"taxonomy":"product_brand","embeddable":true,"href":"https:\/\/cultivers.es\/de\/wp-json\/wp\/v2\/product_brand?post=19345"},{"taxonomy":"product_cat","embeddable":true,"href":"https:\/\/cultivers.es\/de\/wp-json\/wp\/v2\/product_cat?post=19345"},{"taxonomy":"product_tag","embeddable":true,"href":"https:\/\/cultivers.es\/de\/wp-json\/wp\/v2\/product_tag?post=19345"},{"taxonomy":"woo-feed-brand","embeddable":true,"href":"https:\/\/cultivers.es\/de\/wp-json\/wp\/v2\/woo-feed-brand?post=19345"}],"curies":[{"name":"wp","href":"https:\/\/api.w.org\/{rel}","templated":true}]}}