{"id":19346,"date":"2022-11-29T09:24:38","date_gmt":"2022-11-29T09:24:38","guid":{"rendered":"https:\/\/cultivers.es\/abonos\/microgreen-bio-matador-spinat-samen\/"},"modified":"2025-09-22T04:43:41","modified_gmt":"2025-09-22T04:43:41","slug":"spinat-killer-okologisch-mikrogrun","status":"publish","type":"product","link":"https:\/\/cultivers.es\/de\/d\u00fcngemittel\/spinat-killer-okologisch-mikrogrun\/","title":{"rendered":"Spinat Matador Microgreen Saatgut"},"content":{"rendered":"<p><strong>So z\u00fcchten Sie Microgreens Schritt f\u00fcr Schritt<\/strong><br \/>\nMicropflanzen sind sehr einfach zu pflanzen und zu pflegen. Zun\u00e4chst einmal sollten Sie aber wissen, dass sie direkt im Boden oder in Anzuchtschalen wachsen. Sie brauchen nicht viel Platz und k\u00f6nnen daher sowohl im Haus als auch im Freien angebaut werden. Sie brauchen indirektes Sonnenlicht und einmal t\u00e4gliches Gie\u00dfen.<\/p>\n<p>Microgreens werden in der Regel zwischen 7 und 14 Tagen nach der Keimung geerntet, wenn die ersten Bl\u00e4tter erscheinen. Es ist ratsam, sie zu dem Zeitpunkt zu ernten, zu dem sie verzehrt werden sollen. <\/p>\n<p><strong>Ben\u00f6tigte Materialien:<\/strong><\/p>\n<p>- Anzuchtschalen oder direkt im Garten.<br \/>\n- Bio-Saatgut.<br \/>\n- \u00d6kologisches Anbausubstrat oder Erde gemischt mit 60% Torf oder Fasern + 40% Regenwurmhumus.<br \/>\n- Sprayer.<\/p>\n<p><strong>Zu unternehmende Schritte:<\/strong><\/p>\n<p>1. Waschen Sie die Samen und weichen Sie sie ein<br \/>\nZun\u00e4chst sollten Sie die Samen mit einem Sieb oder Keimbeutel waschen. Weichen Sie sie dann je nach Gr\u00f6\u00dfe der Samen 4-8 Stunden lang unter<br \/>\nein.  Beachten Sie, dass schleimige Samen, wie Rucola, Brunnenkresse, Senf oder Basilikum, nicht eingeweicht werden.<\/p>\n<p>2. Legen Sie die Samen direkt auf das feuchte Substrat.<\/p>\n<p>3. Bereiten Sie die Anbaufl\u00e4che vor<br \/>\nUm Ihre Microgreens zu z\u00fcchten, k\u00f6nnen Sie eine typische Anzuchtschale verwenden und das Substrat darauf ausbreiten, so dass eine 2 bis 3 cm tiefe Schicht entsteht. Alternativ k\u00f6nnen Sie auch Keimger\u00e4te, gro\u00dfe Keimschalen oder, im Falle eines Gartens oder Mikrogartens, T\u00f6pfe verwenden.<\/p>\n<p>4. Weichen Sie die Erde nach Ihrer Wahl mit Wasser ein, bis sie feucht und<br \/>\nflauschig ist.<\/p>\n<p><strong>Aussaat<\/strong><\/p>\n<p>5. Verteilen Sie die gekeimten (oder ungekeimten) Samen gleichm\u00e4\u00dfig auf der Erde und verdichten Sie sie ein wenig. Er sollte gut mit Samen gef\u00fcllt sein und wenig Platz zwischen ihnen haben. Dann befeuchten Sie sie mit dem Zerst\u00e4uber.  <\/p>\n<p>Wichtig: Wenn Sie sich f\u00fcr die Aussaat in einer Schale entschieden haben, decken Sie diese mit einer anderen Schale der gleichen Gr\u00f6\u00dfe ab. Wenn Sie sich f\u00fcr einen Keimapparat entscheiden, verwenden Sie ein Tuch. In beiden F\u00e4llen 3-4 Tage stehen lassen. Und wenn Sie sich f\u00fcr einen Mikrogarten entschieden haben, denken Sie daran, dass er sich selbst bew\u00e4ssert und eine optimale Luftfeuchtigkeit aufrechterh\u00e4lt.   <\/p>\n<p>Nach ein paar Tagen decken Sie die Schale auf und stellen sie ins indirekte Licht. In Mikrog\u00e4rten ist dies nicht erforderlich, da das Licht bereits eingebaut ist. <\/p>\n<p><strong>Wartung<\/strong><\/p>\n<p>Um die Vermehrung von Mikrogr\u00e4sern zu f\u00f6rdern, sollte der Boden stets feucht, aber nicht nass sein, und es wird empfohlen, mit einem Spr\u00fchger\u00e4t zu gie\u00dfen. Wenn Sie den N\u00e4hrwert der Pflanzen erh\u00f6hen wollen, k\u00f6nnen Sie sie auch mit Verbindungen anreichern, die reich an Spurenelementen sind. Sie k\u00f6nnen Seetangpulver oder mazerierten Kompost verwenden.  <\/p>\n<p><strong>Sammeln Sie<\/strong><\/p>\n<p>2 bis 4 Wochen nach der Aussaat ernten Sie die Microgreens mit einer Schere.<br \/>\nNehmen Sie dazu mit der Hand kleine B\u00fcschel von au\u00dfen nach innen und auf Bodenh\u00f6he.<br \/>\nWeichen Sie sie dann in einer Sch\u00fcssel mit Wasser ein, lassen Sie sie gut abtropfen und schon sind sie <strong>essfertig!<\/strong><\/p>\n<p>Wenn Sie die St\u00e4ngel immer wieder gie\u00dfen, kann es manchmal zu einer zweiten Ernte kommen. Wenn nicht, k\u00f6nnen Sie die Erde immer wieder f\u00fcr die Herstellung von Kompost verwenden. <\/p>\n<p>Verwendung und Lagerung von Microgreens<br \/>\nIdealerweise sollten Microgreens nach der Ernte verzehrt werden, sie k\u00f6nnen aber auch einige Tage im K\u00fchlschrank aufbewahrt werden. Der einzige Nachteil ist, dass sie an Geschmack und N\u00e4hrwert verlieren k\u00f6nnen. Um sie frisch zu halten, legen Sie sie in ein Glasgef\u00e4\u00df und decken Sie sie mit Frischhaltefolie ab. Auf diese Weise k\u00f6nnen Sie sie in Salaten, Pizzas, Sandwiches oder sogar in der Pfanne anbraten.<br \/>\nWie Sie sehen, ist der Anbau von Mikrogem\u00fcse zu Hause einfach und unkompliziert, ohne dass Sie monatelang auf das Ergebnis warten m\u00fcssen, und Sie k\u00f6nnen es zu einer Familienaktivit\u00e4t machen.<\/p>\n","protected":false},"excerpt":{"rendered":"<p><strong>Matador Spinat<\/strong><em>(Spinacia oleracea<\/em>) ist <strong>eine<\/strong> hervorragende Wahl f\u00fcr alle, die ihren Gerichten einen Hauch von Frische, mildem Geschmack und wichtigen N\u00e4hrstoffen verleihen m\u00f6chten. Seine zarten, gr\u00fcnen Triebe sind einfach zu z\u00fcchten und bieten einen delikaten Geschmack, der ihn zu einer vielseitigen Zutat f\u00fcr Salate, Smoothies, Wraps und Beilagen macht. <\/p>\n<p><strong>Zarte und delikate Bl\u00e4tter:<\/strong> Matador Spinatsprossen sind weich und frisch, mit einem leicht s\u00fc\u00dfen und neutralen Geschmack, ideal zur Erg\u00e4nzung einer Vielzahl von Gerichten.<\/p>\n<p><strong>Reich an N\u00e4hrstoffen:<\/strong> Sie enthalten viel Eisen, die Vitamine A, C und K sowie Antioxidantien und essentielle Mineralien, was sie zu einem nat\u00fcrlichen Superfood macht.<\/p>\n<p><strong>Schnelles Wachstum:<\/strong> Diese Mikrogr\u00fcns k\u00f6nnen in nur 10-15 Tagen geerntet werden und bieten eine konstante Versorgung mit frischen, gesunden Zutaten.<\/p>\n<p><strong>Vielseitige Verwendung in der K\u00fcche:<\/strong> Perfekt f\u00fcr Salate, Smoothies, Sandwiches, Wraps oder als Beilage f\u00fcr Gourmetgerichte.<\/p>\n<p><strong>Einfacher Anbau:<\/strong> Geeignet f\u00fcr Trays im Innenbereich, vertikale G\u00e4rten oder G\u00e4rten im Freien, mit minimaler Pflege, ideal f\u00fcr Anf\u00e4nger oder erfahrene G\u00e4rtner.<\/p>\n<p><strong>Biologischer Anbau:<\/strong> Unser Saatgut ist <strong>zu 100% biologisch<\/strong>, frei von Pestiziden und chemischen D\u00fcngemitteln und f\u00f6rdert einen nachhaltigen und umweltfreundlichen Anbau.<\/p>\n<p>Genie\u00dfen Sie die Frische, den milden Geschmack und die Vorteile von <strong>Microgreen Bio-Matador-Spinat<\/strong>, einer gesunden und leicht anbaubaren Zutat, die Leben in Ihre K\u00fcche bringen wird. Bestellen Sie noch heute und bauen Sie ein Superfood direkt in Ihrem Haus oder Garten an! <\/p>\n","protected":false},"featured_media":15695,"comment_status":"open","ping_status":"closed","template":"","meta":{"_acf_changed":false},"product_brand":[],"product_cat":[730],"product_tag":[1580],"woo-feed-brand":[],"class_list":{"0":"post-19346","1":"product","2":"type-product","3":"status-publish","4":"has-post-thumbnail","6":"product_cat-microgreen-okologisch","7":"product_tag-oko","9":"first","10":"outofstock","11":"sale","12":"featured","13":"taxable","14":"shipping-taxable","15":"purchasable","16":"product-type-simple"},"acf":[],"_links":{"self":[{"href":"https:\/\/cultivers.es\/de\/wp-json\/wp\/v2\/product\/19346","targetHints":{"allow":["GET"]}}],"collection":[{"href":"https:\/\/cultivers.es\/de\/wp-json\/wp\/v2\/product"}],"about":[{"href":"https:\/\/cultivers.es\/de\/wp-json\/wp\/v2\/types\/product"}],"replies":[{"embeddable":true,"href":"https:\/\/cultivers.es\/de\/wp-json\/wp\/v2\/comments?post=19346"}],"wp:featuredmedia":[{"embeddable":true,"href":"https:\/\/cultivers.es\/de\/wp-json\/wp\/v2\/media\/15695"}],"wp:attachment":[{"href":"https:\/\/cultivers.es\/de\/wp-json\/wp\/v2\/media?parent=19346"}],"wp:term":[{"taxonomy":"product_brand","embeddable":true,"href":"https:\/\/cultivers.es\/de\/wp-json\/wp\/v2\/product_brand?post=19346"},{"taxonomy":"product_cat","embeddable":true,"href":"https:\/\/cultivers.es\/de\/wp-json\/wp\/v2\/product_cat?post=19346"},{"taxonomy":"product_tag","embeddable":true,"href":"https:\/\/cultivers.es\/de\/wp-json\/wp\/v2\/product_tag?post=19346"},{"taxonomy":"woo-feed-brand","embeddable":true,"href":"https:\/\/cultivers.es\/de\/wp-json\/wp\/v2\/woo-feed-brand?post=19346"}],"curies":[{"name":"wp","href":"https:\/\/api.w.org\/{rel}","templated":true}]}}