{"id":19347,"date":"2022-11-29T10:08:08","date_gmt":"2022-11-29T10:08:08","guid":{"rendered":"https:\/\/cultivers.es\/abonos\/kohlrabi-di-milano-a-colleto-viola-bio-saatgut\/"},"modified":"2025-09-22T04:43:58","modified_gmt":"2025-09-22T04:43:58","slug":"ruben-di-milano-a-colleto-viola-ecologicas","status":"publish","type":"product","link":"https:\/\/cultivers.es\/de\/d\u00fcngemittel\/ruben-di-milano-a-colleto-viola-ecologicas\/","title":{"rendered":"Kohlrabigr\u00fcn - Colleto Viola Saatgut"},"content":{"rendered":"","protected":false},"excerpt":{"rendered":"<p>El <strong>Nabo Di Milano A Colleto Viola<\/strong> (<em>Brassica rapa var. rapa <\/em>) ist eine traditionelle italienische Sorte, die f\u00fcr ihre runde Form, ihre wei\u00dfe Schale mit einer attraktiven <strong>violetten<\/strong> Krause und ihren milden, leicht s\u00fc\u00dfen Geschmack bekannt ist. Diese R\u00fcbe ist ideal f\u00fcr Salate, Eint\u00f6pfe, Cremes und gebratene Gerichte und verleiht ihnen eine nahrhafte und k\u00f6stliche Note. Sie ist au\u00dferdem eine pflegeleichte Pflanze, die sich perfekt f\u00fcr Ihren <strong>Gem\u00fcsegarten<\/strong> eignet, entweder im Herbst oder im Fr\u00fchjahr.  <\/p>\n<p><strong>Elegante und schmackhafte Wurzeln:<\/strong> Erzeugt runde R\u00fcben mit einem einzigartigen Farbkontrast zwischen dem Wei\u00df der Schale und dem Violett des Halses, der sowohl im Aussehen als auch im Geschmack herausragend ist.<\/p>\n<p><strong>Milder und vielseitiger Geschmack:<\/strong> Sein s\u00fc\u00dfer Geschmack und seine zarte Textur machen ihn ideal f\u00fcr den Rohverzehr in Salaten oder gekocht in Suppen, P\u00fcrees und Beilagen.<\/p>\n<p><strong>Schnell wachsend und widerstandsf\u00e4hig:<\/strong> Sie ist eine schnell wachsende Sorte, perfekt f\u00fcr die Aussaat in der kurzen Saison, mit einer Ernte in nur 40-60 Tagen.<\/p>\n<p><strong>Reich an N\u00e4hrstoffen:<\/strong> Die Steckr\u00fcbe ist eine ausgezeichnete Quelle f\u00fcr die Vitamine C und K sowie f\u00fcr Mineralstoffe wie Kalzium und Kalium, was sie zu einem gesunden und nahrhaften Lebensmittel macht.<\/p>\n<p><strong>Einfach anzubauen:<\/strong> Anpassungsf\u00e4hig an verschiedene Bodentypen und Klimazonen, widerstandsf\u00e4hig und sowohl f\u00fcr Anf\u00e4nger als auch f\u00fcr erfahrene Z\u00fcchter geeignet.<\/p>\n<p><strong>Biologischer Anbau:<\/strong> Unser Saatgut ist <strong>100% biologisch<\/strong>, frei von Pestiziden und chemischen D\u00fcngemitteln und f\u00f6rdert einen nachhaltigen und umweltfreundlichen <strong>Garten<\/strong>.<\/p>\n<p>Genie\u00dfen Sie die Qualit\u00e4t, den Geschmack und die Sch\u00f6nheit der <strong>Bio-R\u00fcbe Di Milano A Colleto Viola<\/strong>, einer einzigartigen und gesunden Zutat, die Ihren Tisch mit Tradition und Frische f\u00fcllen wird. Bestellen Sie noch heute und beginnen Sie mit dem Anbau in Ihrem Garten! <\/p>\n","protected":false},"featured_media":16230,"comment_status":"open","ping_status":"closed","template":"","meta":{"_acf_changed":false},"product_brand":[],"product_cat":[423,419],"product_tag":[1580],"class_list":{"0":"post-19347","1":"product","2":"type-product","3":"status-publish","4":"has-post-thumbnail","6":"product_cat-bio-brassica-saatgut","7":"product_cat-bio-saatgut","8":"product_tag-oko","10":"first","11":"instock","12":"sale","13":"taxable","14":"shipping-taxable","15":"purchasable","16":"product-type-simple"},"acf":[],"_links":{"self":[{"href":"https:\/\/cultivers.es\/de\/wp-json\/wp\/v2\/product\/19347","targetHints":{"allow":["GET"]}}],"collection":[{"href":"https:\/\/cultivers.es\/de\/wp-json\/wp\/v2\/product"}],"about":[{"href":"https:\/\/cultivers.es\/de\/wp-json\/wp\/v2\/types\/product"}],"replies":[{"embeddable":true,"href":"https:\/\/cultivers.es\/de\/wp-json\/wp\/v2\/comments?post=19347"}],"wp:featuredmedia":[{"embeddable":true,"href":"https:\/\/cultivers.es\/de\/wp-json\/wp\/v2\/media\/16230"}],"wp:attachment":[{"href":"https:\/\/cultivers.es\/de\/wp-json\/wp\/v2\/media?parent=19347"}],"wp:term":[{"taxonomy":"product_brand","embeddable":true,"href":"https:\/\/cultivers.es\/de\/wp-json\/wp\/v2\/product_brand?post=19347"},{"taxonomy":"product_cat","embeddable":true,"href":"https:\/\/cultivers.es\/de\/wp-json\/wp\/v2\/product_cat?post=19347"},{"taxonomy":"product_tag","embeddable":true,"href":"https:\/\/cultivers.es\/de\/wp-json\/wp\/v2\/product_tag?post=19347"}],"curies":[{"name":"wp","href":"https:\/\/api.w.org\/{rel}","templated":true}]}}