{"id":19349,"date":"2022-11-29T11:06:45","date_gmt":"2022-11-29T11:06:45","guid":{"rendered":"https:\/\/cultivers.es\/abonos\/bio-borretsch-samen\/"},"modified":"2025-09-22T04:44:04","modified_gmt":"2025-09-22T04:44:04","slug":"bio-ruben-saatgut-okologisches-saatgut","status":"publish","type":"product","link":"https:\/\/cultivers.es\/de\/d\u00fcngemittel\/bio-ruben-saatgut-okologisches-saatgut\/","title":{"rendered":"Borretschsamen Biodynamisch Demeter"},"content":{"rendered":"","protected":false},"excerpt":{"rendered":"<p><strong>Borretsch<\/strong><em>(Borago officinalis<\/em>) ist eine einj\u00e4hrige Pflanze, die f\u00fcr ihre sch\u00f6nen <strong>tiefblauen Bl\u00fcten<\/strong> und essbaren Bl\u00e4tter mit einem frischen und delikaten Geschmack bekannt ist. Er wird sowohl in der K\u00fcche, insbesondere in der traditionellen K\u00fcche, als auch im <strong>Garten und Obstgarten<\/strong> wegen seiner F\u00e4higkeit, Best\u00e4uber anzulocken, sehr gesch\u00e4tzt. Seine Bl\u00fcten sind nicht nur dekorativ, sondern auch essbar, perfekt f\u00fcr Salate und kulinarische Dekorationen. Dar\u00fcber hinaus garantiert die <strong>Demeter-Zertifizierung<\/strong>, dass dieses Saatgut nach den Grunds\u00e4tzen der biologisch-dynamischen Landwirtschaft angebaut wurde und somit ein H\u00f6chstma\u00df an Qualit\u00e4t und Nachhaltigkeit gew\u00e4hrleistet ist.   <\/p>\n<p><strong>Sch\u00f6ne und essbare Bl\u00fcten:<\/strong> Ihre leuchtend blauen Bl\u00fcten sind ein wahres optisches Spektakel, ideal zum Dekorieren von Salaten, Desserts und frischen Gerichten.<\/p>\n<p><strong>Frische und vielseitige Bl\u00e4tter:<\/strong> Die zarten Bl\u00e4tter eignen sich perfekt zum Kochen in Eint\u00f6pfen, sautierten Gerichten oder sogar zur Zubereitung von Aufg\u00fcssen und verleihen ihnen einen frischen und nat\u00fcrlichen Geschmack.<\/p>\n<p><strong>Attraktiv f\u00fcr Best\u00e4uber:<\/strong> Borretsch ist eine Honigpflanze, die Bienen und Schmetterlinge anlockt und so die Artenvielfalt in <strong>Obstgarten und Garten<\/strong> f\u00f6rdert.<\/p>\n<p><strong>Medizinische Eigenschaften:<\/strong> Traditionell in Kr\u00e4utertees und nat\u00fcrlichen Zubereitungen verwendet, ist Borretsch f\u00fcr seine entz\u00fcndungshemmenden, harntreibenden und entspannenden Eigenschaften bekannt.<\/p>\n<p><strong>Einfacher Anbau:<\/strong> Die robuste und anpassungsf\u00e4hige Pflanze gedeiht in gut durchl\u00e4ssigen, sonnigen B\u00f6den und ist ideal f\u00fcr Anf\u00e4nger und erfahrene G\u00e4rtner.<\/p>\n<p><strong>Demeter-Zertifizierung:<\/strong> Dieses biodynamische Saatgut garantiert einen nachhaltigen Anbau, der die nat\u00fcrlichen Zyklen des Bodens und der Umwelt respektiert.<\/p>\n<p><strong>Biologischer Anbau:<\/strong> Unser Saatgut ist <strong>zu 100% biologisch<\/strong>, frei von Pestiziden und chemischen D\u00fcngemitteln und f\u00f6rdert einen nachhaltigen <strong>Garten und Obstgarten<\/strong>.<\/p>\n<p>F\u00fcllen Sie Ihren <strong>Garten und Obstgarten<\/strong> mit Farbe, Leben und Vielseitigkeit mit <strong>Demeter Bio-Borretsch<\/strong>, einer Pflanze, die Sch\u00f6nheit, kulinarischen Nutzen und Vorteile f\u00fcr die Artenvielfalt vereint. Bestellen Sie noch heute und genie\u00dfen Sie diese wunderbare Sorte! <\/p>\n","protected":false},"featured_media":16240,"comment_status":"open","ping_status":"closed","template":"","meta":{"_acf_changed":false},"product_brand":[],"product_cat":[419,467,1308],"product_tag":[1384],"class_list":{"0":"post-19349","1":"product","2":"type-product","3":"status-publish","4":"has-post-thumbnail","6":"product_cat-bio-saatgut","7":"product_cat-biologische-essbare-blumensamen","8":"product_cat-empfehlen-sie-samen","9":"product_tag-demeter-de","11":"first","12":"instock","13":"taxable","14":"shipping-taxable","15":"purchasable","16":"product-type-simple"},"acf":[],"_links":{"self":[{"href":"https:\/\/cultivers.es\/de\/wp-json\/wp\/v2\/product\/19349","targetHints":{"allow":["GET"]}}],"collection":[{"href":"https:\/\/cultivers.es\/de\/wp-json\/wp\/v2\/product"}],"about":[{"href":"https:\/\/cultivers.es\/de\/wp-json\/wp\/v2\/types\/product"}],"replies":[{"embeddable":true,"href":"https:\/\/cultivers.es\/de\/wp-json\/wp\/v2\/comments?post=19349"}],"wp:featuredmedia":[{"embeddable":true,"href":"https:\/\/cultivers.es\/de\/wp-json\/wp\/v2\/media\/16240"}],"wp:attachment":[{"href":"https:\/\/cultivers.es\/de\/wp-json\/wp\/v2\/media?parent=19349"}],"wp:term":[{"taxonomy":"product_brand","embeddable":true,"href":"https:\/\/cultivers.es\/de\/wp-json\/wp\/v2\/product_brand?post=19349"},{"taxonomy":"product_cat","embeddable":true,"href":"https:\/\/cultivers.es\/de\/wp-json\/wp\/v2\/product_cat?post=19349"},{"taxonomy":"product_tag","embeddable":true,"href":"https:\/\/cultivers.es\/de\/wp-json\/wp\/v2\/product_tag?post=19349"}],"curies":[{"name":"wp","href":"https:\/\/api.w.org\/{rel}","templated":true}]}}