{"id":19429,"date":"2022-10-07T11:37:52","date_gmt":"2022-10-07T11:37:52","guid":{"rendered":"https:\/\/cultivers.es\/abonos\/bio-hibiskus-samen\/"},"modified":"2025-09-22T05:15:57","modified_gmt":"2025-09-22T05:15:57","slug":"bio-hibiskus-samen","status":"publish","type":"product","link":"https:\/\/cultivers.es\/de\/d\u00fcngemittel\/bio-hibiskus-samen\/","title":{"rendered":"Hibiskus-Samen"},"content":{"rendered":"","protected":false},"excerpt":{"rendered":"<p><strong>Hibiskus<\/strong><em>(Hibiscus sabdariffa<\/em>), auch bekannt als <strong>Hibiskusrose<\/strong> oder <strong>Hibiskustee<\/strong>, ist eine Zier- und Nutzpflanze, die f\u00fcr ihre gro\u00dfen <strong>Bl\u00fcten in leuchtenden Farben<\/strong> und f\u00fcr ihre kulinarischen und medizinischen Eigenschaften gesch\u00e4tzt wird. Ihre Bl\u00fcten und Bl\u00fctenkelche eignen sich hervorragend f\u00fcr die Zubereitung von <strong>erfrischenden Aufg\u00fcssen<\/strong>, Marmeladen und nat\u00fcrlichen Getr\u00e4nken, w\u00e4hrend ihre Anwesenheit in <strong>Obstg\u00e4rten und G\u00e4rten<\/strong> f\u00fcr einen exotischen und farbenfrohen Touch sorgt. Sie ist auch eine Pflanze, die Best\u00e4uber anzieht und so zur St\u00e4rkung des lokalen \u00d6kosystems beitr\u00e4gt.  <\/p>\n<p><strong>Gro\u00dfe, exotische Bl\u00fcten:<\/strong> Ihre auff\u00e4lligen roten, rosafarbenen oder wei\u00dfen Bl\u00fcten bringen einen tropischen und eleganten Touch in den <strong>Garten und den Obstgarten<\/strong>.<\/p>\n<p><strong>Kulinarische Verwendung:<\/strong> Hibiskuskelche eignen sich hervorragend f\u00fcr die Zubereitung von <strong>Kr\u00e4utertees<\/strong>, kalten Getr\u00e4nken, Marmeladen und Desserts und sorgen f\u00fcr einen erfrischenden Geschmack mit einer fruchtigen, s\u00e4uerlichen Note.<\/p>\n<p><strong>Medizinische Eigenschaften:<\/strong> Hibiskus ist bekannt f\u00fcr seine antioxidative, harntreibende und verdauungsf\u00f6rdernde Wirkung und hilft, <strong>den K\u00f6rper zu erfrischen und zu revitalisieren<\/strong>.<\/p>\n<p><strong>Attraktiv f\u00fcr Best\u00e4uber:<\/strong> Die nektarreichen Bl\u00fcten ziehen Bienen, Schmetterlinge und andere n\u00fctzliche Insekten an und f\u00f6rdern so die Artenvielfalt in <strong>Obstgarten und Garten<\/strong>.<\/p>\n<p><strong>Einfacher Anbau:<\/strong> Robuste, schnell wachsende Pflanze, ideal f\u00fcr warme, sonnige Klimazonen, die sich gut an n\u00e4hrstoffreiche, gut durchl\u00e4ssige B\u00f6den anpasst.<\/p>\n<p><strong>Biologischer Anbau:<\/strong> Unser Saatgut ist <strong>zu 100% biologisch<\/strong>, frei von Pestiziden und chemischen D\u00fcngemitteln und garantiert einen nachhaltigen und umweltfreundlichen <strong>Garten.<\/strong> <\/p>\n<p>Erg\u00e4nzen Sie Ihren <strong>Garten und Gem\u00fcsegarten<\/strong> mit <strong>Bio-Hibiskus<\/strong>, um seine dekorative Sch\u00f6nheit, seine nat\u00fcrlichen Eigenschaften und seine kulinarische Vielseitigkeit zu genie\u00dfen. Eine einzigartige Pflanze, die Eleganz, Geschmack und Wohlbefinden vereint. Bestellen Sie noch heute!  <\/p>\n","protected":false},"featured_media":15995,"comment_status":"open","ping_status":"closed","template":"","meta":{"_acf_changed":false},"product_brand":[],"product_cat":[419,467],"product_tag":[1580],"woo-feed-brand":[],"class_list":{"0":"post-19429","1":"product","2":"type-product","3":"status-publish","4":"has-post-thumbnail","6":"product_cat-bio-saatgut","7":"product_cat-biologische-essbare-blumensamen","8":"product_tag-oko","10":"first","11":"instock","12":"sale","13":"taxable","14":"shipping-taxable","15":"purchasable","16":"product-type-simple"},"acf":[],"_links":{"self":[{"href":"https:\/\/cultivers.es\/de\/wp-json\/wp\/v2\/product\/19429","targetHints":{"allow":["GET"]}}],"collection":[{"href":"https:\/\/cultivers.es\/de\/wp-json\/wp\/v2\/product"}],"about":[{"href":"https:\/\/cultivers.es\/de\/wp-json\/wp\/v2\/types\/product"}],"replies":[{"embeddable":true,"href":"https:\/\/cultivers.es\/de\/wp-json\/wp\/v2\/comments?post=19429"}],"wp:featuredmedia":[{"embeddable":true,"href":"https:\/\/cultivers.es\/de\/wp-json\/wp\/v2\/media\/15995"}],"wp:attachment":[{"href":"https:\/\/cultivers.es\/de\/wp-json\/wp\/v2\/media?parent=19429"}],"wp:term":[{"taxonomy":"product_brand","embeddable":true,"href":"https:\/\/cultivers.es\/de\/wp-json\/wp\/v2\/product_brand?post=19429"},{"taxonomy":"product_cat","embeddable":true,"href":"https:\/\/cultivers.es\/de\/wp-json\/wp\/v2\/product_cat?post=19429"},{"taxonomy":"product_tag","embeddable":true,"href":"https:\/\/cultivers.es\/de\/wp-json\/wp\/v2\/product_tag?post=19429"},{"taxonomy":"woo-feed-brand","embeddable":true,"href":"https:\/\/cultivers.es\/de\/wp-json\/wp\/v2\/woo-feed-brand?post=19429"}],"curies":[{"name":"wp","href":"https:\/\/api.w.org\/{rel}","templated":true}]}}