{"id":19430,"date":"2022-10-07T11:39:51","date_gmt":"2022-10-07T11:39:51","guid":{"rendered":"https:\/\/cultivers.es\/abonos\/queen-daisy-double-petal-mix-bio-saatgut\/"},"modified":"2025-09-22T05:16:36","modified_gmt":"2025-09-22T05:16:36","slug":"queen-margarita-petalo-double-ecological-seeds","status":"publish","type":"product","link":"https:\/\/cultivers.es\/de\/d\u00fcngemittel\/queen-margarita-petalo-double-ecological-seeds\/","title":{"rendered":"Queen Daisy Samen Double Petal Blend"},"content":{"rendered":"","protected":false},"excerpt":{"rendered":"<p><strong>Double Petal Queen Daisy<\/strong><em>(Callistephus chinensis<\/em>) ist eine einj\u00e4hrige Pflanze, die mit <strong>gro\u00dfen, \u00fcppigen Bl\u00fcten<\/strong> mit dichten, gewellten Bl\u00fctenbl\u00e4ttern in einer Mischung aus <strong>leuchtenden Farben<\/strong> wie Wei\u00df, Rosa, Rot, Violett und Blau besticht. Diese Sorte eignet sich perfekt, um dem <strong>Gem\u00fcse- und Obstgarten<\/strong> eine elegante und raffinierte Note zu verleihen. Sie ist ideal f\u00fcr Rabatten, Blumenbeete oder als Schnittblume f\u00fcr frische, dekorative Str\u00e4u\u00dfe. Au\u00dferdem beg\u00fcnstigt ihre nat\u00fcrliche Anziehungskraft die Ankunft von Best\u00e4ubern und schafft so eine Umgebung voller Leben und Artenvielfalt.  <\/p>\n<p><strong>Gro\u00dfe und spektakul\u00e4re Bl\u00fcten:<\/strong> Ihre doppelten, gekr\u00e4uselten Bl\u00fctenbl\u00e4tter in einer Mischung aus leuchtenden Farben bringen Volumen und Sch\u00f6nheit in jeden <strong>Garten und jeden Gem\u00fcsegartenraum<\/strong>.<\/p>\n<p><strong>Lange Bl\u00fctezeit:<\/strong> Sie bl\u00fcht vom Sommer bis zum fr\u00fchen Herbst und sorgt so f\u00fcr eine lang anhaltende Farbenpracht und Frische in Ihrer Umgebung.<\/p>\n<p><strong>Ideal f\u00fcr Schnittblumen:<\/strong> Die robusten und eleganten Bl\u00fcten eignen sich perfekt f\u00fcr frische Str\u00e4u\u00dfe, Dekorationen und Gestecke und behalten ihre Sch\u00f6nheit l\u00e4nger bei.<\/p>\n<p><strong>Attraktiv f\u00fcr Best\u00e4uber:<\/strong> Die auff\u00e4lligen Bl\u00fcten ziehen Bienen, Schmetterlinge und andere n\u00fctzliche Insekten an und f\u00f6rdern so die Artenvielfalt in <strong>Obstgarten und Garten<\/strong>.<\/p>\n<p><strong>Einfacher Anbau:<\/strong> Schnell wachsende, pflegeleichte Pflanze, die sich gut an n\u00e4hrstoffreiche, sonnige B\u00f6den anpasst und sowohl f\u00fcr Anf\u00e4nger als auch f\u00fcr erfahrene G\u00e4rtner geeignet ist.<\/p>\n<p><strong>Biologischer Anbau:<\/strong> Unser Saatgut ist <strong>100% biologisch<\/strong>, frei von Pestiziden und chemischen D\u00fcngemitteln und garantiert einen nachhaltigen und umweltfreundlichen <strong>Garten.<\/strong> <\/p>\n<p>Genie\u00dfen Sie die Farbe, Eleganz und Sch\u00f6nheit der <strong>Double Petal Queen Daisy Organic Blend<\/strong> und verwandeln Sie Ihren <strong>Garten und Obstgarten<\/strong> in einen Raum voller Leben und nat\u00fcrlicher Raffinesse. Bestellen Sie noch heute und beginnen Sie mit dem Anbau dieser atemberaubenden Sorte! <\/p>\n","protected":false},"featured_media":16060,"comment_status":"open","ping_status":"closed","template":"","meta":{"_acf_changed":false},"product_brand":[],"product_cat":[467,419],"product_tag":[1580],"class_list":{"0":"post-19430","1":"product","2":"type-product","3":"status-publish","4":"has-post-thumbnail","6":"product_cat-biologische-essbare-blumensamen","7":"product_cat-bio-saatgut","8":"product_tag-oko","10":"first","11":"instock","12":"taxable","13":"shipping-taxable","14":"purchasable","15":"product-type-simple"},"acf":[],"_links":{"self":[{"href":"https:\/\/cultivers.es\/de\/wp-json\/wp\/v2\/product\/19430","targetHints":{"allow":["GET"]}}],"collection":[{"href":"https:\/\/cultivers.es\/de\/wp-json\/wp\/v2\/product"}],"about":[{"href":"https:\/\/cultivers.es\/de\/wp-json\/wp\/v2\/types\/product"}],"replies":[{"embeddable":true,"href":"https:\/\/cultivers.es\/de\/wp-json\/wp\/v2\/comments?post=19430"}],"wp:featuredmedia":[{"embeddable":true,"href":"https:\/\/cultivers.es\/de\/wp-json\/wp\/v2\/media\/16060"}],"wp:attachment":[{"href":"https:\/\/cultivers.es\/de\/wp-json\/wp\/v2\/media?parent=19430"}],"wp:term":[{"taxonomy":"product_brand","embeddable":true,"href":"https:\/\/cultivers.es\/de\/wp-json\/wp\/v2\/product_brand?post=19430"},{"taxonomy":"product_cat","embeddable":true,"href":"https:\/\/cultivers.es\/de\/wp-json\/wp\/v2\/product_cat?post=19430"},{"taxonomy":"product_tag","embeddable":true,"href":"https:\/\/cultivers.es\/de\/wp-json\/wp\/v2\/product_tag?post=19430"}],"curies":[{"name":"wp","href":"https:\/\/api.w.org\/{rel}","templated":true}]}}