{"id":19432,"date":"2022-10-07T11:38:51","date_gmt":"2022-10-07T11:38:51","guid":{"rendered":"https:\/\/cultivers.es\/abonos\/bio-stiefmuetterchen-samen\/"},"modified":"2025-09-22T05:16:15","modified_gmt":"2025-09-22T05:16:15","slug":"gedanken-okologische-samen","status":"publish","type":"product","link":"https:\/\/cultivers.es\/de\/d\u00fcngemittel\/gedanken-okologische-samen\/","title":{"rendered":"Saatgut des Denkens"},"content":{"rendered":"","protected":false},"excerpt":{"rendered":"<p>Das <strong>Stiefm\u00fctterchen<\/strong><em>(Viola tricolor<\/em>) ist eine Zierpflanze, die f\u00fcr ihre <strong>farbenfrohen<\/strong> und zarten <strong>Bl\u00fcten<\/strong> gesch\u00e4tzt wird, die Schattierungen von <strong>Gelb, Violett, Wei\u00df und Blau<\/strong> zu einem einzigartigen visuellen Spektakel vereinen. Das Stiefm\u00fctterchen ist ideal, um Farbe und Eleganz in den <strong>Gem\u00fcse- und Obstgarten<\/strong> zu bringen. Es bl\u00fcht in den k\u00fchleren Jahreszeiten und eignet sich daher perfekt f\u00fcr Rabatten, T\u00f6pfe, Pflanzgef\u00e4\u00dfe oder Blumenbeete. Au\u00dferdem sind seine essbaren Bl\u00fcten eine dekorative Note f\u00fcr Gerichte und Desserts und verbinden Sch\u00f6nheit und Funktionalit\u00e4t.  <\/p>\n<p><strong>Vielfarbige und elegante Blumen:<\/strong> Ihre Bl\u00fctenbl\u00e4tter kombinieren eine Palette leuchtender und harmonischer Farben, die jede Ecke des <strong>Gartens und des Obstgartens<\/strong> in einen fr\u00f6hlichen und lebendigen Raum verwandeln.<\/p>\n<p><strong>Cool Climate Flowering:<\/strong> Bl\u00fcht im Herbst, Winter und Fr\u00fchling und bringt Leben und Farbe in die k\u00fchleren Jahreszeiten.<\/p>\n<p><strong>Essbare Blumen:<\/strong> Stiefm\u00fctterchenbl\u00fcten sind zum Verzehr geeignet und werden als Dekoration in Salaten, Kuchen, Desserts und Gourmetgerichten verwendet, die eine zarte und raffinierte Note erhalten.<\/p>\n<p><strong>Attraktiv f\u00fcr Best\u00e4uber:<\/strong> Die Bl\u00fcten ziehen Bienen und andere n\u00fctzliche Insekten an und f\u00f6rdern so die Artenvielfalt und die Gesundheit der nat\u00fcrlichen Umwelt.<\/p>\n<p><strong>Widerstandsf\u00e4hig und einfach anzubauen:<\/strong> Diese widerstandsf\u00e4hige Pflanze gedeiht in gem\u00e4\u00dfigtem Klima und gut durchl\u00e4ssigen B\u00f6den und ist sowohl f\u00fcr Anf\u00e4nger als auch f\u00fcr erfahrene G\u00e4rtner geeignet.<\/p>\n<p><strong>Biologischer Anbau:<\/strong> Unser Saatgut ist <strong>100% biologisch<\/strong>, frei von Pestiziden und chemischen D\u00fcngemitteln und f\u00f6rdert einen nachhaltigen und umweltfreundlichen <strong>Garten.<\/strong> <\/p>\n<p>F\u00fcllen Sie Ihren <strong>Garten und Obstgarten<\/strong> mit Farbe und Leben mit <strong>Bio-Stiefm\u00fctterchen<\/strong> und erfreuen Sie sich an ihren vielen dekorativen und kulinarischen Verwendungsm\u00f6glichkeiten. Bestellen Sie noch heute und bringen Sie einen lebendigen und nat\u00fcrlichen Touch in Ihr Gr\u00fcn! <\/p>\n","protected":false},"featured_media":15990,"comment_status":"open","ping_status":"closed","template":"","meta":{"_acf_changed":false},"product_brand":[],"product_cat":[467,419],"product_tag":[1580],"class_list":{"0":"post-19432","1":"product","2":"type-product","3":"status-publish","4":"has-post-thumbnail","6":"product_cat-biologische-essbare-blumensamen","7":"product_cat-bio-saatgut","8":"product_tag-oko","10":"first","11":"instock","12":"taxable","13":"shipping-taxable","14":"purchasable","15":"product-type-simple"},"acf":[],"_links":{"self":[{"href":"https:\/\/cultivers.es\/de\/wp-json\/wp\/v2\/product\/19432","targetHints":{"allow":["GET"]}}],"collection":[{"href":"https:\/\/cultivers.es\/de\/wp-json\/wp\/v2\/product"}],"about":[{"href":"https:\/\/cultivers.es\/de\/wp-json\/wp\/v2\/types\/product"}],"replies":[{"embeddable":true,"href":"https:\/\/cultivers.es\/de\/wp-json\/wp\/v2\/comments?post=19432"}],"wp:featuredmedia":[{"embeddable":true,"href":"https:\/\/cultivers.es\/de\/wp-json\/wp\/v2\/media\/15990"}],"wp:attachment":[{"href":"https:\/\/cultivers.es\/de\/wp-json\/wp\/v2\/media?parent=19432"}],"wp:term":[{"taxonomy":"product_brand","embeddable":true,"href":"https:\/\/cultivers.es\/de\/wp-json\/wp\/v2\/product_brand?post=19432"},{"taxonomy":"product_cat","embeddable":true,"href":"https:\/\/cultivers.es\/de\/wp-json\/wp\/v2\/product_cat?post=19432"},{"taxonomy":"product_tag","embeddable":true,"href":"https:\/\/cultivers.es\/de\/wp-json\/wp\/v2\/product_tag?post=19432"}],"curies":[{"name":"wp","href":"https:\/\/api.w.org\/{rel}","templated":true}]}}