{"id":19433,"date":"2022-10-07T11:40:31","date_gmt":"2022-10-07T11:40:31","guid":{"rendered":"https:\/\/cultivers.es\/abonos\/koenigin-margerite-mix-bio-saatgut\/"},"modified":"2025-09-22T04:43:13","modified_gmt":"2025-09-22T04:43:13","slug":"saatgut-reina-margarita-okologisch","status":"publish","type":"product","link":"https:\/\/cultivers.es\/de\/d\u00fcngemittel\/saatgut-reina-margarita-okologisch\/","title":{"rendered":"K\u00f6nigin Marguerite Mix Saatgut"},"content":{"rendered":"<p>[et_pb_section fb_built=&#8220;1&#8243; _builder_version=&#8220;4.16&#8243; custom_padding=&#8220;0px||||false|false&#8220; global_colors_info=&#8220;{}&#8220;][et_pb_row _builder_version=&#8220;4.16&#8243; background_size=&#8220;initial&#8220; background_position=&#8220;top_left&#8220; background_repeat=&#8220;repeat&#8220; width=&#8220;100%&#8220; custom_padding=&#8220;0px||0px||false|false&#8220; global_colors_info=&#8220;{}&#8220;][et_pb_column type=&#8220;4_4&#8243; _builder_version=&#8220;4.16&#8243; custom_padding=&#8220;|||&#8220; global_colors_info=&#8220;{}&#8220; custom_padding__hover=&#8220;|||&#8220;][et_pb_wc_breadcrumb _builder_version=&#8220;4.16&#8243; global_colors_info=&#8220;{}&#8220;][\/et_pb_wc_breadcrumb][et_pb_wc_cart_notice _builder_version=&#8220;4.16&#8243; global_colors_info=&#8220;{}&#8220;][\/et_pb_wc_cart_notice][\/et_pb_column][\/et_pb_row][et_pb_row column_structure=&#8220;1_2,1_2&#8243; _builder_version=&#8220;4.16&#8243; background_size=&#8220;initial&#8220; background_position=&#8220;top_left&#8220; background_repeat=&#8220;repeat&#8220; width=&#8220;100%&#8220; custom_padding=&#8220;0px||||false|false&#8220; global_colors_info=&#8220;{}&#8220;][et_pb_column type=&#8220;1_2&#8243; _builder_version=&#8220;4.16&#8243; custom_padding=&#8220;|||&#8220; global_colors_info=&#8220;{}&#8220; custom_padding__hover=&#8220;|||&#8220;][et_pb_wc_images _builder_version=&#8220;4.16&#8243; global_colors_info=&#8220;{}&#8220;][\/et_pb_wc_images][\/et_pb_column][et_pb_column type=&#8220;1_2&#8243; _builder_version=&#8220;4.16&#8243; custom_padding=&#8220;|||&#8220; global_colors_info=&#8220;{}&#8220; custom_padding__hover=&#8220;|||&#8220;][et_pb_wc_title _builder_version=&#8220;4.16&#8243; global_colors_info=&#8220;{}&#8220;][\/et_pb_wc_title][et_pb_wc_rating _builder_version=&#8220;4.16&#8243; global_colors_info=&#8220;{}&#8220;][\/et_pb_wc_rating][et_pb_wc_price _builder_version=&#8220;4.16&#8243; global_colors_info=&#8220;{}&#8220;][\/et_pb_wc_price][et_pb_wc_description _builder_version=&#8220;4.16&#8243; global_colors_info=&#8220;{}&#8220;][\/et_pb_wc_description][et_pb_wc_add_to_cart _builder_version=&#8220;4.16&#8243; global_colors_info=&#8220;{}&#8220;][\/et_pb_wc_add_to_cart][et_pb_wc_meta _builder_version=&#8220;4.16&#8243; global_colors_info=&#8220;{}&#8220;][\/et_pb_wc_meta][\/et_pb_column][\/et_pb_row][et_pb_row _builder_version=&#8220;4.16&#8243; background_size=&#8220;initial&#8220; background_position=&#8220;top_left&#8220; background_repeat=&#8220;repeat&#8220; width=&#8220;100%&#8220; global_colors_info=&#8220;{}&#8220;][et_pb_column type=&#8220;4_4&#8243; _builder_version=&#8220;4.16&#8243; custom_padding=&#8220;|||&#8220; global_colors_info=&#8220;{}&#8220; custom_padding__hover=&#8220;|||&#8220;][et_pb_wc_tabs _builder_version=&#8220;4.16&#8243; global_colors_info=&#8220;{}&#8220;]\t\t\t\t\t[\/et_pb_wc_tabs][et_pb_wc_upsells _builder_version=&#8220;4.16&#8243; global_colors_info=&#8220;{}&#8220;][\/et_pb_wc_upsells][et_pb_wc_related_products _builder_version=&#8220;4.16&#8243; global_colors_info=&#8220;{}&#8220;][\/et_pb_wc_related_products][\/et_pb_column][\/et_pb_row][\/et_pb_section][et_pb_section fb_built=&#8220;1&#8243; _builder_version=&#8220;4.16&#8243; global_colors_info=&#8220;{}&#8220;][et_pb_row _builder_version=&#8220;4.16&#8243; background_size=&#8220;initial&#8220; background_position=&#8220;top_left&#8220; background_repeat=&#8220;repeat&#8220; global_colors_info=&#8220;{}&#8220;][\/et_pb_row][\/et_pb_section]<\/p>\n","protected":false},"excerpt":{"rendered":"<p><strong>Queen Daisy Mix<\/strong><em>(Callistephus chinensis<\/em>) ist eine einj\u00e4hrige Pflanze, die f\u00fcr ihre <strong>leuchtenden und zarten Bl\u00fcten<\/strong> bekannt ist, die in einer Mischung aus auff\u00e4lligen Farben wie Wei\u00df, Rosa, Rot, Violett und Blau erh\u00e4ltlich sind. Diese eleganten und vielseitigen Blumen sind ideal zur Versch\u00f6nerung von <strong>Obstg\u00e4rten und G\u00e4rten<\/strong>, sei es in Rabatten, Blumenbeeten oder als Schnittblumen f\u00fcr Str\u00e4u\u00dfe und Dekorationen. Ihre lange Bl\u00fctezeit und ihre F\u00e4higkeit, Best\u00e4uber anzulocken, machen sie zu einer unverzichtbaren Pflanze f\u00fcr jede Gr\u00fcnfl\u00e4che.  <\/p>\n<p><strong>Elegante und farbenfrohe Bl\u00fcten:<\/strong> Sie produziert gro\u00dfe Bl\u00fcten in einer Vielzahl von leuchtenden Farben, die jede Ecke des <strong>Gartens<\/strong> mit Licht und Leben erf\u00fcllen.<\/p>\n<p><strong>Lange Bl\u00fctezeit:<\/strong> Sie bl\u00fcht vom Hochsommer bis in den Herbst hinein und garantiert so ein kontinuierliches Farbenspiel und Frische.<\/p>\n<p><strong>Ideal f\u00fcr Schnittblumen:<\/strong> Perfekt f\u00fcr Str\u00e4u\u00dfe, Dekorationen und Blumenarrangements, dank seiner Widerstandsf\u00e4higkeit und seiner F\u00e4higkeit, seine Sch\u00f6nheit l\u00e4nger zu erhalten.<\/p>\n<p><strong>Attraktiv f\u00fcr Best\u00e4uber:<\/strong> Die nektarreichen Bl\u00fcten ziehen Bienen, Schmetterlinge und andere n\u00fctzliche Insekten an und f\u00f6rdern die Artenvielfalt.<\/p>\n<p><strong>Einfacher Anbau:<\/strong> Sie w\u00e4chst schnell und passt sich gut durchl\u00e4ssigen B\u00f6den und sonnigen Pl\u00e4tzen an, so dass sie f\u00fcr G\u00e4rtner aller Stufen geeignet ist.<\/p>\n<p><strong>Biologischer Anbau:<\/strong> Unser Saatgut ist <strong>100% biologisch<\/strong>, frei von Pestiziden und chemischen D\u00fcngemitteln und f\u00f6rdert einen nachhaltigen und umweltfreundlichen <strong>Garten.<\/strong> <\/p>\n<p>F\u00fcllen Sie Ihren <strong>Obstgarten und Garten<\/strong> mit Farbe und Eleganz mit dem <strong>Queen Margarita Ecological Mix<\/strong>, einer Pflanze, die Sch\u00f6nheit, Funktionalit\u00e4t und Nachhaltigkeit vereint. Bestellen Sie noch heute und verwandeln Sie Ihren Raum in eine Ecke voller Leben und Farbe! <\/p>\n","protected":false},"featured_media":16055,"comment_status":"open","ping_status":"closed","template":"","meta":{"_acf_changed":false},"product_brand":[],"product_cat":[467,419],"product_tag":[1580],"class_list":{"0":"post-19433","1":"product","2":"type-product","3":"status-publish","4":"has-post-thumbnail","6":"product_cat-biologische-essbare-blumensamen","7":"product_cat-bio-saatgut","8":"product_tag-oko","10":"first","11":"instock","12":"taxable","13":"shipping-taxable","14":"purchasable","15":"product-type-simple"},"acf":[],"_links":{"self":[{"href":"https:\/\/cultivers.es\/de\/wp-json\/wp\/v2\/product\/19433","targetHints":{"allow":["GET"]}}],"collection":[{"href":"https:\/\/cultivers.es\/de\/wp-json\/wp\/v2\/product"}],"about":[{"href":"https:\/\/cultivers.es\/de\/wp-json\/wp\/v2\/types\/product"}],"replies":[{"embeddable":true,"href":"https:\/\/cultivers.es\/de\/wp-json\/wp\/v2\/comments?post=19433"}],"wp:featuredmedia":[{"embeddable":true,"href":"https:\/\/cultivers.es\/de\/wp-json\/wp\/v2\/media\/16055"}],"wp:attachment":[{"href":"https:\/\/cultivers.es\/de\/wp-json\/wp\/v2\/media?parent=19433"}],"wp:term":[{"taxonomy":"product_brand","embeddable":true,"href":"https:\/\/cultivers.es\/de\/wp-json\/wp\/v2\/product_brand?post=19433"},{"taxonomy":"product_cat","embeddable":true,"href":"https:\/\/cultivers.es\/de\/wp-json\/wp\/v2\/product_cat?post=19433"},{"taxonomy":"product_tag","embeddable":true,"href":"https:\/\/cultivers.es\/de\/wp-json\/wp\/v2\/product_tag?post=19433"}],"curies":[{"name":"wp","href":"https:\/\/api.w.org\/{rel}","templated":true}]}}