{"id":19434,"date":"2022-10-07T11:36:36","date_gmt":"2022-10-07T11:36:36","guid":{"rendered":"https:\/\/cultivers.es\/abonos\/bio-echinacea-samen\/"},"modified":"2025-09-22T05:06:54","modified_gmt":"2025-09-22T05:06:54","slug":"saatgut-echinacea-okologisch","status":"publish","type":"product","link":"https:\/\/cultivers.es\/de\/d\u00fcngemittel\/saatgut-echinacea-okologisch\/","title":{"rendered":"Echinacea-Samen"},"content":{"rendered":"","protected":false},"excerpt":{"rendered":"<p><strong>Echinacea<\/strong><em>(Echinacea purpurea<\/em>) ist eine mehrj\u00e4hrige Pflanze, die sowohl f\u00fcr ihre <strong>ornamentale Sch\u00f6nheit<\/strong> als auch f\u00fcr ihre bekannten medizinischen Eigenschaften bekannt ist. Ihre <strong>gro\u00dfen, auff\u00e4lligen<\/strong>, <strong>purpurrosa<\/strong> <strong>Bl\u00fcten<\/strong> mit einer kegelf\u00f6rmigen, orangefarbenen Mitte sind ein echter Magnet f\u00fcr Best\u00e4uber wie Bienen und Schmetterlinge, was sie zu einer idealen Wahl f\u00fcr die Versch\u00f6nerung von <strong>Obstgarten und Garten<\/strong> macht. Sie wird auch in der Phytotherapie sehr gesch\u00e4tzt, da sie traditionell zur <strong>St\u00e4rkung des Immunsystems<\/strong> und zur Linderung von Atembeschwerden verwendet wird.  <\/p>\n<p><strong>Auff\u00e4llige und auff\u00e4llige Bl\u00fcten:<\/strong> Ihre violetten Bl\u00fctenbl\u00e4tter in Kombination mit der orangefarbenen, kegelf\u00f6rmigen Mitte verleihen dem <strong>Gem\u00fcse- und Obstgarten<\/strong> eine lebendige und nat\u00fcrliche Note.<\/p>\n<p><strong>Attraktiv f\u00fcr Best\u00e4uber:<\/strong> Die nektarreichen Bl\u00fcten ziehen Bienen, Schmetterlinge und andere n\u00fctzliche Insekten an und f\u00f6rdern so die Artenvielfalt in Ihrer Gr\u00fcnanlage.<\/p>\n<p><strong>Medizinische Eigenschaften:<\/strong> Traditionell in Kr\u00e4utertees und nat\u00fcrlichen Zubereitungen verwendet, ist Echinacea daf\u00fcr bekannt, <strong>das Immunsystem zu st\u00e4rken<\/strong> und Erk\u00e4ltungen und Grippe zu bek\u00e4mpfen.<\/p>\n<p><strong>Lang anhaltende Bl\u00fcte:<\/strong> Sie bl\u00fcht vom Hochsommer bis zum Herbst und bietet eine nat\u00fcrliche und lang anhaltende Farbenpracht.<\/p>\n<p><strong>Widerstandsf\u00e4hig und anpassungsf\u00e4hig:<\/strong> Sie ist eine rustikale Pflanze, die sich gut an unterschiedliche B\u00f6den und Klimazonen anpasst, trockenheitsresistent und pflegeleicht ist.<\/p>\n<p><strong>Biologischer Anbau:<\/strong> Unser Saatgut ist <strong>100% biologisch<\/strong>, frei von Pestiziden und chemischen D\u00fcngemitteln und f\u00f6rdert einen nachhaltigen und umweltfreundlichen <strong>Garten.<\/strong> <\/p>\n<p>Versch\u00f6nern Sie Ihren <strong>Garten und Obstgarten<\/strong> mit <strong>Bio-Echinacea<\/strong>, einer eleganten und n\u00fctzlichen Pflanze, die Zierwert und nat\u00fcrliche Gesundheitseigenschaften vereint. S\u00e4en Sie Sch\u00f6nheit und Wohlbefinden mit dieser essentiellen Sorte! <\/p>\n","protected":false},"featured_media":15970,"comment_status":"open","ping_status":"closed","template":"","meta":{"_acf_changed":false},"product_brand":[],"product_cat":[419,467],"product_tag":[1580],"woo-feed-brand":[],"class_list":{"0":"post-19434","1":"product","2":"type-product","3":"status-publish","4":"has-post-thumbnail","6":"product_cat-bio-saatgut","7":"product_cat-biologische-essbare-blumensamen","8":"product_tag-oko","10":"first","11":"instock","12":"taxable","13":"shipping-taxable","14":"purchasable","15":"product-type-simple"},"acf":[],"_links":{"self":[{"href":"https:\/\/cultivers.es\/de\/wp-json\/wp\/v2\/product\/19434","targetHints":{"allow":["GET"]}}],"collection":[{"href":"https:\/\/cultivers.es\/de\/wp-json\/wp\/v2\/product"}],"about":[{"href":"https:\/\/cultivers.es\/de\/wp-json\/wp\/v2\/types\/product"}],"replies":[{"embeddable":true,"href":"https:\/\/cultivers.es\/de\/wp-json\/wp\/v2\/comments?post=19434"}],"wp:featuredmedia":[{"embeddable":true,"href":"https:\/\/cultivers.es\/de\/wp-json\/wp\/v2\/media\/15970"}],"wp:attachment":[{"href":"https:\/\/cultivers.es\/de\/wp-json\/wp\/v2\/media?parent=19434"}],"wp:term":[{"taxonomy":"product_brand","embeddable":true,"href":"https:\/\/cultivers.es\/de\/wp-json\/wp\/v2\/product_brand?post=19434"},{"taxonomy":"product_cat","embeddable":true,"href":"https:\/\/cultivers.es\/de\/wp-json\/wp\/v2\/product_cat?post=19434"},{"taxonomy":"product_tag","embeddable":true,"href":"https:\/\/cultivers.es\/de\/wp-json\/wp\/v2\/product_tag?post=19434"},{"taxonomy":"woo-feed-brand","embeddable":true,"href":"https:\/\/cultivers.es\/de\/wp-json\/wp\/v2\/woo-feed-brand?post=19434"}],"curies":[{"name":"wp","href":"https:\/\/api.w.org\/{rel}","templated":true}]}}