{"id":19435,"date":"2022-10-07T11:38:21","date_gmt":"2022-10-07T11:38:21","guid":{"rendered":"https:\/\/cultivers.es\/abonos\/bio-gaensebluemchen-samen\/"},"modified":"2025-09-22T05:16:35","modified_gmt":"2025-09-22T05:16:35","slug":"bio-margarita-saatgut","status":"publish","type":"product","link":"https:\/\/cultivers.es\/de\/d\u00fcngemittel\/bio-margarita-saatgut\/","title":{"rendered":"G\u00e4nsebl\u00fcmchen-Samen"},"content":{"rendered":"","protected":false},"excerpt":{"rendered":"<p>Das <strong>G\u00e4nsebl\u00fcmchen<\/strong><em>(Leucanthemum vulgare<\/em>) ist eine mehrj\u00e4hrige Pflanze, die sich durch ihre zarte Sch\u00f6nheit und ihre klassischen Bl\u00fcten mit <strong>wei\u00dfen Bl\u00fctenbl\u00e4ttern<\/strong> und leuchtend gelber Mitte auszeichnet. Diese Wildblume ist ideal f\u00fcr die Versch\u00f6nerung von <strong>Obstg\u00e4rten und G\u00e4rten<\/strong>, um R\u00e4ume voller Licht und Natur zu schaffen. Neben seinem Zierwert wird das G\u00e4nsebl\u00fcmchen auch daf\u00fcr gesch\u00e4tzt, dass es <strong>Best\u00e4uber<\/strong> wie Bienen und Schmetterlinge anlockt und so zur Artenvielfalt und zum \u00f6kologischen Gleichgewicht beitr\u00e4gt.  <\/p>\n<p><strong>Klassische und elegante Blumen:<\/strong> Mit ihren wei\u00dfen Bl\u00fctenbl\u00e4ttern und der gelben Mitte verspr\u00fchen sie einen nat\u00fcrlichen und wilden Charme, der jede Ecke des <strong>Obstgartens und des Gartens<\/strong> erhellt.<\/p>\n<p><strong>Attraktiv f\u00fcr Best\u00e4uber:<\/strong> G\u00e4nsebl\u00fcmchen sind eine Nektarquelle, die Bienen, Schmetterlinge und andere n\u00fctzliche Insekten anlockt und so die Best\u00e4ubung f\u00f6rdert.<\/p>\n<p><strong>Lang anhaltende Bl\u00fcte:<\/strong> Sie bl\u00fcht vom Fr\u00fchjahr bis zum Sp\u00e4tsommer und bietet ein nat\u00fcrliches und lang anhaltendes Farbenspiel.<\/p>\n<p><strong>Winterhart und pflegeleicht:<\/strong> Die Pflanze w\u00e4chst in gut durchl\u00e4ssigen, sonnigen B\u00f6den und ist eine rustikale, pflegeleichte Pflanze, die sich f\u00fcr G\u00e4rtner aller Stufen eignet.<\/p>\n<p><strong>Ideal f\u00fcr Wiesen und Blumenrabatten:<\/strong> Es ist ideal, um nat\u00fcrliche Wiesen, Blumenrabatten oder Blumenbeete anzulegen, die einen wilden und entspannenden Touch haben.<\/p>\n<p><strong>Biologischer Anbau:<\/strong> Unser Saatgut ist <strong>100% biologisch<\/strong>, frei von Pestiziden und chemischen D\u00fcngemitteln und garantiert einen nachhaltigen und umweltfreundlichen <strong>Garten.<\/strong> <\/p>\n<p>Genie\u00dfen Sie die schlichte und nat\u00fcrliche Sch\u00f6nheit von <strong>Bio-G\u00e4nsebl\u00fcmchen<\/strong>, einer Pflanze, die Ihren <strong>Garten und Obstgarten<\/strong> versch\u00f6nert und gleichzeitig die Artenvielfalt und Best\u00e4ubung f\u00f6rdert. Bestellen Sie noch heute und pflanzen Sie eine Ecke voller Leben und Charme! <\/p>\n","protected":false},"featured_media":16065,"comment_status":"open","ping_status":"closed","template":"","meta":{"_acf_changed":false},"product_brand":[],"product_cat":[467,419],"product_tag":[],"woo-feed-brand":[],"class_list":{"0":"post-19435","1":"product","2":"type-product","3":"status-publish","4":"has-post-thumbnail","6":"product_cat-biologische-essbare-blumensamen","7":"product_cat-bio-saatgut","9":"first","10":"outofstock","11":"sale","12":"taxable","13":"shipping-taxable","14":"purchasable","15":"product-type-simple"},"acf":[],"_links":{"self":[{"href":"https:\/\/cultivers.es\/de\/wp-json\/wp\/v2\/product\/19435","targetHints":{"allow":["GET"]}}],"collection":[{"href":"https:\/\/cultivers.es\/de\/wp-json\/wp\/v2\/product"}],"about":[{"href":"https:\/\/cultivers.es\/de\/wp-json\/wp\/v2\/types\/product"}],"replies":[{"embeddable":true,"href":"https:\/\/cultivers.es\/de\/wp-json\/wp\/v2\/comments?post=19435"}],"wp:featuredmedia":[{"embeddable":true,"href":"https:\/\/cultivers.es\/de\/wp-json\/wp\/v2\/media\/16065"}],"wp:attachment":[{"href":"https:\/\/cultivers.es\/de\/wp-json\/wp\/v2\/media?parent=19435"}],"wp:term":[{"taxonomy":"product_brand","embeddable":true,"href":"https:\/\/cultivers.es\/de\/wp-json\/wp\/v2\/product_brand?post=19435"},{"taxonomy":"product_cat","embeddable":true,"href":"https:\/\/cultivers.es\/de\/wp-json\/wp\/v2\/product_cat?post=19435"},{"taxonomy":"product_tag","embeddable":true,"href":"https:\/\/cultivers.es\/de\/wp-json\/wp\/v2\/product_tag?post=19435"},{"taxonomy":"woo-feed-brand","embeddable":true,"href":"https:\/\/cultivers.es\/de\/wp-json\/wp\/v2\/woo-feed-brand?post=19435"}],"curies":[{"name":"wp","href":"https:\/\/api.w.org\/{rel}","templated":true}]}}