{"id":19438,"date":"2022-10-07T11:36:14","date_gmt":"2022-10-07T11:36:14","guid":{"rendered":"https:\/\/cultivers.es\/abonos\/bio-samtkoenigin-sonnenblumenkerne\/"},"modified":"2026-02-17T18:40:17","modified_gmt":"2026-02-17T18:40:17","slug":"saatgut-girasol-velvet-queen-okologisch","status":"publish","type":"product","link":"https:\/\/cultivers.es\/de\/d\u00fcngemittel\/saatgut-girasol-velvet-queen-okologisch\/","title":{"rendered":"Velvet Queen Sonnenblumenkerne"},"content":{"rendered":"","protected":false},"excerpt":{"rendered":"<p>Die <strong>Velvet Queen Sunflower<\/strong><em>(Helianthus annuus<\/em>) ist eine einzigartige und dekorative Sorte, die f\u00fcr ihre <strong>dunkelroten oder mahagonifarbenen Bl\u00fcten<\/strong> mit orangefarbenen Schattierungen und einer tiefbraunen Mitte bekannt ist. Ihr eleganter Wuchs und ihre moderate H\u00f6he (zwischen 1,5 und 2 Metern) machen sie zu einer idealen Wahl f\u00fcr die Versch\u00f6nerung von <strong>Obstg\u00e4rten und G\u00e4rten<\/strong>, da sie einen spektakul\u00e4ren Kontrast zu anderen Pflanzen bildet. Dar\u00fcber hinaus zieht diese Sorte Best\u00e4uber wie Bienen und Schmetterlinge an und f\u00f6rdert so die Artenvielfalt in Ihrer Gr\u00fcnanlage.  <\/p>\n<p><strong>Exotische und elegante Blumen:<\/strong> Ihre Bl\u00fctenbl\u00e4tter in dunklen Rot- und Mahagonit\u00f6nen bieten einen unverwechselbaren und raffinierten Touch, ideal, um Farbe und Leben in den <strong>Obstgarten und Garten<\/strong> zu bringen.<\/p>\n<p><strong>Attraktiv f\u00fcr Best\u00e4uber:<\/strong> Diese nektarreiche Pflanze zieht Bienen, Schmetterlinge und andere n\u00fctzliche Insekten an und f\u00f6rdert das nat\u00fcrliche Gleichgewicht und die Gesundheit des \u00d6kosystems.<\/p>\n<p><strong>Lang anhaltende Bl\u00fcte:<\/strong> Sie bl\u00fcht vom Hochsommer bis in den Herbst hinein und bietet die ganze Saison \u00fcber ein farbenfrohes Schauspiel.<\/p>\n<p><strong>M\u00e4\u00dfige H\u00f6he:<\/strong> Mit einer Wuchsh\u00f6he von bis zu 2 Metern ist sie perfekt f\u00fcr Rabatten, Blumenbeete oder als dekoratives Element in sonnigen Bereichen.<\/p>\n<p><strong>Winterhart und pflegeleicht:<\/strong> Sie w\u00e4chst schnell und passt sich gut durchl\u00e4ssigen B\u00f6den und sonnigen Klimazonen an. Sie ben\u00f6tigt wenig Pflege und ist ideal f\u00fcr Anf\u00e4nger.<\/p>\n<p><strong>Biologischer Anbau:<\/strong> Unser Saatgut ist <strong>zu 100% biologisch<\/strong>, frei von Pestiziden und chemischen D\u00fcngemitteln und garantiert einen nachhaltigen und umweltfreundlichen <strong>Garten.<\/strong> <\/p>\n<p>Bringen Sie einen raffinierten und farbenfrohen Touch mit der <strong>Organic Velvet Queen Sunflower<\/strong> und erfreuen Sie sich an einer atemberaubenden Bl\u00fcte, die Leben und Sch\u00f6nheit in Ihren <strong>Garten und Obstgarten<\/strong> bringen wird. Bestellen Sie noch heute und verwandeln Sie Ihre Gr\u00fcnfl\u00e4che mit dieser einzigartigen Sorte! <\/p>\n","protected":false},"featured_media":15985,"comment_status":"open","ping_status":"closed","template":"","meta":{"_acf_changed":false},"product_brand":[],"product_cat":[419,467],"product_tag":[1580],"class_list":{"0":"post-19438","1":"product","2":"type-product","3":"status-publish","4":"has-post-thumbnail","6":"product_cat-bio-saatgut","7":"product_cat-biologische-essbare-blumensamen","8":"product_tag-oko","10":"first","11":"instock","12":"taxable","13":"shipping-taxable","14":"purchasable","15":"product-type-simple"},"acf":[],"_links":{"self":[{"href":"https:\/\/cultivers.es\/de\/wp-json\/wp\/v2\/product\/19438","targetHints":{"allow":["GET"]}}],"collection":[{"href":"https:\/\/cultivers.es\/de\/wp-json\/wp\/v2\/product"}],"about":[{"href":"https:\/\/cultivers.es\/de\/wp-json\/wp\/v2\/types\/product"}],"replies":[{"embeddable":true,"href":"https:\/\/cultivers.es\/de\/wp-json\/wp\/v2\/comments?post=19438"}],"wp:featuredmedia":[{"embeddable":true,"href":"https:\/\/cultivers.es\/de\/wp-json\/wp\/v2\/media\/15985"}],"wp:attachment":[{"href":"https:\/\/cultivers.es\/de\/wp-json\/wp\/v2\/media?parent=19438"}],"wp:term":[{"taxonomy":"product_brand","embeddable":true,"href":"https:\/\/cultivers.es\/de\/wp-json\/wp\/v2\/product_brand?post=19438"},{"taxonomy":"product_cat","embeddable":true,"href":"https:\/\/cultivers.es\/de\/wp-json\/wp\/v2\/product_cat?post=19438"},{"taxonomy":"product_tag","embeddable":true,"href":"https:\/\/cultivers.es\/de\/wp-json\/wp\/v2\/product_tag?post=19438"}],"curies":[{"name":"wp","href":"https:\/\/api.w.org\/{rel}","templated":true}]}}