{"id":19480,"date":"2022-10-07T11:34:34","date_gmt":"2022-10-07T11:34:34","guid":{"rendered":"https:\/\/cultivers.es\/abonos\/facelia-bio-saatgut\/"},"modified":"2026-04-07T09:08:57","modified_gmt":"2026-04-07T09:08:57","slug":"bio-facelia-samen","status":"publish","type":"product","link":"https:\/\/cultivers.es\/de\/d\u00fcngemittel\/bio-facelia-samen\/","title":{"rendered":"Fac\u00e9lia-Samen"},"content":{"rendered":"","protected":false},"excerpt":{"rendered":"<p><strong>Phacelia<\/strong><em>tanacetifolia (Phacelia tanacetifolia<\/em>) ist eine einj\u00e4hrige Pflanze, die sowohl f\u00fcr ihren Zierwert als auch f\u00fcr ihren Nutzen im <strong>Garten und Obstgarten<\/strong> gesch\u00e4tzt wird. Mit ihren auff\u00e4lligen <strong>lilafarbenen oder violettblauen<\/strong> Bl\u00fcten ist die Phacelia eine ausgezeichnete <strong>Honigpflanze<\/strong>, die Bienen, Schmetterlinge und andere Best\u00e4uber anlockt. Sie wird auch als <strong>Gr\u00fcnd\u00fcngung<\/strong> verwendet und verbessert die Bodenfruchtbarkeit, indem sie organisches Material liefert und den Boden vor Erosion sch\u00fctzt.  <\/p>\n<p><strong>Auff\u00e4llige, honigproduzierende Bl\u00fcten:<\/strong> Die zarten lilafarbenen oder violetten Bl\u00fcten versch\u00f6nern jeden Raum und liefern gleichzeitig reichlich Nektar f\u00fcr Best\u00e4uber.<\/p>\n<p><strong>Verbessert die Bodenfruchtbarkeit:<\/strong> Als Gr\u00fcnd\u00fcngung verwendet, bindet Phacelia N\u00e4hrstoffe, verbessert die Bodenstruktur und hilft bei der Unkrautbek\u00e4mpfung.<\/p>\n<p><strong>Attraktiv f\u00fcr Best\u00e4uber:<\/strong> Sie ist eine beliebte Pflanze f\u00fcr Bienen und andere n\u00fctzliche Insekten und tr\u00e4gt zur Artenvielfalt und Best\u00e4ubung von Nutzpflanzen im <strong>Obstgarten und Garten<\/strong> bei.<\/p>\n<p><strong>Lang anhaltende Bl\u00fcte:<\/strong> Sie bl\u00fcht vom Fr\u00fchjahr bis zum Sp\u00e4tsommer und bietet so ein kontinuierliches Schauspiel an Farbe und nat\u00fcrlichem Leben.<\/p>\n<p><strong>Einfacher Anbau:<\/strong> Sie w\u00e4chst schnell und passt sich an verschiedene Bodenarten und Klimazonen an, was sie ideal f\u00fcr Anf\u00e4nger und erfahrene G\u00e4rtner macht.<\/p>\n<p><strong>Biologischer Anbau:<\/strong> Unser Saatgut ist <strong>100% biologisch<\/strong>, frei von Pestiziden und chemischen D\u00fcngemitteln und garantiert einen nachhaltigen und umweltfreundlichen <strong>Garten.<\/strong> <\/p>\n<p>Nutzen Sie die Vorteile von <strong>Fac\u00e9lia Ecol\u00f3gica<\/strong>, um Best\u00e4uber anzulocken, Ihren Boden zu sch\u00fctzen und Ihren <strong>Obstgarten und Garten<\/strong> mit seiner spektakul\u00e4ren Bl\u00fcte zu versch\u00f6nern. Bestellen Sie noch heute und verbessern Sie die Gesundheit Ihrer Gr\u00fcnfl\u00e4che auf nat\u00fcrliche Weise! <\/p>\n","protected":false},"featured_media":15975,"comment_status":"open","ping_status":"closed","template":"","meta":{"_acf_changed":false},"product_brand":[],"product_cat":[419,467],"product_tag":[1580],"woo-feed-brand":[],"class_list":{"0":"post-19480","1":"product","2":"type-product","3":"status-publish","4":"has-post-thumbnail","6":"product_cat-bio-saatgut","7":"product_cat-biologische-essbare-blumensamen","8":"product_tag-oko","10":"first","11":"instock","12":"taxable","13":"shipping-taxable","14":"purchasable","15":"product-type-simple"},"acf":[],"_links":{"self":[{"href":"https:\/\/cultivers.es\/de\/wp-json\/wp\/v2\/product\/19480","targetHints":{"allow":["GET"]}}],"collection":[{"href":"https:\/\/cultivers.es\/de\/wp-json\/wp\/v2\/product"}],"about":[{"href":"https:\/\/cultivers.es\/de\/wp-json\/wp\/v2\/types\/product"}],"replies":[{"embeddable":true,"href":"https:\/\/cultivers.es\/de\/wp-json\/wp\/v2\/comments?post=19480"}],"wp:featuredmedia":[{"embeddable":true,"href":"https:\/\/cultivers.es\/de\/wp-json\/wp\/v2\/media\/15975"}],"wp:attachment":[{"href":"https:\/\/cultivers.es\/de\/wp-json\/wp\/v2\/media?parent=19480"}],"wp:term":[{"taxonomy":"product_brand","embeddable":true,"href":"https:\/\/cultivers.es\/de\/wp-json\/wp\/v2\/product_brand?post=19480"},{"taxonomy":"product_cat","embeddable":true,"href":"https:\/\/cultivers.es\/de\/wp-json\/wp\/v2\/product_cat?post=19480"},{"taxonomy":"product_tag","embeddable":true,"href":"https:\/\/cultivers.es\/de\/wp-json\/wp\/v2\/product_tag?post=19480"},{"taxonomy":"woo-feed-brand","embeddable":true,"href":"https:\/\/cultivers.es\/de\/wp-json\/wp\/v2\/woo-feed-brand?post=19480"}],"curies":[{"name":"wp","href":"https:\/\/api.w.org\/{rel}","templated":true}]}}