{"id":19487,"date":"2022-10-07T08:32:22","date_gmt":"2022-10-07T08:32:22","guid":{"rendered":"https:\/\/cultivers.es\/abonos\/bio-distel-saatgut\/"},"modified":"2025-09-22T05:06:14","modified_gmt":"2025-09-22T05:06:14","slug":"carthamo-okologisches-saatgut","status":"publish","type":"product","link":"https:\/\/cultivers.es\/de\/d\u00fcngemittel\/carthamo-okologisches-saatgut\/","title":{"rendered":"Saflorsamen"},"content":{"rendered":"","protected":false},"excerpt":{"rendered":"<p><strong>F\u00e4rberdistel<\/strong><em>(Carthamus tinctorius<\/em>) ist eine einj\u00e4hrige Pflanze, die sowohl als Zierpflanze als auch als Nutzpflanze im <strong>Garten und im Obstgarten<\/strong> sehr gesch\u00e4tzt wird. Ihre leuchtend <strong>orangefarbenen<\/strong> oder <strong>gelben<\/strong> Bl\u00fcten verleihen ihr einen wilden und leuchtenden Touch, w\u00e4hrend ihre Samen sowohl kulinarisch als auch pflanzlich verwendet werden k\u00f6nnen. Au\u00dferdem ist die F\u00e4rberdistel trockenheitsresistent und zieht Best\u00e4uber an, was zur Artenvielfalt und zum nat\u00fcrlichen Gleichgewicht eines jeden Raumes beitr\u00e4gt.  <\/p>\n<p><strong>Leuchtende und dekorative Bl\u00fcten:<\/strong> Die Bl\u00fcten in Orange- und Gelbt\u00f6nen f\u00fcllen <strong>Obstg\u00e4rten und G\u00e4rten<\/strong> mit Leben und eignen sich perfekt f\u00fcr die Gestaltung von Blumenbeeten oder nat\u00fcrlichen Rabatten.<\/p>\n<p><strong>Attraktiv f\u00fcr Best\u00e4uber:<\/strong> Die nektarreichen Bl\u00fcten ziehen Bienen und Schmetterlinge an, f\u00f6rdern die Artenvielfalt und kommen der Umwelt zugute.<\/p>\n<p><strong>Trockenheitsresistent:<\/strong> F\u00e4rberdistel ist an arme B\u00f6den und trockene Bedingungen angepasst, was sie zu einer idealen Wahl f\u00fcr hei\u00dfe Klimazonen und einen geringen Pflegeaufwand macht.<\/p>\n<p><strong>Traditionelle Verwendung der Samen:<\/strong> Die Samen werden traditionell f\u00fcr die Gewinnung gesunder \u00d6le sowie in Naturheilmitteln wegen ihrer antioxidativen und entz\u00fcndungshemmenden Eigenschaften verwendet.<\/p>\n<p><strong>Lang anhaltende Bl\u00fctezeit:<\/strong> Sie bl\u00fcht vom Hochsommer bis zum Herbst und sorgt so f\u00fcr eine lange Saison f\u00fcr Farbe.<\/p>\n<p><strong>Einfacher Anbau:<\/strong> Robuste und schnell wachsende Pflanze, ideal f\u00fcr Anf\u00e4nger und erfahrene G\u00e4rtner.<\/p>\n<p><strong>Biologischer Anbau:<\/strong> Unser Saatgut ist <strong>100% biologisch<\/strong>, frei von Pestiziden und chemischen D\u00fcngemitteln und f\u00f6rdert einen nachhaltigen und umweltfreundlichen <strong>Garten.<\/strong> <\/p>\n<p>Bauen Sie <strong>Bio-Saflor<\/strong> an und erfreuen Sie sich an seinen auff\u00e4lligen Bl\u00fcten, seinen traditionellen Vorz\u00fcgen und seiner nat\u00fcrlichen Widerstandsf\u00e4higkeit. So bringen Sie auf nachhaltige Weise Farbe und Leben in Ihren <strong>Garten<\/strong>.<\/p>\n","protected":false},"featured_media":15950,"comment_status":"open","ping_status":"closed","template":"","meta":{"_acf_changed":false},"product_brand":[],"product_cat":[419,467],"product_tag":[1580],"class_list":{"0":"post-19487","1":"product","2":"type-product","3":"status-publish","4":"has-post-thumbnail","6":"product_cat-bio-saatgut","7":"product_cat-biologische-essbare-blumensamen","8":"product_tag-oko","10":"first","11":"instock","12":"taxable","13":"shipping-taxable","14":"purchasable","15":"product-type-simple"},"acf":[],"_links":{"self":[{"href":"https:\/\/cultivers.es\/de\/wp-json\/wp\/v2\/product\/19487","targetHints":{"allow":["GET"]}}],"collection":[{"href":"https:\/\/cultivers.es\/de\/wp-json\/wp\/v2\/product"}],"about":[{"href":"https:\/\/cultivers.es\/de\/wp-json\/wp\/v2\/types\/product"}],"replies":[{"embeddable":true,"href":"https:\/\/cultivers.es\/de\/wp-json\/wp\/v2\/comments?post=19487"}],"wp:featuredmedia":[{"embeddable":true,"href":"https:\/\/cultivers.es\/de\/wp-json\/wp\/v2\/media\/15950"}],"wp:attachment":[{"href":"https:\/\/cultivers.es\/de\/wp-json\/wp\/v2\/media?parent=19487"}],"wp:term":[{"taxonomy":"product_brand","embeddable":true,"href":"https:\/\/cultivers.es\/de\/wp-json\/wp\/v2\/product_brand?post=19487"},{"taxonomy":"product_cat","embeddable":true,"href":"https:\/\/cultivers.es\/de\/wp-json\/wp\/v2\/product_cat?post=19487"},{"taxonomy":"product_tag","embeddable":true,"href":"https:\/\/cultivers.es\/de\/wp-json\/wp\/v2\/product_tag?post=19487"}],"curies":[{"name":"wp","href":"https:\/\/api.w.org\/{rel}","templated":true}]}}