{"id":19488,"date":"2022-10-07T08:32:44","date_gmt":"2022-10-07T08:32:44","guid":{"rendered":"https:\/\/cultivers.es\/abonos\/kosmos-orange-bio-saatgut\/"},"modified":"2025-09-22T04:42:59","modified_gmt":"2025-09-22T04:42:59","slug":"bio-orange-kosmos-saatgut","status":"publish","type":"product","link":"https:\/\/cultivers.es\/de\/d\u00fcngemittel\/bio-orange-kosmos-saatgut\/","title":{"rendered":"Kosmos Orange Saatgut"},"content":{"rendered":"","protected":false},"excerpt":{"rendered":"<p>Die <strong>Orange Cosmos<\/strong><em>(Cosmos sulphureus<\/em>) ist eine lebhaft bl\u00fchende einj\u00e4hrige Pflanze, die durch ihre leuchtend <strong>orangefarbenen<\/strong> Bl\u00fcten auff\u00e4llt und Licht und Energie in den <strong>Garten und Obstgarten<\/strong> bringt. Diese Zierpflanze ist winterhart, einfach zu kultivieren und wird sehr gesch\u00e4tzt, weil sie Best\u00e4uber wie Bienen und Schmetterlinge anlockt und so die Artenvielfalt und die Gesundheit Ihrer Gr\u00fcnfl\u00e4che f\u00f6rdert. <\/p>\n<p><strong>Leuchtend orangefarbene Blumen:<\/strong> Ihre zarten Bl\u00fctenbl\u00e4tter und die intensive orange Farbe sorgen f\u00fcr einen spektakul\u00e4ren visuellen Effekt, ideal zur Versch\u00f6nerung von Rabatten, Blumenbeeten oder Naturr\u00e4umen.<\/p>\n<p><strong>Attraktiv f\u00fcr Best\u00e4uber:<\/strong> Die nektarreichen Bl\u00fcten ziehen Bienen, Schmetterlinge und andere n\u00fctzliche Insekten an und tragen so zum Gleichgewicht des \u00d6kosystems im <strong>Obstgarten und Garten<\/strong> bei.<\/p>\n<p><strong>Robust und pflegeleicht:<\/strong> Der orangefarbene Kosmos ist anpassungsf\u00e4hig an arme B\u00f6den und resistent gegen Trockenheit. Er w\u00e4chst leicht und ben\u00f6tigt nur wenig Pflege und ist ideal f\u00fcr G\u00e4rtner aller Stufen.<\/p>\n<p><strong>Lange Bl\u00fctezeit:<\/strong> Sie bl\u00fcht vom Hochsommer bis weit in den Herbst hinein und sorgt so die ganze Saison \u00fcber f\u00fcr Farbe und Leben.<\/p>\n<p><strong>Schnelles Wachstum:<\/strong> Entwickelt sich schnell und bildet in kurzer Zeit ein nat\u00fcrliches und farbenfrohes Fell.<\/p>\n<p><strong>Biologischer Anbau:<\/strong> Unser Saatgut ist <strong>100% biologisch<\/strong>, frei von Pestiziden und chemischen D\u00fcngemitteln und garantiert einen nachhaltigen und umweltfreundlichen <strong>Garten.<\/strong> <\/p>\n<p>Erfreuen Sie sich an der Sch\u00f6nheit und Widerstandsf\u00e4higkeit von <strong>Organic Orange Cosmos<\/strong>, einer Pflanze, die Ihren <strong>Garten und Ihren Obstgarten<\/strong> erhellt und Leben und Farbe in Ihre Anbaufl\u00e4che bringt. F\u00fcgen Sie sie Ihrer Bepflanzung hinzu und verwandeln Sie Ihre Umgebung auf nat\u00fcrliche und lebendige Weise! <\/p>\n","protected":false},"featured_media":15960,"comment_status":"open","ping_status":"closed","template":"","meta":{"_acf_changed":false},"product_brand":[],"product_cat":[419,467],"product_tag":[1580],"class_list":{"0":"post-19488","1":"product","2":"type-product","3":"status-publish","4":"has-post-thumbnail","6":"product_cat-bio-saatgut","7":"product_cat-biologische-essbare-blumensamen","8":"product_tag-oko","10":"first","11":"instock","12":"sale","13":"taxable","14":"shipping-taxable","15":"purchasable","16":"product-type-simple"},"acf":[],"_links":{"self":[{"href":"https:\/\/cultivers.es\/de\/wp-json\/wp\/v2\/product\/19488","targetHints":{"allow":["GET"]}}],"collection":[{"href":"https:\/\/cultivers.es\/de\/wp-json\/wp\/v2\/product"}],"about":[{"href":"https:\/\/cultivers.es\/de\/wp-json\/wp\/v2\/types\/product"}],"replies":[{"embeddable":true,"href":"https:\/\/cultivers.es\/de\/wp-json\/wp\/v2\/comments?post=19488"}],"wp:featuredmedia":[{"embeddable":true,"href":"https:\/\/cultivers.es\/de\/wp-json\/wp\/v2\/media\/15960"}],"wp:attachment":[{"href":"https:\/\/cultivers.es\/de\/wp-json\/wp\/v2\/media?parent=19488"}],"wp:term":[{"taxonomy":"product_brand","embeddable":true,"href":"https:\/\/cultivers.es\/de\/wp-json\/wp\/v2\/product_brand?post=19488"},{"taxonomy":"product_cat","embeddable":true,"href":"https:\/\/cultivers.es\/de\/wp-json\/wp\/v2\/product_cat?post=19488"},{"taxonomy":"product_tag","embeddable":true,"href":"https:\/\/cultivers.es\/de\/wp-json\/wp\/v2\/product_tag?post=19488"}],"curies":[{"name":"wp","href":"https:\/\/api.w.org\/{rel}","templated":true}]}}