{"id":19489,"date":"2022-10-07T08:33:14","date_gmt":"2022-10-07T08:33:14","guid":{"rendered":"https:\/\/cultivers.es\/abonos\/bio-ringelblumen-samen\/"},"modified":"2025-09-22T04:42:54","modified_gmt":"2025-09-22T04:42:54","slug":"bio-kalendula-samen","status":"publish","type":"product","link":"https:\/\/cultivers.es\/de\/d\u00fcngemittel\/bio-kalendula-samen\/","title":{"rendered":"Biologisch-dynamische Demeter-Ringelblumen-Samen"},"content":{"rendered":"","protected":false},"excerpt":{"rendered":"<p>F\u00fcllen Sie Ihren Garten mit Farbe und Nutzen mit unseren Demeter Bio-Ringelblumen-Samen. Diese Pflanze, die sowohl f\u00fcr ihre dekorative Sch\u00f6nheit als auch f\u00fcr ihre medizinischen Eigenschaften bekannt ist, eignet sich perfekt zur Versch\u00f6nerung jedes Gartens oder Gem\u00fcsegartens. Ringelblumenbl\u00fcten ziehen nicht nur Best\u00e4uber an, sondern k\u00f6nnen auch in Kr\u00e4utertees, \u00d6len und nat\u00fcrlichen Hautpflegeprodukten verwendet werden. Mit der Demeter-Zertifizierung k\u00f6nnen Sie sicher sein, dass Sie auf nachhaltige und umweltfreundliche Weise anbauen.   <\/p>\n<ul>\n<li><strong>Die Bl\u00fcten sind lebhaft und langlebig:<\/strong> Ringelblumen produzieren leuchtend orange oder gelbe Bl\u00fcten, die jeden Garten versch\u00f6nern. Abgesehen von ihrem \u00e4sthetischen Wert sind diese Bl\u00fcten auch essbar und k\u00f6nnen zur Dekoration von Salaten oder zur Zubereitung von Kr\u00e4utertees verwendet werden. <\/li>\n<li><strong>Medizinische Eigenschaften:<\/strong> Die Calendula ist f\u00fcr ihre entz\u00fcndungshemmenden und heilenden Eigenschaften bekannt und wird h\u00e4ufig in nat\u00fcrlichen Hautpflegemitteln und \u00e4therischen \u00d6len verwendet. Sie ist ideal f\u00fcr alle, die nach Pflanzen mit medizinischen Eigenschaften suchen. <\/li>\n<li><strong>Anziehungskraft f\u00fcr Best\u00e4uber:<\/strong> Die Ringelblume eignet sich hervorragend, um Bienen und Schmetterlinge in Ihren Garten zu locken, tr\u00e4gt zur Artenvielfalt bei und verbessert die Best\u00e4ubung anderer Pflanzen.<\/li>\n<li><strong>Einfacher Anbau:<\/strong> Diese Pflanze ist winterhart und passt sich gut an verschiedene B\u00f6den und Klimazonen an. Ideal f\u00fcr Anf\u00e4nger und erfahrene G\u00e4rtner, die sich an sch\u00f6nen, pflegeleichten Blumen erfreuen wollen. <\/li>\n<li><strong>Demeter-Zertifizierung:<\/strong> Dieses Saatgut ist von Demeter zertifiziert, was garantiert, dass es nach den Grunds\u00e4tzen der biologisch-dynamischen Landwirtschaft angebaut wird und die Gesundheit des Bodens und das nat\u00fcrliche Gleichgewicht des \u00d6kosystems respektiert.<\/li>\n<li><strong>Biologischer Anbau:<\/strong> Unser Saatgut ist zu 100% biologisch, was eine pestizid- und chemikalienfreie Ernte gew\u00e4hrleistet und somit eine gesunde und nachhaltige Ernte garantiert.<\/li>\n<\/ul>\n<p>Bringen Sie Farbe, Artenvielfalt und heilende Eigenschaften in Ihren Garten mit unseren Demeter Bio-Ringelblumensamen. Perfekt f\u00fcr alle, die eine Zier- und Heilpflanze suchen, die auf umweltfreundliche Weise angebaut wird. Bestellen Sie noch heute und genie\u00dfen Sie die vielf\u00e4ltigen Vorteile in Ihrem Garten!  <\/p>\n","protected":false},"featured_media":45347,"comment_status":"open","ping_status":"closed","template":"","meta":{"_acf_changed":false},"product_brand":[],"product_cat":[419,1304],"product_tag":[1384],"class_list":{"0":"post-19489","1":"product","2":"type-product","3":"status-publish","4":"has-post-thumbnail","6":"product_cat-bio-saatgut","7":"product_cat-demeter-samen","8":"product_tag-demeter-de","10":"first","11":"instock","12":"taxable","13":"shipping-taxable","14":"purchasable","15":"product-type-simple"},"acf":[],"_links":{"self":[{"href":"https:\/\/cultivers.es\/de\/wp-json\/wp\/v2\/product\/19489","targetHints":{"allow":["GET"]}}],"collection":[{"href":"https:\/\/cultivers.es\/de\/wp-json\/wp\/v2\/product"}],"about":[{"href":"https:\/\/cultivers.es\/de\/wp-json\/wp\/v2\/types\/product"}],"replies":[{"embeddable":true,"href":"https:\/\/cultivers.es\/de\/wp-json\/wp\/v2\/comments?post=19489"}],"wp:featuredmedia":[{"embeddable":true,"href":"https:\/\/cultivers.es\/de\/wp-json\/wp\/v2\/media\/45347"}],"wp:attachment":[{"href":"https:\/\/cultivers.es\/de\/wp-json\/wp\/v2\/media?parent=19489"}],"wp:term":[{"taxonomy":"product_brand","embeddable":true,"href":"https:\/\/cultivers.es\/de\/wp-json\/wp\/v2\/product_brand?post=19489"},{"taxonomy":"product_cat","embeddable":true,"href":"https:\/\/cultivers.es\/de\/wp-json\/wp\/v2\/product_cat?post=19489"},{"taxonomy":"product_tag","embeddable":true,"href":"https:\/\/cultivers.es\/de\/wp-json\/wp\/v2\/product_tag?post=19489"}],"curies":[{"name":"wp","href":"https:\/\/api.w.org\/{rel}","templated":true}]}}