{"id":19490,"date":"2022-10-07T08:10:51","date_gmt":"2022-10-07T08:10:51","guid":{"rendered":"https:\/\/cultivers.es\/abonos\/bio-schwarzmohnsamen\/"},"modified":"2025-09-22T04:42:31","modified_gmt":"2025-09-22T04:42:31","slug":"mohn-schwarz-okologisch-saatgut","status":"publish","type":"product","link":"https:\/\/cultivers.es\/de\/d\u00fcngemittel\/mohn-schwarz-okologisch-saatgut\/","title":{"rendered":"Schwarzer Mohn Samen"},"content":{"rendered":"","protected":false},"excerpt":{"rendered":"<p>SCHWARZER MOPFEN \/ Papaver somniferum L. Diese Mohnsorte ist sehr winterhart und hat dunkelviolette bis schwarze Bl\u00fcten. Die Anordnung der Bl\u00fctenbl\u00e4tter erinnert an die P\u00e4onienbl\u00fcte. Nach der Bl\u00fcte k\u00f6nnen die getrockneten Kapseln in Blumenarrangements verwendet oder lange gelagert werden.<\/p>\n","protected":false},"featured_media":15930,"comment_status":"open","ping_status":"closed","template":"","meta":{"_acf_changed":false},"product_brand":[],"product_cat":[419,475],"product_tag":[],"woo-feed-brand":[],"class_list":{"0":"post-19490","1":"product","2":"type-product","3":"status-publish","4":"has-post-thumbnail","6":"product_cat-bio-saatgut","7":"product_cat-bio-blumensaatgut","9":"first","10":"outofstock","11":"taxable","12":"shipping-taxable","13":"purchasable","14":"product-type-simple"},"acf":[],"_links":{"self":[{"href":"https:\/\/cultivers.es\/de\/wp-json\/wp\/v2\/product\/19490","targetHints":{"allow":["GET"]}}],"collection":[{"href":"https:\/\/cultivers.es\/de\/wp-json\/wp\/v2\/product"}],"about":[{"href":"https:\/\/cultivers.es\/de\/wp-json\/wp\/v2\/types\/product"}],"replies":[{"embeddable":true,"href":"https:\/\/cultivers.es\/de\/wp-json\/wp\/v2\/comments?post=19490"}],"wp:featuredmedia":[{"embeddable":true,"href":"https:\/\/cultivers.es\/de\/wp-json\/wp\/v2\/media\/15930"}],"wp:attachment":[{"href":"https:\/\/cultivers.es\/de\/wp-json\/wp\/v2\/media?parent=19490"}],"wp:term":[{"taxonomy":"product_brand","embeddable":true,"href":"https:\/\/cultivers.es\/de\/wp-json\/wp\/v2\/product_brand?post=19490"},{"taxonomy":"product_cat","embeddable":true,"href":"https:\/\/cultivers.es\/de\/wp-json\/wp\/v2\/product_cat?post=19490"},{"taxonomy":"product_tag","embeddable":true,"href":"https:\/\/cultivers.es\/de\/wp-json\/wp\/v2\/product_tag?post=19490"},{"taxonomy":"woo-feed-brand","embeddable":true,"href":"https:\/\/cultivers.es\/de\/wp-json\/wp\/v2\/woo-feed-brand?post=19490"}],"curies":[{"name":"wp","href":"https:\/\/api.w.org\/{rel}","templated":true}]}}