{"id":19491,"date":"2022-10-07T08:31:17","date_gmt":"2022-10-07T08:31:17","guid":{"rendered":"https:\/\/cultivers.es\/abonos\/cosmos-mixed-colours-bio-saatgut\/"},"modified":"2025-09-22T04:42:53","modified_gmt":"2025-09-22T04:42:53","slug":"saatgut-kosmos-farbmischung-okologisch-okologisch","status":"publish","type":"product","link":"https:\/\/cultivers.es\/de\/d\u00fcngemittel\/saatgut-kosmos-farbmischung-okologisch-okologisch\/","title":{"rendered":"Saatgut Cosmos Gemischte Farben"},"content":{"rendered":"","protected":false},"excerpt":{"rendered":"<p><strong>Cosmos<\/strong><em>(Cosmos bipinnatus<\/em>) ist eine einj\u00e4hrige Pflanze, die sich durch ihre zarten und leuchtenden Bl\u00fcten in einer Farbmischung von <strong>Wei\u00df<\/strong> bis hin zu verschiedenen <strong>Rosa-<\/strong> und <strong>Fuchsienschattierungen<\/strong> auszeichnet. Diese Zierpflanze ist perfekt geeignet, um dem <strong>Garten und dem Obstgarten<\/strong> einen wilden und nat\u00fcrlichen Touch zu verleihen und eine Umgebung voller Farben und Leben zu schaffen. Sie ist auch ideal, um Best\u00e4uber wie Bienen und Schmetterlinge anzulocken und die Artenvielfalt zu f\u00f6rdern.  <\/p>\n<p><strong>Farbenfrohe und leichte Blumen:<\/strong> Die gro\u00dfen Bl\u00fcten mit ihren feinen Bl\u00fctenbl\u00e4ttern und unterschiedlichen Farbt\u00f6nen f\u00fcllen jeden Raum mit Farbe und nat\u00fcrlicher Eleganz.<\/p>\n<p><strong>Attraktiv f\u00fcr Best\u00e4uber:<\/strong> Kosmosbl\u00fcten sind reich an Nektar, was sie zu einem Magneten f\u00fcr Bienen, Schmetterlinge und andere n\u00fctzliche Insekten macht.<\/p>\n<p><strong>\u00dcppige und lange Bl\u00fctezeit:<\/strong> Sie bl\u00fcht vom Hochsommer bis zum Herbst und garantiert so eine Farbexplosion \u00fcber mehrere Monate.<\/p>\n<p><strong>Widerstandsf\u00e4hig und einfach anzubauen:<\/strong> Cosmos passt sich gut an arme, trockene B\u00f6den an, ist trockenheitsresistent und ben\u00f6tigt keine besondere Pflege, was sie f\u00fcr Anf\u00e4nger und erfahrene G\u00e4rtner perfekt macht.<\/p>\n<p><strong>Ideal f\u00fcr Obstgarten und Garten:<\/strong> Ihr schnelles Wachstum und ihr eleganter Wuchs machen sie ideal f\u00fcr Rabatten, Blumenbeete oder nat\u00fcrliche Bereiche in Obstg\u00e4rten und G\u00e4rten.<\/p>\n<p><strong>Biologischer Anbau:<\/strong> Unser Saatgut ist <strong>zu 100% biologisch<\/strong>, frei von Pestiziden und chemischen D\u00fcngemitteln und f\u00f6rdert eine nachhaltige und umweltfreundliche Umgebung.<\/p>\n<p>Versch\u00f6nern Sie Ihren <strong>Obstgarten und Garten<\/strong> mit <strong>Cosmos Organic Colour Mix<\/strong> und erfreuen Sie sich an einer spektakul\u00e4ren Bl\u00fcte, die die Artenvielfalt f\u00f6rdert und Ihren Raum mit Leben und Farbe f\u00fcllt.<\/p>\n","protected":false},"featured_media":15955,"comment_status":"open","ping_status":"closed","template":"","meta":{"_acf_changed":false},"product_brand":[],"product_cat":[467,419],"product_tag":[1580],"class_list":{"0":"post-19491","1":"product","2":"type-product","3":"status-publish","4":"has-post-thumbnail","6":"product_cat-biologische-essbare-blumensamen","7":"product_cat-bio-saatgut","8":"product_tag-oko","10":"first","11":"instock","12":"taxable","13":"shipping-taxable","14":"purchasable","15":"product-type-simple"},"acf":[],"_links":{"self":[{"href":"https:\/\/cultivers.es\/de\/wp-json\/wp\/v2\/product\/19491","targetHints":{"allow":["GET"]}}],"collection":[{"href":"https:\/\/cultivers.es\/de\/wp-json\/wp\/v2\/product"}],"about":[{"href":"https:\/\/cultivers.es\/de\/wp-json\/wp\/v2\/types\/product"}],"replies":[{"embeddable":true,"href":"https:\/\/cultivers.es\/de\/wp-json\/wp\/v2\/comments?post=19491"}],"wp:featuredmedia":[{"embeddable":true,"href":"https:\/\/cultivers.es\/de\/wp-json\/wp\/v2\/media\/15955"}],"wp:attachment":[{"href":"https:\/\/cultivers.es\/de\/wp-json\/wp\/v2\/media?parent=19491"}],"wp:term":[{"taxonomy":"product_brand","embeddable":true,"href":"https:\/\/cultivers.es\/de\/wp-json\/wp\/v2\/product_brand?post=19491"},{"taxonomy":"product_cat","embeddable":true,"href":"https:\/\/cultivers.es\/de\/wp-json\/wp\/v2\/product_cat?post=19491"},{"taxonomy":"product_tag","embeddable":true,"href":"https:\/\/cultivers.es\/de\/wp-json\/wp\/v2\/product_tag?post=19491"}],"curies":[{"name":"wp","href":"https:\/\/api.w.org\/{rel}","templated":true}]}}