{"id":19492,"date":"2022-10-07T08:08:14","date_gmt":"2022-10-07T08:08:14","guid":{"rendered":"https:\/\/cultivers.es\/abonos\/bio-orangenmohnsamen-aus-kalifornien\/"},"modified":"2025-09-22T05:15:10","modified_gmt":"2025-09-22T05:15:10","slug":"kalifornische-orange-apfel-samen-okologisch-okologisch","status":"publish","type":"product","link":"https:\/\/cultivers.es\/de\/d\u00fcngemittel\/kalifornische-orange-apfel-samen-okologisch-okologisch\/","title":{"rendered":"Kalifornischer Mohnsamen Orange"},"content":{"rendered":"","protected":false},"excerpt":{"rendered":"<p>Der <strong>Kalifornische Mohn<\/strong> (Eschscholzia californica) ist eine einj\u00e4hrige Pflanze, die mit ihren leuchtenden, <strong>orangefarbenen<\/strong> Bl\u00fcten Leben und Freude in den <strong>Gem\u00fcse-<\/strong> und <strong>Obstgarten<\/strong> bringt. Ihre lange Bl\u00fctezeit, Trockenheitsresistenz und einfache Kultivierung machen sie zu einer idealen Wahl f\u00fcr die Versch\u00f6nerung von Blumenbeeten, Rabatten oder Naturr\u00e4umen. Sie ist auch eine n\u00fctzliche Pflanze, die Best\u00e4uber wie Bienen und Schmetterlinge anlockt und so zu einem ausgewogenen \u00d6kosystem beitr\u00e4gt.  <\/p>\n<p><strong>Leuchtende und fr\u00f6hliche Blumen:<\/strong> Ihre intensiv orangefarbenen Bl\u00fctenbl\u00e4tter sind ein optisches Spektakel im <strong>Obstgarten und Garten<\/strong> und bringen W\u00e4rme und Farbe in jeden Raum.<\/p>\n<p><strong>Attraktiv f\u00fcr Best\u00e4uber:<\/strong> Ihre Bl\u00fcten sind eine Nektarquelle, die Bienen und andere n\u00fctzliche Insekten anlockt und so die Artenvielfalt f\u00f6rdert.<\/p>\n<p><strong>Widerstandsf\u00e4hig und anpassungsf\u00e4hig:<\/strong> Der Kalifornische Mohn ist sehr widerstandsf\u00e4hig gegen Trockenheit und schlechte Bodenbedingungen, was ihn ideal f\u00fcr hei\u00dfe, trockene Klimazonen macht.<\/p>\n<p><strong>Verl\u00e4ngerte Bl\u00fctezeit:<\/strong> Bietet eine lang anhaltende Bl\u00fctezeit, die im Fr\u00fchjahr beginnt und sich bis in den Sommer hinein erstrecken kann und den Raum mit Farbe und Frische erf\u00fcllt.<\/p>\n<p><strong>Einfacher Anbau:<\/strong> Direkt in den Boden oder in T\u00f6pfe ges\u00e4t, erfordert sie wenig Pflege und ist perfekt f\u00fcr Anf\u00e4nger und erfahrene G\u00e4rtner.<\/p>\n<p><strong>Biologischer Anbau:<\/strong> Unser Saatgut ist <strong>100% biologisch<\/strong>, frei von Pestiziden und chemischen D\u00fcngemitteln und garantiert einen nachhaltigen und umweltfreundlichen <strong>Garten<\/strong>.<\/p>\n<p>Versch\u00f6nern Sie Ihren <strong>Obstgarten oder Garten<\/strong> mit dem <strong>Organic Orange California Poppy<\/strong> und erfreuen Sie sich die ganze Saison \u00fcber an einer Explosion von Farbe, Natur und Leben. Bestellen Sie noch heute und verleihen Sie Ihrem Raum einen lebendigen Touch! <\/p>\n","protected":false},"featured_media":15925,"comment_status":"open","ping_status":"closed","template":"","meta":{"_acf_changed":false},"product_brand":[],"product_cat":[419,475],"product_tag":[],"woo-feed-brand":[],"class_list":{"0":"post-19492","1":"product","2":"type-product","3":"status-publish","4":"has-post-thumbnail","6":"product_cat-bio-saatgut","7":"product_cat-bio-blumensaatgut","9":"first","10":"outofstock","11":"taxable","12":"shipping-taxable","13":"purchasable","14":"product-type-simple"},"acf":[],"_links":{"self":[{"href":"https:\/\/cultivers.es\/de\/wp-json\/wp\/v2\/product\/19492","targetHints":{"allow":["GET"]}}],"collection":[{"href":"https:\/\/cultivers.es\/de\/wp-json\/wp\/v2\/product"}],"about":[{"href":"https:\/\/cultivers.es\/de\/wp-json\/wp\/v2\/types\/product"}],"replies":[{"embeddable":true,"href":"https:\/\/cultivers.es\/de\/wp-json\/wp\/v2\/comments?post=19492"}],"wp:featuredmedia":[{"embeddable":true,"href":"https:\/\/cultivers.es\/de\/wp-json\/wp\/v2\/media\/15925"}],"wp:attachment":[{"href":"https:\/\/cultivers.es\/de\/wp-json\/wp\/v2\/media?parent=19492"}],"wp:term":[{"taxonomy":"product_brand","embeddable":true,"href":"https:\/\/cultivers.es\/de\/wp-json\/wp\/v2\/product_brand?post=19492"},{"taxonomy":"product_cat","embeddable":true,"href":"https:\/\/cultivers.es\/de\/wp-json\/wp\/v2\/product_cat?post=19492"},{"taxonomy":"product_tag","embeddable":true,"href":"https:\/\/cultivers.es\/de\/wp-json\/wp\/v2\/product_tag?post=19492"},{"taxonomy":"woo-feed-brand","embeddable":true,"href":"https:\/\/cultivers.es\/de\/wp-json\/wp\/v2\/woo-feed-brand?post=19492"}],"curies":[{"name":"wp","href":"https:\/\/api.w.org\/{rel}","templated":true}]}}