{"id":19493,"date":"2022-10-07T08:10:39","date_gmt":"2022-10-07T08:10:39","guid":{"rendered":"https:\/\/cultivers.es\/abonos\/mexikanische-bio-sonnenblumenkerne\/"},"modified":"2025-09-22T04:42:38","modified_gmt":"2025-09-22T04:42:38","slug":"bio-mexikanisch-okologische-sonnenblumen-samen","status":"publish","type":"product","link":"https:\/\/cultivers.es\/de\/d\u00fcngemittel\/bio-mexikanisch-okologische-sonnenblumen-samen\/","title":{"rendered":"Mexikanische Sonnenblumenkerne"},"content":{"rendered":"","protected":false},"excerpt":{"rendered":"<p>Die <strong>Mexikanische Sonnenblume<\/strong><em>(Tithonia rotundifolia<\/em>) ist eine Zierpflanze, die f\u00fcr ihre auff\u00e4lligen <strong>tief orangefarbenen<\/strong> Bl\u00fcten und ihren anmutigen Wuchs bekannt ist. Ihre gro\u00dfen, g\u00e4nsebl\u00fcmchen\u00e4hnlichen Bl\u00fcten verleihen dem <strong>Garten und dem Obstgarten<\/strong> nicht nur einen exotischen und lebendigen Touch, sondern sind auch ein Magnet f\u00fcr Best\u00e4uber wie Bienen, Schmetterlinge und andere n\u00fctzliche Insekten. Die winterharte und schnell wachsende Mexikanische Sonnenblume ist ideal f\u00fcr die Gestaltung von bl\u00fchenden Rabatten, Blumenbeeten oder zur Versch\u00f6nerung von Naturr\u00e4umen.  <\/p>\n<p><strong>Gro\u00dfe und lebhafte Bl\u00fcten:<\/strong> Ihre spektakul\u00e4ren, leuchtend orangefarbenen Bl\u00fcten fallen in jedem Raum auf und bringen Leben und einen tropischen Touch in den <strong>Obstgarten und Garten<\/strong>.<\/p>\n<p><strong>Attraktiv f\u00fcr Best\u00e4uber:<\/strong> Die Pflanze zieht Bienen, Schmetterlinge und andere Insekten an und f\u00f6rdert so die Artenvielfalt und das nat\u00fcrliche Gleichgewicht in der Umwelt.<\/p>\n<p><strong>Schnell wachsend und widerstandsf\u00e4hig:<\/strong> Diese Sorte w\u00e4chst leicht und schnell, passt sich an trockene B\u00f6den und warmes Klima an und ist perfekt f\u00fcr sonnige Standorte.<\/p>\n<p><strong>Lang anhaltende Bl\u00fcte:<\/strong> Bietet eine gro\u00dfz\u00fcgige Bl\u00fcte von Hochsommer bis Herbst und sorgt so f\u00fcr ein lang anhaltendes visuelles Spektakel.<\/p>\n<p><strong>Einfacher Anbau:<\/strong> Die Pflanze ben\u00f6tigt nicht viel Pflege und ist daher sowohl f\u00fcr Anf\u00e4nger als auch f\u00fcr erfahrene G\u00e4rtner geeignet. Sie kann direkt in der Erde oder in gro\u00dfen T\u00f6pfen angebaut werden. <\/p>\n<p><strong>Biologischer Anbau:<\/strong> Unser Saatgut ist <strong>zu 100% biologisch<\/strong>, frei von Pestiziden und chemischen D\u00fcngemitteln und garantiert einen nachhaltigen und umweltfreundlichen <strong>Garten.<\/strong> <\/p>\n<p>F\u00fcllen Sie Ihren <strong>Obstgarten oder Garten<\/strong> mit Farbe, Leben und Best\u00e4ubern mit der <strong>Mexikanischen Bio-Sonnenblume<\/strong>. Eine perfekte Wahl f\u00fcr eine robuste, dekorative und energiereiche Pflanze. Bestellen Sie noch heute und verwandeln Sie Ihren Garten in ein nat\u00fcrliches Paradies!  <\/p>\n","protected":false},"featured_media":15940,"comment_status":"open","ping_status":"closed","template":"","meta":{"_acf_changed":false},"product_brand":[],"product_cat":[419,475],"product_tag":[1580],"class_list":{"0":"post-19493","1":"product","2":"type-product","3":"status-publish","4":"has-post-thumbnail","6":"product_cat-bio-saatgut","7":"product_cat-bio-blumensaatgut","8":"product_tag-oko","10":"first","11":"outofstock","12":"sale","13":"taxable","14":"shipping-taxable","15":"purchasable","16":"product-type-simple"},"acf":[],"_links":{"self":[{"href":"https:\/\/cultivers.es\/de\/wp-json\/wp\/v2\/product\/19493","targetHints":{"allow":["GET"]}}],"collection":[{"href":"https:\/\/cultivers.es\/de\/wp-json\/wp\/v2\/product"}],"about":[{"href":"https:\/\/cultivers.es\/de\/wp-json\/wp\/v2\/types\/product"}],"replies":[{"embeddable":true,"href":"https:\/\/cultivers.es\/de\/wp-json\/wp\/v2\/comments?post=19493"}],"wp:featuredmedia":[{"embeddable":true,"href":"https:\/\/cultivers.es\/de\/wp-json\/wp\/v2\/media\/15940"}],"wp:attachment":[{"href":"https:\/\/cultivers.es\/de\/wp-json\/wp\/v2\/media?parent=19493"}],"wp:term":[{"taxonomy":"product_brand","embeddable":true,"href":"https:\/\/cultivers.es\/de\/wp-json\/wp\/v2\/product_brand?post=19493"},{"taxonomy":"product_cat","embeddable":true,"href":"https:\/\/cultivers.es\/de\/wp-json\/wp\/v2\/product_cat?post=19493"},{"taxonomy":"product_tag","embeddable":true,"href":"https:\/\/cultivers.es\/de\/wp-json\/wp\/v2\/product_tag?post=19493"}],"curies":[{"name":"wp","href":"https:\/\/api.w.org\/{rel}","templated":true}]}}