{"id":19494,"date":"2022-10-07T08:10:54","date_gmt":"2022-10-07T08:10:54","guid":{"rendered":"https:\/\/cultivers.es\/abonos\/aurora-bio-saatgut\/"},"modified":"2025-09-22T05:15:22","modified_gmt":"2025-09-22T05:15:22","slug":"biologisch-okologisches-saatgut-2","status":"publish","type":"product","link":"https:\/\/cultivers.es\/de\/d\u00fcngemittel\/biologisch-okologisches-saatgut-2\/","title":{"rendered":"Aurora-Samen"},"content":{"rendered":"","protected":false},"excerpt":{"rendered":"<p><strong>Aurora<\/strong><em>(Eschscholzia californica<\/em>) ist eine Sorte des <strong>Kalifornischen Mohns<\/strong>, die mit ihren warmen Bl\u00fcten in <strong>Gelb-, Orange- und Goldt\u00f6nen<\/strong> begeistert und Licht und Farbe in <strong>Garten und Obstgarten<\/strong> bringt. Diese einj\u00e4hrige Pflanze ist winterhart und einfach zu kultivieren. Sie eignet sich perfekt, um Rabatten, Blumenbeete oder nat\u00fcrliche Wiesen mit einem wilden und lebendigen Touch zu f\u00fcllen. Sie zieht auch Best\u00e4uber wie Bienen und Schmetterlinge an und f\u00f6rdert so die Artenvielfalt und das nat\u00fcrliche Gleichgewicht.  <\/p>\n<p><strong>Blumen in warmen T\u00f6nen:<\/strong> Ihre Bl\u00fctenbl\u00e4tter in Gelb- und Oranget\u00f6nen erhellen jeden Raum mit einer Farbexplosion und schaffen eine fr\u00f6hliche und lebendige Atmosph\u00e4re.<\/p>\n<p><strong>Attraktiv f\u00fcr Best\u00e4uber:<\/strong> Die nektarreichen Bl\u00fcten ziehen Bienen, Schmetterlinge und andere n\u00fctzliche Insekten an und verbessern die Gesundheit von <strong>Obstgarten und Garten<\/strong>.<\/p>\n<p><strong>Widerstandsf\u00e4hig und anpassungsf\u00e4hig:<\/strong> Die Pflanze vertr\u00e4gt Trockenheit und schlechte B\u00f6den gut und ist ideal f\u00fcr warme, sonnige Klimazonen.<\/p>\n<p><strong>Lange Bl\u00fctezeit:<\/strong> Sie bl\u00fcht vom Fr\u00fchjahr bis zum Sommer und sorgt so f\u00fcr eine nat\u00fcrliche Farbenpracht \u00fcber mehrere Monate.<\/p>\n<p><strong>Einfach zu z\u00fcchten:<\/strong> Sie ist schnell und einfach zu z\u00fcchten und daher f\u00fcr Anf\u00e4nger und erfahrene G\u00e4rtner gleicherma\u00dfen geeignet. Kann direkt in die Erde oder in T\u00f6pfe gepflanzt werden. <\/p>\n<p><strong>Biologischer Anbau:<\/strong> Unser Saatgut ist <strong>100% biologisch<\/strong>, frei von Pestiziden und chemischen D\u00fcngemitteln und garantiert einen nachhaltigen und umweltfreundlichen <strong>Garten.<\/strong> <\/p>\n<p>F\u00fcllen Sie Ihren <strong>Garten<\/strong> mit Farbe, Leben und Natur mit <strong>Aurora Ecologica<\/strong> und genie\u00dfen Sie eine lebendige Umgebung, die die Artenvielfalt f\u00f6rdert. Bestellen Sie noch heute und verwandeln Sie Ihre Gr\u00fcnfl\u00e4che mit dieser spektakul\u00e4ren Sorte! <\/p>\n","protected":false},"featured_media":15935,"comment_status":"open","ping_status":"closed","template":"","meta":{"_acf_changed":false},"product_brand":[],"product_cat":[419,475],"product_tag":[1580],"woo-feed-brand":[],"class_list":{"0":"post-19494","1":"product","2":"type-product","3":"status-publish","4":"has-post-thumbnail","6":"product_cat-bio-saatgut","7":"product_cat-bio-blumensaatgut","8":"product_tag-oko","10":"first","11":"instock","12":"sale","13":"taxable","14":"shipping-taxable","15":"purchasable","16":"product-type-simple"},"acf":[],"_links":{"self":[{"href":"https:\/\/cultivers.es\/de\/wp-json\/wp\/v2\/product\/19494","targetHints":{"allow":["GET"]}}],"collection":[{"href":"https:\/\/cultivers.es\/de\/wp-json\/wp\/v2\/product"}],"about":[{"href":"https:\/\/cultivers.es\/de\/wp-json\/wp\/v2\/types\/product"}],"replies":[{"embeddable":true,"href":"https:\/\/cultivers.es\/de\/wp-json\/wp\/v2\/comments?post=19494"}],"wp:featuredmedia":[{"embeddable":true,"href":"https:\/\/cultivers.es\/de\/wp-json\/wp\/v2\/media\/15935"}],"wp:attachment":[{"href":"https:\/\/cultivers.es\/de\/wp-json\/wp\/v2\/media?parent=19494"}],"wp:term":[{"taxonomy":"product_brand","embeddable":true,"href":"https:\/\/cultivers.es\/de\/wp-json\/wp\/v2\/product_brand?post=19494"},{"taxonomy":"product_cat","embeddable":true,"href":"https:\/\/cultivers.es\/de\/wp-json\/wp\/v2\/product_cat?post=19494"},{"taxonomy":"product_tag","embeddable":true,"href":"https:\/\/cultivers.es\/de\/wp-json\/wp\/v2\/product_tag?post=19494"},{"taxonomy":"woo-feed-brand","embeddable":true,"href":"https:\/\/cultivers.es\/de\/wp-json\/wp\/v2\/woo-feed-brand?post=19494"}],"curies":[{"name":"wp","href":"https:\/\/api.w.org\/{rel}","templated":true}]}}