{"id":19532,"date":"2022-10-07T07:20:43","date_gmt":"2022-10-07T07:20:43","guid":{"rendered":"https:\/\/cultivers.es\/abonos\/bio-salvia-samen\/"},"modified":"2025-09-22T05:36:34","modified_gmt":"2025-09-22T05:36:34","slug":"bio-salvia-samen","status":"publish","type":"product","link":"https:\/\/cultivers.es\/de\/d\u00fcngemittel\/bio-salvia-samen\/","title":{"rendered":"S\u00e1lvia Samen"},"content":{"rendered":"","protected":false},"excerpt":{"rendered":"<p><strong>Salbei (Salvia<\/strong> officinalis) ist eine aromatische, mehrj\u00e4hrige Pflanze, die sowohl f\u00fcr die kulinarische als auch f\u00fcr die medizinische Verwendung gesch\u00e4tzt wird. Seine graugr\u00fcnen Bl\u00e4tter verstr\u00f6men ein intensives Aroma und einen leicht bitteren Geschmack mit w\u00fcrzigen Untert\u00f6nen, ideal zum W\u00fcrzen von Fleisch, Eint\u00f6pfen, Suppen oder Aufg\u00fcssen. Au\u00dferdem versch\u00f6nern seine violetten Bl\u00fcten nicht nur <strong>Garten und Obstgarten<\/strong>, sondern ziehen auch Best\u00e4uber an und tragen so zur Artenvielfalt bei.  <\/p>\n<p><strong>Aromatische und vielseitige Bl\u00e4tter:<\/strong> Die Bl\u00e4tter verstr\u00f6men ein frisches und w\u00fcrziges Aroma, ideal zum W\u00fcrzen von gebratenem Fleisch, Eint\u00f6pfen, So\u00dfen oder f\u00fcr die Zubereitung entspannender Aufg\u00fcsse.<\/p>\n<p><strong>Zierblumen:<\/strong> Ihre zarten violetten Bl\u00fcten bringen einen Hauch von Sch\u00f6nheit in den <strong>Obstgarten und den Garten<\/strong> und locken Bienen und Schmetterlinge an, die dem \u00d6kosystem zugute kommen.<\/p>\n<p><strong>Reich an medizinischen Eigenschaften:<\/strong> Traditionell als verdauungsf\u00f6rdernde, entz\u00fcndungshemmende und antioxidative Pflanze verwendet, ist Salbei ein nat\u00fcrlicher Verb\u00fcndeter f\u00fcr das Wohlbefinden.<\/p>\n<p><strong>Einfacher Anbau:<\/strong> Robuste, pflegeleichte Pflanze, ideal f\u00fcr Anf\u00e4nger und erfahrene G\u00e4rtner. Passt sich gut an trockene, sonnige B\u00f6den an. <\/p>\n<p><strong>Reich an N\u00e4hrstoffen:<\/strong> Die Bl\u00e4tter enthalten nat\u00fcrliche Antioxidantien, \u00e4therische \u00d6le und Vitamine, die zu einer gesunden und ausgewogenen Ern\u00e4hrung beitragen.<\/p>\n<p><strong>Biologischer Anbau:<\/strong> Unser Saatgut ist <strong>zu 100% biologisch<\/strong>, frei von Pestiziden und chemischen D\u00fcngemitteln und f\u00f6rdert einen nachhaltigen und umweltfreundlichen <strong>Garten und Obstgarten<\/strong>.<\/p>\n<p>Bauen Sie <strong>Bio-Salbei<\/strong> in Ihrem <strong>Garten<\/strong> an und genie\u00dfen Sie seine vielen kulinarischen, ornamentalen und medizinischen Vorteile. Bestellen Sie noch heute und beginnen Sie mit der Ernte dieser vielseitigen aromatischen Pflanze! <\/p>\n","protected":false},"featured_media":15910,"comment_status":"open","ping_status":"closed","template":"","meta":{"_acf_changed":false},"product_brand":[],"product_cat":[727,419],"product_tag":[1580],"class_list":{"0":"post-19532","1":"product","2":"type-product","3":"status-publish","4":"has-post-thumbnail","6":"product_cat-bio-aroma-saatgut","7":"product_cat-bio-saatgut","8":"product_tag-oko","10":"first","11":"outofstock","12":"taxable","13":"shipping-taxable","14":"purchasable","15":"product-type-simple"},"acf":[],"_links":{"self":[{"href":"https:\/\/cultivers.es\/de\/wp-json\/wp\/v2\/product\/19532","targetHints":{"allow":["GET"]}}],"collection":[{"href":"https:\/\/cultivers.es\/de\/wp-json\/wp\/v2\/product"}],"about":[{"href":"https:\/\/cultivers.es\/de\/wp-json\/wp\/v2\/types\/product"}],"replies":[{"embeddable":true,"href":"https:\/\/cultivers.es\/de\/wp-json\/wp\/v2\/comments?post=19532"}],"wp:featuredmedia":[{"embeddable":true,"href":"https:\/\/cultivers.es\/de\/wp-json\/wp\/v2\/media\/15910"}],"wp:attachment":[{"href":"https:\/\/cultivers.es\/de\/wp-json\/wp\/v2\/media?parent=19532"}],"wp:term":[{"taxonomy":"product_brand","embeddable":true,"href":"https:\/\/cultivers.es\/de\/wp-json\/wp\/v2\/product_brand?post=19532"},{"taxonomy":"product_cat","embeddable":true,"href":"https:\/\/cultivers.es\/de\/wp-json\/wp\/v2\/product_cat?post=19532"},{"taxonomy":"product_tag","embeddable":true,"href":"https:\/\/cultivers.es\/de\/wp-json\/wp\/v2\/product_tag?post=19532"}],"curies":[{"name":"wp","href":"https:\/\/api.w.org\/{rel}","templated":true}]}}