{"id":19537,"date":"2022-10-07T07:21:24","date_gmt":"2022-10-07T07:21:24","guid":{"rendered":"https:\/\/cultivers.es\/abonos\/bio-thymian-samen\/"},"modified":"2025-09-22T05:14:57","modified_gmt":"2025-09-22T05:14:57","slug":"bio-thymian-saatgut","status":"publish","type":"product","link":"https:\/\/cultivers.es\/de\/d\u00fcngemittel\/bio-thymian-saatgut\/","title":{"rendered":"Thymiansamen"},"content":{"rendered":"","protected":false},"excerpt":{"rendered":"<p><strong>Thymian<\/strong> (Thymus vulgaris) ist eine aromatische, mehrj\u00e4hrige Pflanze, die f\u00fcr ihr intensives Aroma und ihren leicht <strong>w\u00fcrzigen, krautigen<\/strong> Geschmack gesch\u00e4tzt wird und sich ideal zum W\u00fcrzen von Fleisch, Suppen, Eint\u00f6pfen, So\u00dfen und Grillgerichten eignet. Neben seiner kulinarischen Verwendung ist Thymian auch f\u00fcr seine <strong>medizinischen<\/strong> Eigenschaften und seine F\u00e4higkeit, Best\u00e4uber anzulocken, bekannt, was ihn zu einer unverzichtbaren Pflanze f\u00fcr den <strong>Garten<\/strong> und den <strong>Gem\u00fcsegarten<\/strong> macht. <\/p>\n<p><strong>Intensives und charakteristisches Aroma:<\/strong> Die kleinen Bl\u00e4tter verstr\u00f6men einen frischen und krautigen Duft, der sich perfekt zum W\u00fcrzen von traditionellen und modernen Rezepten eignet.<\/p>\n<p><strong>Vielseitig in der K\u00fcche:<\/strong> Ideal zum Marinieren von Fleisch, Gefl\u00fcgel, Fisch, gebratenem Gem\u00fcse und Suppen. Es kann auch in Aufg\u00fcssen und aromatischen \u00d6len verwendet werden. <\/p>\n<p><strong>Attraktiv im Obstgarten und im Garten:<\/strong> Die kleinen wei\u00dfen oder lilafarbenen Bl\u00fcten ziehen Bienen, Schmetterlinge und andere Best\u00e4uber an und tragen so zur Artenvielfalt und zum nat\u00fcrlichen Gleichgewicht der Umwelt bei.<\/p>\n<p><strong>Medizinische Eigenschaften:<\/strong> Thymian wird traditionell f\u00fcr seine <strong>verdauungsf\u00f6rdernden, antioxidativen<\/strong> und <strong>antiseptischen<\/strong> Eigenschaften verwendet und ist ein nat\u00fcrliches Heilmittel in Aufg\u00fcssen.<\/p>\n<p><strong>Winterhart und pflegeleicht:<\/strong> Eine pflegeleichte Pflanze, die sich perfekt f\u00fcr trockene und sonnige B\u00f6den eignet und in T\u00f6pfen, auf Balkonen oder im Freiland angebaut werden kann.<\/p>\n<p><strong>Biologischer Anbau:<\/strong> Unser Saatgut ist <strong>100% biologisch<\/strong>, frei von Pestiziden und chemischen D\u00fcngemitteln und f\u00f6rdert einen nachhaltigen und umweltfreundlichen <strong>Garten<\/strong>.<\/p>\n<p>Bauen Sie <strong>Bio-Thymian<\/strong> in Ihrem <strong>Garten oder Gem\u00fcsegarten<\/strong> an und genie\u00dfen Sie sein Aroma, seinen Geschmack und seine medizinische Wirkung. Eine unverzichtbare Pflanze, die Ihre Gr\u00fcnfl\u00e4che versch\u00f6nert und den Geschmack Ihrer Gerichte verbessert. Bestellen Sie noch heute!  <\/p>\n","protected":false},"featured_media":15915,"comment_status":"open","ping_status":"closed","template":"","meta":{"_acf_changed":false},"product_brand":[],"product_cat":[727,419],"product_tag":[1580],"class_list":{"0":"post-19537","1":"product","2":"type-product","3":"status-publish","4":"has-post-thumbnail","6":"product_cat-bio-aroma-saatgut","7":"product_cat-bio-saatgut","8":"product_tag-oko","10":"first","11":"instock","12":"taxable","13":"shipping-taxable","14":"purchasable","15":"product-type-simple"},"acf":[],"_links":{"self":[{"href":"https:\/\/cultivers.es\/de\/wp-json\/wp\/v2\/product\/19537","targetHints":{"allow":["GET"]}}],"collection":[{"href":"https:\/\/cultivers.es\/de\/wp-json\/wp\/v2\/product"}],"about":[{"href":"https:\/\/cultivers.es\/de\/wp-json\/wp\/v2\/types\/product"}],"replies":[{"embeddable":true,"href":"https:\/\/cultivers.es\/de\/wp-json\/wp\/v2\/comments?post=19537"}],"wp:featuredmedia":[{"embeddable":true,"href":"https:\/\/cultivers.es\/de\/wp-json\/wp\/v2\/media\/15915"}],"wp:attachment":[{"href":"https:\/\/cultivers.es\/de\/wp-json\/wp\/v2\/media?parent=19537"}],"wp:term":[{"taxonomy":"product_brand","embeddable":true,"href":"https:\/\/cultivers.es\/de\/wp-json\/wp\/v2\/product_brand?post=19537"},{"taxonomy":"product_cat","embeddable":true,"href":"https:\/\/cultivers.es\/de\/wp-json\/wp\/v2\/product_cat?post=19537"},{"taxonomy":"product_tag","embeddable":true,"href":"https:\/\/cultivers.es\/de\/wp-json\/wp\/v2\/product_tag?post=19537"}],"curies":[{"name":"wp","href":"https:\/\/api.w.org\/{rel}","templated":true}]}}