{"id":19538,"date":"2022-10-07T07:08:50","date_gmt":"2022-10-07T07:08:50","guid":{"rendered":"https:\/\/cultivers.es\/abonos\/bio-kuemmel-samen\/"},"modified":"2025-09-22T04:47:18","modified_gmt":"2025-09-22T04:47:18","slug":"saatgut-alcaravea-okologisch","status":"publish","type":"product","link":"https:\/\/cultivers.es\/de\/d\u00fcngemittel\/saatgut-alcaravea-okologisch\/","title":{"rendered":"K\u00fcmmel-Samen"},"content":{"rendered":"","protected":false},"excerpt":{"rendered":"<p><strong>K\u00fcmmel<\/strong> (Carum carvi) ist eine Aroma- und Heilpflanze, die f\u00fcr ihre Samen mit einem leicht w\u00fcrzigen Geschmack und einem Hauch von Anis sehr gesch\u00e4tzt wird. Diese Samen sind ein traditionelles Gew\u00fcrz in der K\u00fcche mehrerer L\u00e4nder, ideal f\u00fcr Brot, K\u00e4se, Eint\u00f6pfe und Fleisch und verleihen ihm ein einzigartiges Aroma und einen einzigartigen Geschmack. Neben seiner kulinarischen Verwendung wird K\u00fcmmel auch wegen seiner verdauungsf\u00f6rdernden und beruhigenden Eigenschaften gesch\u00e4tzt und in Kr\u00e4utertees und Naturheilmitteln verwendet. Seine Anwesenheit im <strong>Garten<\/strong> sorgt nicht nur f\u00fcr einen besonderen Duft, sondern zieht auch Best\u00e4uber an und f\u00f6rdert die Artenvielfalt.   <\/p>\n<ul>\n<li><strong>Aromatischer und w\u00fcrziger Geschmack:<\/strong> K\u00fcmmel hat einen intensiven, leicht s\u00fc\u00dfen Geschmack mit einem Hauch von Anis und eignet sich hervorragend zum Verfeinern von Brot, Suppen, K\u00e4se und Wurstwaren.<\/li>\n<li><strong>Traditionelle kulinarische Verwendung:<\/strong> Dieses Gew\u00fcrz ist ein wesentlicher Bestandteil der mitteleurop\u00e4ischen K\u00fcche, bereichert klassische Gerichte und verleiht ihnen ein unverwechselbares Aroma.<\/li>\n<li><strong>Verdauungsf\u00f6rdernd:<\/strong> Traditionell in Kr\u00e4utertees verwendet, hilft K\u00fcmmel, Magenbeschwerden zu lindern und die Verdauung zu f\u00f6rdern.<\/li>\n<li><strong>Attraktiv f\u00fcr Best\u00e4uber:<\/strong> Die wei\u00dfen Bl\u00fcten ziehen Bienen und andere n\u00fctzliche Insekten an und f\u00f6rdern so die Artenvielfalt und das Gleichgewicht im <strong>Garten<\/strong>.<\/li>\n<li><strong>Einfacher Anbau:<\/strong> Die robuste und anpassungsf\u00e4hige Pflanze gedeiht in lockeren, gut durchl\u00e4ssigen B\u00f6den und ist sowohl f\u00fcr Anf\u00e4nger als auch f\u00fcr erfahrene G\u00e4rtner geeignet.<\/li>\n<li><strong>Biologischer Anbau:<\/strong> Unser Saatgut ist 100% biologisch, frei von Pestiziden und chemischen D\u00fcngemitteln und garantiert einen nachhaltigen und umweltfreundlichen <strong>Garten<\/strong>.<\/li>\n<\/ul>\n<p>Genie\u00dfen Sie die Intensit\u00e4t, das Aroma und die Eigenschaften von <strong>Bio-K\u00fcmmel<\/strong>, der direkt in Ihrem <strong>Garten<\/strong> angebaut wird, und bringen Sie Geschmack, Tradition und Wohlbefinden in Ihre K\u00fcche.<\/p>\n","protected":false},"featured_media":15870,"comment_status":"open","ping_status":"closed","template":"","meta":{"_acf_changed":false},"product_brand":[],"product_cat":[727,419],"product_tag":[1580],"woo-feed-brand":[],"class_list":{"0":"post-19538","1":"product","2":"type-product","3":"status-publish","4":"has-post-thumbnail","6":"product_cat-bio-aroma-saatgut","7":"product_cat-bio-saatgut","8":"product_tag-oko","10":"first","11":"outofstock","12":"taxable","13":"shipping-taxable","14":"purchasable","15":"product-type-simple"},"acf":[],"_links":{"self":[{"href":"https:\/\/cultivers.es\/de\/wp-json\/wp\/v2\/product\/19538","targetHints":{"allow":["GET"]}}],"collection":[{"href":"https:\/\/cultivers.es\/de\/wp-json\/wp\/v2\/product"}],"about":[{"href":"https:\/\/cultivers.es\/de\/wp-json\/wp\/v2\/types\/product"}],"replies":[{"embeddable":true,"href":"https:\/\/cultivers.es\/de\/wp-json\/wp\/v2\/comments?post=19538"}],"wp:featuredmedia":[{"embeddable":true,"href":"https:\/\/cultivers.es\/de\/wp-json\/wp\/v2\/media\/15870"}],"wp:attachment":[{"href":"https:\/\/cultivers.es\/de\/wp-json\/wp\/v2\/media?parent=19538"}],"wp:term":[{"taxonomy":"product_brand","embeddable":true,"href":"https:\/\/cultivers.es\/de\/wp-json\/wp\/v2\/product_brand?post=19538"},{"taxonomy":"product_cat","embeddable":true,"href":"https:\/\/cultivers.es\/de\/wp-json\/wp\/v2\/product_cat?post=19538"},{"taxonomy":"product_tag","embeddable":true,"href":"https:\/\/cultivers.es\/de\/wp-json\/wp\/v2\/product_tag?post=19538"},{"taxonomy":"woo-feed-brand","embeddable":true,"href":"https:\/\/cultivers.es\/de\/wp-json\/wp\/v2\/woo-feed-brand?post=19538"}],"curies":[{"name":"wp","href":"https:\/\/api.w.org\/{rel}","templated":true}]}}