{"id":19540,"date":"2022-10-07T07:27:27","date_gmt":"2022-10-07T07:27:27","guid":{"rendered":"https:\/\/cultivers.es\/abonos\/chinesischer-bio-schnittlauch-samen\/"},"modified":"2025-09-22T05:15:11","modified_gmt":"2025-09-22T05:15:11","slug":"chinesisch-chinesisches-okologisches-zwiebel-saatgut","status":"publish","type":"product","link":"https:\/\/cultivers.es\/de\/d\u00fcngemittel\/chinesisch-chinesisches-okologisches-zwiebel-saatgut\/","title":{"rendered":"Samen von chinesischem Schnittlauch"},"content":{"rendered":"","protected":false},"excerpt":{"rendered":"<p><strong>Chinesischer Schnittlauch<\/strong> (Allium tuberosum), auch bekannt als Knoblauchschnittlauch, ist eine aromatische Pflanze mit einem delikaten, milden Knoblauchgeschmack, kombiniert mit einem Hauch von Zwiebel. Seine langen, flachen, dunkelgr\u00fcnen Bl\u00e4tter eignen sich perfekt f\u00fcr Salatdressings, So\u00dfen, Suppen, Omeletts und Pfannengerichte. Au\u00dferdem locken seine eleganten und aromatischen wei\u00dfen Bl\u00fcten Best\u00e4uber an, was ihn zu einer ausgezeichneten Wahl sowohl f\u00fcr den <strong>Garten<\/strong> als auch f\u00fcr den <strong>Gem\u00fcsegarten<\/strong> macht.  <\/p>\n<p><strong>Mildes und einzigartiges Aroma:<\/strong> Bietet einen k\u00f6stlichen Hauch von mildem Knoblauch mit einem Hauch von Zwiebel, ideal zum Verfeinern von frischen und gekochten Rezepten, ohne andere Aromen zu \u00fcberlagern.<\/p>\n<p><strong>Zarte, flache Bl\u00e4tter:<\/strong> Perfekt zum Schneiden und Hinzuf\u00fcgen zu Salaten, Omeletts, Suppen oder asiatisch inspirierten Gerichten. Kann frisch oder leicht gekocht verzehrt werden. <\/p>\n<p><strong>Zierblumen:<\/strong> Die kleinen wei\u00dfen Bl\u00fcten sind nicht nur eine Zierde f\u00fcr <strong>Obstg\u00e4rten und G\u00e4rten<\/strong>, sondern ziehen auch Bienen und andere n\u00fctzliche Best\u00e4uber an.<\/p>\n<p><strong>Reich an N\u00e4hrstoffen:<\/strong> Als nat\u00fcrliche Quelle der Vitamine A, C, Eisen und Antioxidantien tr\u00e4gt chinesischer Schnittlauch zu einer ausgewogenen und gesunden Ern\u00e4hrung bei.<\/p>\n<p><strong>Einfach zu z\u00fcchten:<\/strong> Winterharte, pflegeleichte Staude. Passt sich gut an gut durchl\u00e4ssige, sonnige B\u00f6den an, ideal f\u00fcr den Anbau in T\u00f6pfen oder in der Erde. <\/p>\n<p><strong>Biologischer Anbau:<\/strong> Unser Saatgut ist <strong>zu 100% biologisch<\/strong>, frei von Pestiziden und chemischen D\u00fcngemitteln und f\u00f6rdert einen nachhaltigen und umweltfreundlichen <strong>Garten<\/strong> und <strong>Obstgarten<\/strong>.<\/p>\n<p>Erg\u00e4nzen Sie Ihren <strong>Garten<\/strong> mit <strong>Bio-Chinesischem Schnittlauch<\/strong> <strong>und<\/strong> genie\u00dfen Sie seinen frischen Geschmack, seine nahrhaften Eigenschaften und seine dekorative Sch\u00f6nheit. Bestellen Sie noch heute und verleihen Sie Ihren Gerichten eine einzigartige Note! <\/p>\n","protected":false},"featured_media":15880,"comment_status":"open","ping_status":"closed","template":"","meta":{"_acf_changed":false},"product_brand":[],"product_cat":[727,419],"product_tag":[1580],"class_list":{"0":"post-19540","1":"product","2":"type-product","3":"status-publish","4":"has-post-thumbnail","6":"product_cat-bio-aroma-saatgut","7":"product_cat-bio-saatgut","8":"product_tag-oko","10":"first","11":"instock","12":"sale","13":"taxable","14":"shipping-taxable","15":"purchasable","16":"product-type-simple"},"acf":[],"_links":{"self":[{"href":"https:\/\/cultivers.es\/de\/wp-json\/wp\/v2\/product\/19540","targetHints":{"allow":["GET"]}}],"collection":[{"href":"https:\/\/cultivers.es\/de\/wp-json\/wp\/v2\/product"}],"about":[{"href":"https:\/\/cultivers.es\/de\/wp-json\/wp\/v2\/types\/product"}],"replies":[{"embeddable":true,"href":"https:\/\/cultivers.es\/de\/wp-json\/wp\/v2\/comments?post=19540"}],"wp:featuredmedia":[{"embeddable":true,"href":"https:\/\/cultivers.es\/de\/wp-json\/wp\/v2\/media\/15880"}],"wp:attachment":[{"href":"https:\/\/cultivers.es\/de\/wp-json\/wp\/v2\/media?parent=19540"}],"wp:term":[{"taxonomy":"product_brand","embeddable":true,"href":"https:\/\/cultivers.es\/de\/wp-json\/wp\/v2\/product_brand?post=19540"},{"taxonomy":"product_cat","embeddable":true,"href":"https:\/\/cultivers.es\/de\/wp-json\/wp\/v2\/product_cat?post=19540"},{"taxonomy":"product_tag","embeddable":true,"href":"https:\/\/cultivers.es\/de\/wp-json\/wp\/v2\/product_tag?post=19540"}],"curies":[{"name":"wp","href":"https:\/\/api.w.org\/{rel}","templated":true}]}}