{"id":19542,"date":"2022-10-07T07:09:46","date_gmt":"2022-10-07T07:09:46","guid":{"rendered":"https:\/\/cultivers.es\/abonos\/bio-anis-samen\/"},"modified":"2025-09-22T04:47:25","modified_gmt":"2025-09-22T04:47:25","slug":"saatgut-anis-okologisch","status":"publish","type":"product","link":"https:\/\/cultivers.es\/de\/d\u00fcngemittel\/saatgut-anis-okologisch\/","title":{"rendered":"Anis-Samen"},"content":{"rendered":"","protected":false},"excerpt":{"rendered":"<p><strong>Anis<\/strong> (Pimpinella anisum) ist eine aromatische Pflanze, die f\u00fcr ihr charakteristisches s\u00fc\u00dfes Aroma und ihren leicht w\u00fcrzigen, an Lakritz erinnernden Geschmack gesch\u00e4tzt wird. Seine Samen werden in der K\u00fcche verwendet, um Desserts, Brot, Lik\u00f6re, So\u00dfen und traditionelle Gerichte zu w\u00fcrzen und ihnen eine besondere Note zu verleihen. Neben seinem kulinarischen Wert ist Anis auch f\u00fcr seine verdauungsf\u00f6rdernden und beruhigenden Eigenschaften bekannt, was ihn ideal f\u00fcr Aufg\u00fcsse und Naturheilmittel macht. Diese Pflanze kann sowohl im Garten als auch im <strong>Gem\u00fcsegarten<\/strong> erfolgreich angebaut werden und bringt Duft, Geschmack und einen besonderen Charme in Ihre Gr\u00fcnanlage.   <\/p>\n<p><strong>Aromatische Bl\u00e4tter und Bl\u00fcten:<\/strong> Ihre zarten Bl\u00e4tter und wei\u00dfen Bl\u00fcten verstr\u00f6men einen intensiven Duft, der <strong>Obstg\u00e4rten und G\u00e4rten<\/strong> parf\u00fcmiert, eine angenehme Atmosph\u00e4re schafft und Best\u00e4uber anlockt.<\/p>\n<p><strong>S\u00fc\u00dfer und w\u00fcrziger Geschmack:<\/strong> Die Samen geben einen einzigartigen, s\u00fc\u00dfen Geschmack mit einem Hauch von Lakritze, perfekt f\u00fcr Desserts, Brote, Lik\u00f6re und hei\u00dfe Getr\u00e4nke.<\/p>\n<p><strong>Kulinarische und medizinische Verwendung:<\/strong> Anissamen werden traditionell in der mediterranen K\u00fcche und in Naturheilmitteln verwendet, um die Verdauung zu verbessern und Magenbeschwerden zu lindern.<\/p>\n<p><strong>Reich an N\u00e4hrstoffen:<\/strong> Als Quelle von \u00e4therischen \u00d6len, Antioxidantien und n\u00fctzlichen Verbindungen ist Anis eine Bereicherung f\u00fcr Ihre Ern\u00e4hrung und Gesundheit.<\/p>\n<p><strong>Einfacher Anbau:<\/strong> Diese Pflanze ist an verschiedene B\u00f6den und Klimazonen angepasst und eignet sich f\u00fcr Anf\u00e4nger und erfahrene G\u00e4rtner. Sie kann in T\u00f6pfen, Beeten oder Rabatten angebaut werden.<\/p>\n<p><strong>Biologischer Anbau:<\/strong> Unser Saatgut ist <strong>zu 100% biologisch<\/strong>, frei von Pestiziden und chemischen D\u00fcngemitteln und garantiert einen nachhaltigen und umweltfreundlichen <strong>Garten.<\/strong> <\/p>\n<p>Genie\u00dfen Sie das Aroma, den Geschmack und die Eigenschaften von <strong>Bio-Anis<\/strong>, der direkt in Ihrem <strong>Garten<\/strong> angebaut wird <strong>. Er<\/strong> bereichert Ihre kulinarischen Zubereitungen und schafft eine duftende und wohltuende Umgebung.<\/p>\n","protected":false},"featured_media":15875,"comment_status":"open","ping_status":"closed","template":"","meta":{"_acf_changed":false},"product_brand":[],"product_cat":[727,419],"product_tag":[1580],"class_list":{"0":"post-19542","1":"product","2":"type-product","3":"status-publish","4":"has-post-thumbnail","6":"product_cat-bio-aroma-saatgut","7":"product_cat-bio-saatgut","8":"product_tag-oko","10":"first","11":"instock","12":"sale","13":"taxable","14":"shipping-taxable","15":"purchasable","16":"product-type-simple"},"acf":[],"_links":{"self":[{"href":"https:\/\/cultivers.es\/de\/wp-json\/wp\/v2\/product\/19542","targetHints":{"allow":["GET"]}}],"collection":[{"href":"https:\/\/cultivers.es\/de\/wp-json\/wp\/v2\/product"}],"about":[{"href":"https:\/\/cultivers.es\/de\/wp-json\/wp\/v2\/types\/product"}],"replies":[{"embeddable":true,"href":"https:\/\/cultivers.es\/de\/wp-json\/wp\/v2\/comments?post=19542"}],"wp:featuredmedia":[{"embeddable":true,"href":"https:\/\/cultivers.es\/de\/wp-json\/wp\/v2\/media\/15875"}],"wp:attachment":[{"href":"https:\/\/cultivers.es\/de\/wp-json\/wp\/v2\/media?parent=19542"}],"wp:term":[{"taxonomy":"product_brand","embeddable":true,"href":"https:\/\/cultivers.es\/de\/wp-json\/wp\/v2\/product_brand?post=19542"},{"taxonomy":"product_cat","embeddable":true,"href":"https:\/\/cultivers.es\/de\/wp-json\/wp\/v2\/product_cat?post=19542"},{"taxonomy":"product_tag","embeddable":true,"href":"https:\/\/cultivers.es\/de\/wp-json\/wp\/v2\/product_tag?post=19542"}],"curies":[{"name":"wp","href":"https:\/\/api.w.org\/{rel}","templated":true}]}}