{"id":19543,"date":"2022-10-07T07:13:05","date_gmt":"2022-10-07T07:13:05","guid":{"rendered":"https:\/\/cultivers.es\/abonos\/bio-schnittlauch-samen\/"},"modified":"2025-09-22T04:42:01","modified_gmt":"2025-09-22T04:42:01","slug":"zwiebel-okologisches-saatgut","status":"publish","type":"product","link":"https:\/\/cultivers.es\/de\/d\u00fcngemittel\/zwiebel-okologisches-saatgut\/","title":{"rendered":"Schnittlauchsamen"},"content":{"rendered":"","protected":false},"excerpt":{"rendered":"<p><strong>Schnittlauch<\/strong> (Allium schoenoprasum) ist ein aromatisches Kraut, das f\u00fcr seinen zarten, milden Zwiebelgeschmack gesch\u00e4tzt wird, der Salaten, So\u00dfen, Suppen und Omeletts eine frische Note verleiht. Die d\u00fcnnen, hohlen, gr\u00fcnen Bl\u00e4tter k\u00f6nnen regelm\u00e4\u00dfig geschnitten werden, was ein kontinuierliches Wachstum f\u00f6rdert. Neben seinem kulinarischen Wert ist Schnittlauch auch eine Zierpflanze, die mit ihren lilafarbenen Bl\u00fcten einen besonderen Charme verspr\u00fcht und sich sowohl f\u00fcr den <strong>Garten<\/strong> als auch f\u00fcr den <strong>Gem\u00fcsegarten<\/strong> eignet.  <\/p>\n<p><strong>Feine und aromatische Bl\u00e4tter:<\/strong> Die d\u00fcnnen, gr\u00fcnen Bl\u00e4tter verstr\u00f6men ein mildes Aroma, das ideal ist, um den Geschmack verschiedener Gerichte zu verbessern, ohne die anderen Zutaten zu \u00fcberdecken.<\/p>\n<p><strong>Mildes Zwiebelaroma:<\/strong> Sorgt f\u00fcr eine subtile und frische Note, perfekt zur Kombination mit Eiern, K\u00e4se, Gem\u00fcse oder zum Dekorieren und Verfeinern von Salaten und Suppen.<\/p>\n<p><strong>Zierflieder:<\/strong> Seine kleinen violetten Bl\u00fcten sind eine Zierde f\u00fcr <strong>Obstg\u00e4rten und G\u00e4rten<\/strong>, ziehen Best\u00e4uber an und tragen zur Artenvielfalt bei.<\/p>\n<p><strong>Reich an N\u00e4hrstoffen:<\/strong> Schnittlauch ist eine gute Quelle f\u00fcr die Vitamine A und C, Mineralien und Antioxidantien und f\u00f6rdert eine ausgewogene und nahrhafte Ern\u00e4hrung.<\/p>\n<p><strong>Einfacher Anbau:<\/strong> Diese robuste und anpassungsf\u00e4hige Pflanze w\u00e4chst gut in T\u00f6pfen oder direkt in der Erde und ist daher f\u00fcr Anf\u00e4nger und erfahrene G\u00e4rtner geeignet.<\/p>\n<p><strong>Biologischer Anbau:<\/strong> Unser Saatgut ist <strong>zu 100% biologisch<\/strong>, frei von Pestiziden und chemischen D\u00fcngemitteln und f\u00f6rdert einen nachhaltigen und umweltfreundlichen <strong>Garten und Obstgarten<\/strong>.<\/p>\n<p>Genie\u00dfen Sie den Geschmack und das Aroma von <strong>Bio-Schnittlauch<\/strong>, bereichern Sie Ihre Rezepte und versch\u00f6nern Sie Ihren <strong>Garten<\/strong> mit einem vielseitigen und gesunden Kraut.<\/p>\n","protected":false},"featured_media":15885,"comment_status":"open","ping_status":"closed","template":"","meta":{"_acf_changed":false},"product_brand":[],"product_cat":[419,727],"product_tag":[1580],"class_list":{"0":"post-19543","1":"product","2":"type-product","3":"status-publish","4":"has-post-thumbnail","6":"product_cat-bio-saatgut","7":"product_cat-bio-aroma-saatgut","8":"product_tag-oko","10":"first","11":"instock","12":"taxable","13":"shipping-taxable","14":"purchasable","15":"product-type-variable"},"acf":[],"_links":{"self":[{"href":"https:\/\/cultivers.es\/de\/wp-json\/wp\/v2\/product\/19543","targetHints":{"allow":["GET"]}}],"collection":[{"href":"https:\/\/cultivers.es\/de\/wp-json\/wp\/v2\/product"}],"about":[{"href":"https:\/\/cultivers.es\/de\/wp-json\/wp\/v2\/types\/product"}],"replies":[{"embeddable":true,"href":"https:\/\/cultivers.es\/de\/wp-json\/wp\/v2\/comments?post=19543"}],"wp:featuredmedia":[{"embeddable":true,"href":"https:\/\/cultivers.es\/de\/wp-json\/wp\/v2\/media\/15885"}],"wp:attachment":[{"href":"https:\/\/cultivers.es\/de\/wp-json\/wp\/v2\/media?parent=19543"}],"wp:term":[{"taxonomy":"product_brand","embeddable":true,"href":"https:\/\/cultivers.es\/de\/wp-json\/wp\/v2\/product_brand?post=19543"},{"taxonomy":"product_cat","embeddable":true,"href":"https:\/\/cultivers.es\/de\/wp-json\/wp\/v2\/product_cat?post=19543"},{"taxonomy":"product_tag","embeddable":true,"href":"https:\/\/cultivers.es\/de\/wp-json\/wp\/v2\/product_tag?post=19543"}],"curies":[{"name":"wp","href":"https:\/\/api.w.org\/{rel}","templated":true}]}}