{"id":19546,"date":"2022-10-07T07:19:14","date_gmt":"2022-10-07T07:19:14","guid":{"rendered":"https:\/\/cultivers.es\/abonos\/bio-petersilie-samen\/"},"modified":"2025-09-22T05:36:26","modified_gmt":"2025-09-22T05:36:26","slug":"bio-petersiliensaatgut","status":"publish","type":"product","link":"https:\/\/cultivers.es\/de\/d\u00fcngemittel\/bio-petersiliensaatgut\/","title":{"rendered":"Petersiliensamen"},"content":{"rendered":"","protected":false},"excerpt":{"rendered":"<p><strong>Petersilie<\/strong> (Petroselinum crispum) ist eines der beliebtesten Kr\u00e4uter in der K\u00fcche. Sie ist bekannt f\u00fcr ihre Frische und ihre F\u00e4higkeit, den Geschmack einer Vielzahl von Gerichten zu verbessern. Mit ihren leuchtend gr\u00fcnen Bl\u00e4ttern und ihrem leicht w\u00fcrzigen Geschmack ist Petersilie ideal f\u00fcr Salate, So\u00dfen, Suppen, Eint\u00f6pfe oder als Garnitur f\u00fcr verschiedene Gerichte. Abgesehen von ihrem kulinarischen Wert ist Petersilie eine robuste und leicht zu ziehende Pflanze, die sich sowohl f\u00fcr den <strong>Garten<\/strong> als auch f\u00fcr den <strong>Gem\u00fcsegarten<\/strong> eignet.  <\/p>\n<p><strong>Frische und aromatische Bl\u00e4tter:<\/strong> Petersilie bietet leuchtend gr\u00fcne Bl\u00e4tter mit einem frischen und w\u00fcrzigen Aroma, das den Geschmack aller Arten von Gerichten verbessert.<\/p>\n<p><strong>Milder und erfrischender Geschmack:<\/strong> Sein leicht w\u00fcrziger und erfrischender Geschmack ist ideal f\u00fcr Salate, Saucen, Suppen oder als Beilage zu Hauptgerichten.<\/p>\n<p><strong>Reich an N\u00e4hrstoffen:<\/strong> Als Quelle f\u00fcr die Vitamine A, C, K und Antioxidantien verfeinert Petersilie nicht nur den Geschmack Ihrer Zubereitungen, sondern ist auch ein nahrhafter Verb\u00fcndeter f\u00fcr Ihre Ern\u00e4hrung.<\/p>\n<p><strong>Einfacher Anbau:<\/strong> Sie passt sich gut an verschiedene Bodenarten und Klimazonen an, ist eine robuste Pflanze und kann in jedem <strong>Garten<\/strong> oder <strong>Obstgarten<\/strong> angebaut werden.<\/p>\n<p><strong>Biologischer Anbau:<\/strong> Unser Saatgut ist <strong>zu 100% biologisch<\/strong>, frei von Pestiziden und chemischen D\u00fcngemitteln und f\u00f6rdert einen nachhaltigen und umweltfreundlichen <strong>Garten<\/strong> und <strong>Obstgarten<\/strong>.<\/p>\n<p>Genie\u00dfen Sie den frischen Geschmack und die Vielseitigkeit der <strong>Bio-Petersilie<\/strong> direkt aus Ihrem <strong>Garten<\/strong> und verleihen Sie Ihren Gerichten eine gesunde und k\u00f6stliche Note. Bestellen Sie noch heute und genie\u00dfen Sie dieses unverzichtbare Kraut in Ihrer K\u00fcche! <\/p>\n","protected":false},"featured_media":15920,"comment_status":"open","ping_status":"closed","template":"","meta":{"_acf_changed":false},"product_brand":[],"product_cat":[727,419],"product_tag":[1580],"class_list":{"0":"post-19546","1":"product","2":"type-product","3":"status-publish","4":"has-post-thumbnail","6":"product_cat-bio-aroma-saatgut","7":"product_cat-bio-saatgut","8":"product_tag-oko","10":"first","11":"instock","12":"taxable","13":"shipping-taxable","14":"purchasable","15":"product-type-simple"},"acf":[],"_links":{"self":[{"href":"https:\/\/cultivers.es\/de\/wp-json\/wp\/v2\/product\/19546","targetHints":{"allow":["GET"]}}],"collection":[{"href":"https:\/\/cultivers.es\/de\/wp-json\/wp\/v2\/product"}],"about":[{"href":"https:\/\/cultivers.es\/de\/wp-json\/wp\/v2\/types\/product"}],"replies":[{"embeddable":true,"href":"https:\/\/cultivers.es\/de\/wp-json\/wp\/v2\/comments?post=19546"}],"wp:featuredmedia":[{"embeddable":true,"href":"https:\/\/cultivers.es\/de\/wp-json\/wp\/v2\/media\/15920"}],"wp:attachment":[{"href":"https:\/\/cultivers.es\/de\/wp-json\/wp\/v2\/media?parent=19546"}],"wp:term":[{"taxonomy":"product_brand","embeddable":true,"href":"https:\/\/cultivers.es\/de\/wp-json\/wp\/v2\/product_brand?post=19546"},{"taxonomy":"product_cat","embeddable":true,"href":"https:\/\/cultivers.es\/de\/wp-json\/wp\/v2\/product_cat?post=19546"},{"taxonomy":"product_tag","embeddable":true,"href":"https:\/\/cultivers.es\/de\/wp-json\/wp\/v2\/product_tag?post=19546"}],"curies":[{"name":"wp","href":"https:\/\/api.w.org\/{rel}","templated":true}]}}