{"id":19547,"date":"2022-10-07T07:17:33","date_gmt":"2022-10-07T07:17:33","guid":{"rendered":"https:\/\/cultivers.es\/abonos\/bio-melissen-samen\/"},"modified":"2025-09-22T05:14:37","modified_gmt":"2025-09-22T05:14:37","slug":"bio-melissen-samen","status":"publish","type":"product","link":"https:\/\/cultivers.es\/de\/d\u00fcngemittel\/bio-melissen-samen\/","title":{"rendered":"Biologisch-dynamische Melissen-Samen Demeter"},"content":{"rendered":"","protected":false},"excerpt":{"rendered":"<p>Bringen Sie einen Hauch von Frische und Wohlbefinden in Ihren Garten mit unseren Demeter Bio-Melissen-Samen. Die Melisse, auch bekannt als Zitronenmelisse, ist eine mehrj\u00e4hrige Pflanze, die f\u00fcr ihre beruhigenden Eigenschaften und ihren erfrischenden Zitronenduft gesch\u00e4tzt wird. Die Melisse eignet sich perfekt f\u00fcr beruhigende Kr\u00e4utertees, \u00e4therische \u00d6le und zum Anlocken von Best\u00e4ubern und ist eine ideale Wahl f\u00fcr alle, die eine Zier- und Heilpflanze suchen. Demeter-zertifiziert, garantieren wir einen nachhaltigen und umweltfreundlichen Anbau.   <\/p>\n<ul>\n<li><strong>Erfrischendes Zitronenaroma:<\/strong> Die Melisse ist bekannt f\u00fcr ihr angenehmes und erfrischendes Zitronenaroma, das von ihren Bl\u00e4ttern ausgeht und das Sie sowohl im Garten als auch in Aufg\u00fcssen und anderen Hausmitteln genie\u00dfen k\u00f6nnen.<\/li>\n<li><strong>Beruhigende und entspannende Eigenschaften:<\/strong> Diese Pflanze wird in der Kr\u00e4utermedizin h\u00e4ufig zur Behandlung von Stress, Angstzust\u00e4nden und Schlaflosigkeit eingesetzt. Sie ist daher die perfekte Wahl f\u00fcr alle, die eine Heilpflanze suchen, die sich leicht zu Hause anbauen l\u00e4sst.<\/li>\n<li><strong>Ideal f\u00fcr Aufg\u00fcsse und \u00d6le:<\/strong> Frische oder getrocknete Melissenbl\u00e4tter k\u00f6nnen zur Herstellung von wohltuenden Aufg\u00fcssen und \u00e4therischen \u00d6len verwendet werden oder Speisen und Getr\u00e4nken eine aromatische Note verleihen.<\/li>\n<li><strong>Anziehungskraft f\u00fcr Best\u00e4uber:<\/strong> Die Melisse eignet sich hervorragend, um Bienen und andere Best\u00e4uber in Ihren Garten zu locken, was die Artenvielfalt f\u00f6rdert und die allgemeine Gesundheit Ihres Gartens verbessert.<\/li>\n<li><strong>Demeter-Zertifizierung:<\/strong> Dieses Saatgut ist Demeter-zertifiziert, was garantiert, dass es nach den Grunds\u00e4tzen der biodynamischen Landwirtschaft angebaut wurde und die nat\u00fcrlichen Kreisl\u00e4ufe des Bodens und des \u00d6kosystems respektiert.<\/li>\n<li><strong>Einfacher Anbau:<\/strong> Die Melisse ist eine winterharte Staude, die sich gut an verschiedene Bodenarten und Klimazonen anpasst. Sie ist pflegeleicht und sowohl f\u00fcr Anf\u00e4nger als auch f\u00fcr erfahrene G\u00e4rtner geeignet. <\/li>\n<\/ul>\n<p>Bringen Sie Frische, Aroma und Wohlbefinden in Ihren Garten mit Demeter Bio-Melissen-Samen. Genie\u00dfen Sie ihre medizinischen Eigenschaften und ihr angenehmes Zitronenaroma und f\u00f6rdern Sie gleichzeitig die Artenvielfalt und den nachhaltigen Anbau in Ihrem Garten. Bestellen Sie noch heute und genie\u00dfen Sie die vielf\u00e4ltigen Vorteile der Melisse!  <\/p>\n","protected":false},"featured_media":15900,"comment_status":"open","ping_status":"closed","template":"","meta":{"_acf_changed":false},"product_brand":[],"product_cat":[727,419,1304],"product_tag":[1384],"class_list":{"0":"post-19547","1":"product","2":"type-product","3":"status-publish","4":"has-post-thumbnail","6":"product_cat-bio-aroma-saatgut","7":"product_cat-bio-saatgut","8":"product_cat-demeter-samen","9":"product_tag-demeter-de","11":"first","12":"instock","13":"taxable","14":"shipping-taxable","15":"purchasable","16":"product-type-simple"},"acf":[],"_links":{"self":[{"href":"https:\/\/cultivers.es\/de\/wp-json\/wp\/v2\/product\/19547","targetHints":{"allow":["GET"]}}],"collection":[{"href":"https:\/\/cultivers.es\/de\/wp-json\/wp\/v2\/product"}],"about":[{"href":"https:\/\/cultivers.es\/de\/wp-json\/wp\/v2\/types\/product"}],"replies":[{"embeddable":true,"href":"https:\/\/cultivers.es\/de\/wp-json\/wp\/v2\/comments?post=19547"}],"wp:featuredmedia":[{"embeddable":true,"href":"https:\/\/cultivers.es\/de\/wp-json\/wp\/v2\/media\/15900"}],"wp:attachment":[{"href":"https:\/\/cultivers.es\/de\/wp-json\/wp\/v2\/media?parent=19547"}],"wp:term":[{"taxonomy":"product_brand","embeddable":true,"href":"https:\/\/cultivers.es\/de\/wp-json\/wp\/v2\/product_brand?post=19547"},{"taxonomy":"product_cat","embeddable":true,"href":"https:\/\/cultivers.es\/de\/wp-json\/wp\/v2\/product_cat?post=19547"},{"taxonomy":"product_tag","embeddable":true,"href":"https:\/\/cultivers.es\/de\/wp-json\/wp\/v2\/product_tag?post=19547"}],"curies":[{"name":"wp","href":"https:\/\/api.w.org\/{rel}","templated":true}]}}