{"id":19564,"date":"2022-10-07T07:19:27","date_gmt":"2022-10-07T07:19:27","guid":{"rendered":"https:\/\/cultivers.es\/abonos\/bio-hissopo-samen\/"},"modified":"2025-09-22T05:15:34","modified_gmt":"2025-09-22T05:15:34","slug":"saatgut-hissopo-okologie","status":"publish","type":"product","link":"https:\/\/cultivers.es\/de\/d\u00fcngemittel\/saatgut-hissopo-okologie\/","title":{"rendered":"Hissopo-Samen"},"content":{"rendered":"","protected":false},"excerpt":{"rendered":"<p><strong>Ysop<\/strong> (Hyssopus officinalis) ist eine aromatische, mehrj\u00e4hrige Pflanze, die f\u00fcr ihre schmalen Bl\u00e4tter und blauen, violetten oder rosa Bl\u00fcten bekannt ist. Sein frisches Aroma und sein leicht bitterer, w\u00fcrziger Geschmack machen ihn zu einer ausgezeichneten Erg\u00e4nzung f\u00fcr Saucen, Marinaden, Aufg\u00fcsse, Fleisch und Salate. Dar\u00fcber hinaus wird Ysop f\u00fcr seine medizinischen Eigenschaften und seine F\u00e4higkeit, Best\u00e4uber anzulocken, gesch\u00e4tzt, was ihn zu einer idealen Pflanze f\u00fcr den <strong>Garten<\/strong> oder <strong>Obstgarten<\/strong> macht.  <\/p>\n<p><strong>Frisches und w\u00fcrziges Aroma:<\/strong> Seine aromatischen Bl\u00e4tter verstr\u00f6men einen frischen und krautigen Duft, der ideal zum W\u00fcrzen Ihrer kulinarischen Zubereitungen ist.<\/p>\n<p><strong>W\u00fcrziger und delikater Geschmack:<\/strong> Sein charakteristischer Geschmack mit einer leicht bitteren Note eignet sich hervorragend, um Fleischgerichten, Suppen oder So\u00dfen Komplexit\u00e4t zu verleihen, aber auch f\u00fcr Kr\u00e4utertees.<\/p>\n<p><strong>Attraktive Bl\u00fcten:<\/strong> Ihre kleinen blauen, violetten oder rosafarbenen Bl\u00fcten versch\u00f6nern nicht nur den <strong>Obstgarten<\/strong> oder <strong>Garten<\/strong>, sondern locken auch Bienen und andere Best\u00e4uber an und f\u00f6rdern so die Artenvielfalt.<\/p>\n<p><strong>Reich an medizinischen Eigenschaften:<\/strong> Der Ysop wird traditionell zur Linderung von Atemwegs- und Verdauungsbeschwerden und als entz\u00fcndungshemmendes Mittel verwendet. Er ist eine Pflanze mit vielen Vorteilen.<\/p>\n<p><strong>Einfacher Anbau:<\/strong> Die Pflanze ist an verschiedene Bodentypen und Klimabedingungen angepasst. Sie ist robust und einfach anzubauen und eignet sich f\u00fcr Anf\u00e4nger und erfahrene G\u00e4rtner.<\/p>\n<p><strong>Biologischer Anbau:<\/strong> Unser Saatgut ist <strong>100% biologisch<\/strong>, frei von Pestiziden und chemischen D\u00fcngemitteln und garantiert einen nachhaltigen und umweltfreundlichen <strong>Garten<\/strong>.<\/p>\n<p>Genie\u00dfen Sie die Frische, das Aroma und die Eigenschaften von <strong>Bio-Hyssop<\/strong>, und verleihen Sie Ihrem <strong>Garten<\/strong> oder <strong>Gem\u00fcsegarten<\/strong> eine einzigartige und gesunde Note. Bestellen Sie noch heute und beginnen Sie mit dem Anbau dieser vielseitigen und aromatischen Pflanze! <\/p>\n","protected":false},"featured_media":15895,"comment_status":"open","ping_status":"closed","template":"","meta":{"_acf_changed":false},"product_brand":[],"product_cat":[727,419],"product_tag":[1580],"class_list":{"0":"post-19564","1":"product","2":"type-product","3":"status-publish","4":"has-post-thumbnail","6":"product_cat-bio-aroma-saatgut","7":"product_cat-bio-saatgut","8":"product_tag-oko","10":"first","11":"instock","12":"taxable","13":"shipping-taxable","14":"purchasable","15":"product-type-simple"},"acf":[],"_links":{"self":[{"href":"https:\/\/cultivers.es\/de\/wp-json\/wp\/v2\/product\/19564","targetHints":{"allow":["GET"]}}],"collection":[{"href":"https:\/\/cultivers.es\/de\/wp-json\/wp\/v2\/product"}],"about":[{"href":"https:\/\/cultivers.es\/de\/wp-json\/wp\/v2\/types\/product"}],"replies":[{"embeddable":true,"href":"https:\/\/cultivers.es\/de\/wp-json\/wp\/v2\/comments?post=19564"}],"wp:featuredmedia":[{"embeddable":true,"href":"https:\/\/cultivers.es\/de\/wp-json\/wp\/v2\/media\/15895"}],"wp:attachment":[{"href":"https:\/\/cultivers.es\/de\/wp-json\/wp\/v2\/media?parent=19564"}],"wp:term":[{"taxonomy":"product_brand","embeddable":true,"href":"https:\/\/cultivers.es\/de\/wp-json\/wp\/v2\/product_brand?post=19564"},{"taxonomy":"product_cat","embeddable":true,"href":"https:\/\/cultivers.es\/de\/wp-json\/wp\/v2\/product_cat?post=19564"},{"taxonomy":"product_tag","embeddable":true,"href":"https:\/\/cultivers.es\/de\/wp-json\/wp\/v2\/product_tag?post=19564"}],"curies":[{"name":"wp","href":"https:\/\/api.w.org\/{rel}","templated":true}]}}