{"id":19571,"date":"2022-10-07T07:20:09","date_gmt":"2022-10-07T07:20:09","guid":{"rendered":"https:\/\/cultivers.es\/abonos\/italienische-riesenpetersilie-saatgut\/"},"modified":"2026-02-17T18:40:13","modified_gmt":"2026-02-17T18:40:13","slug":"petersilie-petersiliensamen-ganz-aus-italien","status":"publish","type":"product","link":"https:\/\/cultivers.es\/de\/d\u00fcngemittel\/petersilie-petersiliensamen-ganz-aus-italien\/","title":{"rendered":"Italienische Riesenpetersilie Saatgut"},"content":{"rendered":"","protected":false},"excerpt":{"rendered":"<p><strong>Italienische Riesenpetersilie<\/strong> ist eine Sorte, die f\u00fcr ihre gro\u00dfen, tiefgr\u00fcnen Bl\u00e4tter und ihre weiche Textur bekannt ist. Diese Petersiliensorte wird sowohl wegen ihrer Gr\u00f6\u00dfe als auch wegen ihres kr\u00e4ftigen, frischen Geschmacks gesch\u00e4tzt. Sie eignet sich ideal zum W\u00fcrzen einer Vielzahl von Gerichten, von Salaten und Suppen bis hin zu Eint\u00f6pfen und So\u00dfen. Sie ist au\u00dferdem eine pflegeleichte Pflanze, die sich gut an verschiedene Bodentypen anpasst und ideal f\u00fcr Ihren <strong>Garten<\/strong> oder <strong>Gem\u00fcsegarten<\/strong> ist.  <\/p>\n<p><strong>Gro\u00dfe, weiche Bl\u00e4tter:<\/strong> Die Bl\u00e4tter dieser Petersilie haben eine beachtliche Gr\u00f6\u00dfe und sind perfekt f\u00fcr diejenigen, die eine reiche Ernte von hoher Qualit\u00e4t w\u00fcnschen.<\/p>\n<p><strong>Frischer und kr\u00e4ftiger Geschmack:<\/strong> Sein intensiver und erfrischender Geschmack macht ihn perfekt, um Ihren Lieblingsrezepten, wie Eint\u00f6pfen, Salaten, So\u00dfen und mehr, eine besondere Note zu verleihen.<\/p>\n<p><strong>Widerstandsf\u00e4hige und produktive Pflanze:<\/strong> Diese Petersilie w\u00e4chst leicht und bietet eine reiche Ernte w\u00e4hrend der gesamten Saison.<\/p>\n<p><strong>Reich an N\u00e4hrstoffen:<\/strong> Petersilie ist eine ausgezeichnete Quelle f\u00fcr die Vitamine A, C, K und Mineralien wie Eisen und damit eine hervorragende Erg\u00e4nzung f\u00fcr eine gesunde Ern\u00e4hrung.<\/p>\n<p><strong>Einfacher Anbau:<\/strong> Sie passt sich gut an verschiedene klimatische Bedingungen und B\u00f6den an und ist daher f\u00fcr Anf\u00e4nger und erfahrene G\u00e4rtner geeignet.<\/p>\n<p><strong>Biologischer Anbau:<\/strong> Unser Saatgut ist <strong>100% biologisch<\/strong>, frei von Pestiziden und chemischen D\u00fcngemitteln und f\u00f6rdert einen nachhaltigen und umweltfreundlichen <strong>Garten<\/strong>.<\/p>\n<p>Genie\u00dfen Sie die Frische und Vielseitigkeit der <strong>Riesenpetersilie von Italy Organic<\/strong> und verleihen Sie Ihren Gerichten eine gesunde und k\u00f6stliche Note direkt aus Ihrem <strong>Garten<\/strong> oder <strong>Gem\u00fcsegarten<\/strong>. Bestellen Sie noch heute und fangen Sie an, diese aromatische Pflanze in Ihrem Gr\u00fcnraum zu ernten! <\/p>\n","protected":false},"featured_media":15905,"comment_status":"open","ping_status":"closed","template":"","meta":{"_acf_changed":false},"product_brand":[],"product_cat":[727,419],"product_tag":[1580],"class_list":{"0":"post-19571","1":"product","2":"type-product","3":"status-publish","4":"has-post-thumbnail","6":"product_cat-bio-aroma-saatgut","7":"product_cat-bio-saatgut","8":"product_tag-oko","10":"first","11":"instock","12":"taxable","13":"shipping-taxable","14":"purchasable","15":"product-type-simple"},"acf":[],"_links":{"self":[{"href":"https:\/\/cultivers.es\/de\/wp-json\/wp\/v2\/product\/19571","targetHints":{"allow":["GET"]}}],"collection":[{"href":"https:\/\/cultivers.es\/de\/wp-json\/wp\/v2\/product"}],"about":[{"href":"https:\/\/cultivers.es\/de\/wp-json\/wp\/v2\/types\/product"}],"replies":[{"embeddable":true,"href":"https:\/\/cultivers.es\/de\/wp-json\/wp\/v2\/comments?post=19571"}],"wp:featuredmedia":[{"embeddable":true,"href":"https:\/\/cultivers.es\/de\/wp-json\/wp\/v2\/media\/15905"}],"wp:attachment":[{"href":"https:\/\/cultivers.es\/de\/wp-json\/wp\/v2\/media?parent=19571"}],"wp:term":[{"taxonomy":"product_brand","embeddable":true,"href":"https:\/\/cultivers.es\/de\/wp-json\/wp\/v2\/product_brand?post=19571"},{"taxonomy":"product_cat","embeddable":true,"href":"https:\/\/cultivers.es\/de\/wp-json\/wp\/v2\/product_cat?post=19571"},{"taxonomy":"product_tag","embeddable":true,"href":"https:\/\/cultivers.es\/de\/wp-json\/wp\/v2\/product_tag?post=19571"}],"curies":[{"name":"wp","href":"https:\/\/api.w.org\/{rel}","templated":true}]}}