{"id":19580,"date":"2022-10-07T07:14:58","date_gmt":"2022-10-07T07:14:58","guid":{"rendered":"https:\/\/cultivers.es\/abonos\/bio-koriander-samen\/"},"modified":"2025-09-22T04:42:14","modified_gmt":"2025-09-22T04:42:14","slug":"bio-koriander-oko-saatgut","status":"publish","type":"product","link":"https:\/\/cultivers.es\/de\/d\u00fcngemittel\/bio-koriander-oko-saatgut\/","title":{"rendered":"Koriandersamen"},"content":{"rendered":"","protected":false},"excerpt":{"rendered":"<p><strong>Koriander<\/strong> (Coriandrum sativum) ist ein aromatisches Kraut, das f\u00fcr seinen frischen, leicht zitrusartigen Geschmack und sein intensives Aroma gesch\u00e4tzt wird. Seine zarten gr\u00fcnen Bl\u00e4tter sind in vielen K\u00fcchen der Welt zu finden und verleihen Salaten, Saucen, Currys, Suppen und Eint\u00f6pfen eine einzigartige Note. Dar\u00fcber hinaus werden seine Samen auch als Gew\u00fcrz verwendet, um s\u00fc\u00dfen und herzhaften Gerichten Komplexit\u00e4t und Nuancen zu verleihen. Die Pflanze ist einfach anzubauen und eignet sich sowohl f\u00fcr den <strong>Garten<\/strong> als auch f\u00fcr den <strong>Gem\u00fcsegarten<\/strong>. Sie bietet kontinuierliche Ernten und ein unverwechselbares Aroma.   <\/p>\n<p><strong>Frischer und zitrusartiger Geschmack:<\/strong> Die Bl\u00e4tter verstr\u00f6men einen lebendigen und erfrischenden Geschmack, der sich perfekt eignet, um internationale Rezepte zu verfeinern oder Alltagsgerichten eine besondere Note zu verleihen.<\/p>\n<p><strong>Zarte und aromatische Bl\u00e4tter:<\/strong> Gr\u00fcn, weich und zart, sind sie ideal f\u00fcr den Frischverzehr und bewahren ihr ganzes charakteristisches Aroma und ihren Geschmack.<\/p>\n<p><strong>Vielseitig in der K\u00fcche:<\/strong> Neben den Bl\u00e4ttern werden auch die Koriandersamen als Gew\u00fcrz verwendet, das Fleisch, Eint\u00f6pfen, Broten und Desserts W\u00e4rme und Tiefe verleiht.<\/p>\n<p><strong>Attraktiv in Obstg\u00e4rten und G\u00e4rten:<\/strong> Ihre zarten wei\u00dfen Bl\u00fcten ziehen Best\u00e4uber an und tragen so zur Artenvielfalt und zur Gesundheit der Umwelt bei.<\/p>\n<p><strong>Reich an N\u00e4hrstoffen:<\/strong> Als Quelle von Antioxidantien, Vitaminen und Mineralien ist Koriander ein gesunder Verb\u00fcndeter in der t\u00e4glichen Ern\u00e4hrung.<\/p>\n<p><strong>Einfacher Anbau:<\/strong> Dieses Kraut passt sich an verschiedene B\u00f6den und Klimazonen an und w\u00e4chst leicht, so dass Sie die ganze Saison \u00fcber eine regelm\u00e4\u00dfige Ernte erhalten.<\/p>\n<p><strong>Biologischer Anbau:<\/strong> Unser Saatgut ist <strong>zu 100% biologisch<\/strong>, frei von Pestiziden und chemischen D\u00fcngemitteln und gew\u00e4hrleistet eine nachhaltige und umweltfreundliche Umgebung.<\/p>\n<p>Genie\u00dfen Sie die Frische, die Vielseitigkeit und das Aroma von <strong>Bio-Koriander<\/strong>, der direkt in Ihrem <strong>Garten<\/strong> w\u00e4chst <strong>und<\/strong> Ihren Lieblingsrezepten einen authentischen, internationalen Geschmack verleiht.<\/p>\n","protected":false},"featured_media":15855,"comment_status":"open","ping_status":"closed","template":"","meta":{"_acf_changed":false},"product_brand":[],"product_cat":[419,727],"product_tag":[1580],"class_list":{"0":"post-19580","1":"product","2":"type-product","3":"status-publish","4":"has-post-thumbnail","6":"product_cat-bio-saatgut","7":"product_cat-bio-aroma-saatgut","8":"product_tag-oko","10":"first","11":"instock","12":"taxable","13":"shipping-taxable","14":"purchasable","15":"product-type-simple"},"acf":[],"_links":{"self":[{"href":"https:\/\/cultivers.es\/de\/wp-json\/wp\/v2\/product\/19580","targetHints":{"allow":["GET"]}}],"collection":[{"href":"https:\/\/cultivers.es\/de\/wp-json\/wp\/v2\/product"}],"about":[{"href":"https:\/\/cultivers.es\/de\/wp-json\/wp\/v2\/types\/product"}],"replies":[{"embeddable":true,"href":"https:\/\/cultivers.es\/de\/wp-json\/wp\/v2\/comments?post=19580"}],"wp:featuredmedia":[{"embeddable":true,"href":"https:\/\/cultivers.es\/de\/wp-json\/wp\/v2\/media\/15855"}],"wp:attachment":[{"href":"https:\/\/cultivers.es\/de\/wp-json\/wp\/v2\/media?parent=19580"}],"wp:term":[{"taxonomy":"product_brand","embeddable":true,"href":"https:\/\/cultivers.es\/de\/wp-json\/wp\/v2\/product_brand?post=19580"},{"taxonomy":"product_cat","embeddable":true,"href":"https:\/\/cultivers.es\/de\/wp-json\/wp\/v2\/product_cat?post=19580"},{"taxonomy":"product_tag","embeddable":true,"href":"https:\/\/cultivers.es\/de\/wp-json\/wp\/v2\/product_tag?post=19580"}],"curies":[{"name":"wp","href":"https:\/\/api.w.org\/{rel}","templated":true}]}}