{"id":19585,"date":"2022-10-07T07:15:57","date_gmt":"2022-10-07T07:15:57","guid":{"rendered":"https:\/\/cultivers.es\/abonos\/bio-dill-samen\/"},"modified":"2025-09-22T04:42:19","modified_gmt":"2025-09-22T04:42:19","slug":"dill-saatgut-okologisch","status":"publish","type":"product","link":"https:\/\/cultivers.es\/de\/d\u00fcngemittel\/dill-saatgut-okologisch\/","title":{"rendered":"Dill-Samen"},"content":{"rendered":"","protected":false},"excerpt":{"rendered":"<p><strong>Dill<\/strong> (Anethum graveolens) ist ein aromatisches Kraut, das f\u00fcr seinen frischen, leicht anisartigen Geschmack und sein feines Aroma gesch\u00e4tzt wird. Seine fein zerteilten Bl\u00e4tter und seine charakteristische gr\u00fcne Farbe verleihen der K\u00fcche eine besondere Note und machen ihn ideal zum W\u00fcrzen von Fisch, Meeresfr\u00fcchten, Salaten, So\u00dfen, Vinaigrettes und Ei- oder Kartoffelgerichten. Dar\u00fcber hinaus sind seine gelben Bl\u00fcten im <strong>Obstgarten und im Garten<\/strong> attraktiv, tragen zur Artenvielfalt bei und locken Best\u00e4uber an.  <\/p>\n<p><strong>Frisches und leichtes Aroma:<\/strong> Sein subtiler und erfrischender Duft bereichert Salate, Marinaden und Pickles sowie Fisch- und Meeresfr\u00fcchtegerichte.<\/p>\n<p><strong>Milder und anisartiger Geschmack:<\/strong> Seine Bl\u00e4tter verleihen ihm eine anisartige und krautige Nuance, was ihn zu einer wichtigen Zutat in der mediterranen, skandinavischen und osteurop\u00e4ischen K\u00fcche macht.<\/p>\n<p><strong>Zarte und dekorative Bl\u00e4tter:<\/strong> Gr\u00fcn und fein geteilt, verleihen sie Garnierungen und kulinarischen Pr\u00e4sentationen einen eleganten Touch.<\/p>\n<p><strong>Attraktiv in Obstgarten und Garten:<\/strong> Die gelben Bl\u00fcten des Dills ziehen Bienen und Schmetterlinge an, f\u00f6rdern die Best\u00e4ubung und tragen zu einer lebendigeren und umweltfreundlicheren Umwelt bei.<\/p>\n<p><strong>Reich an N\u00e4hrstoffen:<\/strong> Quelle von Antioxidantien, Vitaminen C und B sowie essentiellen Mineralien, die der Gesundheit zugute kommen.<\/p>\n<p><strong>Einfacher Anbau:<\/strong> Dill passt sich an verschiedene Klimazonen und B\u00f6den an und ist f\u00fcr Anf\u00e4nger und erfahrene G\u00e4rtner geeignet. Er kann in T\u00f6pfen, auf Balkonen oder direkt im Boden angebaut werden.<\/p>\n<p><strong>Biologischer Anbau:<\/strong> Unser Saatgut ist 100% biologisch, frei von Pestiziden und chemischen D\u00fcngemitteln und unterst\u00fctzt einen nachhaltigen und umweltfreundlichen <strong>Garten und Obstgarten<\/strong>.<\/p>\n<p>Genie\u00dfen Sie den Geschmack, die Frische und die Vielseitigkeit von <strong>Bio-Dill<\/strong> und verleihen Sie Ihren kulinarischen Zubereitungen eine delikate und aromatische Note und tragen Sie gleichzeitig zum nat\u00fcrlichen Gleichgewicht Ihrer Umwelt bei.<\/p>\n","protected":false},"featured_media":15890,"comment_status":"open","ping_status":"closed","template":"","meta":{"_acf_changed":false},"product_brand":[],"product_cat":[727,419],"product_tag":[1580],"class_list":{"0":"post-19585","1":"product","2":"type-product","3":"status-publish","4":"has-post-thumbnail","6":"product_cat-bio-aroma-saatgut","7":"product_cat-bio-saatgut","8":"product_tag-oko","10":"first","11":"instock","12":"taxable","13":"shipping-taxable","14":"purchasable","15":"product-type-simple"},"acf":[],"_links":{"self":[{"href":"https:\/\/cultivers.es\/de\/wp-json\/wp\/v2\/product\/19585","targetHints":{"allow":["GET"]}}],"collection":[{"href":"https:\/\/cultivers.es\/de\/wp-json\/wp\/v2\/product"}],"about":[{"href":"https:\/\/cultivers.es\/de\/wp-json\/wp\/v2\/types\/product"}],"replies":[{"embeddable":true,"href":"https:\/\/cultivers.es\/de\/wp-json\/wp\/v2\/comments?post=19585"}],"wp:featuredmedia":[{"embeddable":true,"href":"https:\/\/cultivers.es\/de\/wp-json\/wp\/v2\/media\/15890"}],"wp:attachment":[{"href":"https:\/\/cultivers.es\/de\/wp-json\/wp\/v2\/media?parent=19585"}],"wp:term":[{"taxonomy":"product_brand","embeddable":true,"href":"https:\/\/cultivers.es\/de\/wp-json\/wp\/v2\/product_brand?post=19585"},{"taxonomy":"product_cat","embeddable":true,"href":"https:\/\/cultivers.es\/de\/wp-json\/wp\/v2\/product_cat?post=19585"},{"taxonomy":"product_tag","embeddable":true,"href":"https:\/\/cultivers.es\/de\/wp-json\/wp\/v2\/product_tag?post=19585"}],"curies":[{"name":"wp","href":"https:\/\/api.w.org\/{rel}","templated":true}]}}