{"id":19587,"date":"2022-10-07T07:08:06","date_gmt":"2022-10-07T07:08:06","guid":{"rendered":"https:\/\/cultivers.es\/abonos\/brokkoli-calabrese-natalino-bio-saatgut\/"},"modified":"2025-09-22T05:19:53","modified_gmt":"2025-09-22T05:19:53","slug":"samen-brokkoli-sprossen-calabrese-natalino-okologisch","status":"publish","type":"product","link":"https:\/\/cultivers.es\/de\/d\u00fcngemittel\/samen-brokkoli-sprossen-calabrese-natalino-okologisch\/","title":{"rendered":"Brokkoli Calabrese Natalino Saatgut"},"content":{"rendered":"","protected":false},"excerpt":{"rendered":"<p>Diese Brokkolisorte hat eine Wachstumsperiode von 120 Tagen. Sowohl die Bl\u00e4tter als auch die zahlreichen Seitentriebe sind essbar. Diese Brokkolisorte bevorzugt fruchtbare B\u00f6den. Sie kann mit aromatischen Pflanzen oder Zwiebeln kombiniert werden, um bestimmte Sch\u00e4dlinge abzuwehren. Es handelt sich um eine hohe Pflanze mit mittelgro\u00dfen Bl\u00e4ttern, die nicht sehr dicht gepackt sind. Der Bl\u00fctenstand dieser Sorte ist mittelgro\u00df bis gro\u00df, gr\u00fcn und hat einen exquisiten Geschmack.<\/p>\n","protected":false},"featured_media":15645,"comment_status":"open","ping_status":"closed","template":"","meta":{"_acf_changed":false},"product_brand":[],"product_cat":[423,419],"product_tag":[],"class_list":{"0":"post-19587","1":"product","2":"type-product","3":"status-publish","4":"has-post-thumbnail","6":"product_cat-bio-brassica-saatgut","7":"product_cat-bio-saatgut","9":"first","10":"outofstock","11":"taxable","12":"shipping-taxable","13":"purchasable","14":"product-type-simple"},"acf":[],"_links":{"self":[{"href":"https:\/\/cultivers.es\/de\/wp-json\/wp\/v2\/product\/19587","targetHints":{"allow":["GET"]}}],"collection":[{"href":"https:\/\/cultivers.es\/de\/wp-json\/wp\/v2\/product"}],"about":[{"href":"https:\/\/cultivers.es\/de\/wp-json\/wp\/v2\/types\/product"}],"replies":[{"embeddable":true,"href":"https:\/\/cultivers.es\/de\/wp-json\/wp\/v2\/comments?post=19587"}],"wp:featuredmedia":[{"embeddable":true,"href":"https:\/\/cultivers.es\/de\/wp-json\/wp\/v2\/media\/15645"}],"wp:attachment":[{"href":"https:\/\/cultivers.es\/de\/wp-json\/wp\/v2\/media?parent=19587"}],"wp:term":[{"taxonomy":"product_brand","embeddable":true,"href":"https:\/\/cultivers.es\/de\/wp-json\/wp\/v2\/product_brand?post=19587"},{"taxonomy":"product_cat","embeddable":true,"href":"https:\/\/cultivers.es\/de\/wp-json\/wp\/v2\/product_cat?post=19587"},{"taxonomy":"product_tag","embeddable":true,"href":"https:\/\/cultivers.es\/de\/wp-json\/wp\/v2\/product_tag?post=19587"}],"curies":[{"name":"wp","href":"https:\/\/api.w.org\/{rel}","templated":true}]}}