{"id":19588,"date":"2022-10-07T07:08:06","date_gmt":"2022-10-07T07:08:06","guid":{"rendered":"https:\/\/cultivers.es\/abonos\/brokkoli-rasmus-bio-saatgut\/"},"modified":"2022-10-07T07:08:06","modified_gmt":"2022-10-07T07:08:06","slug":"bio-brokkoli-rasmus-samen","status":"publish","type":"product","link":"https:\/\/cultivers.es\/de\/d\u00fcngemittel\/bio-brokkoli-rasmus-samen\/","title":{"rendered":"Brokkoli Rasmus Bio-Saatgut"},"content":{"rendered":"","protected":false},"excerpt":{"rendered":"<p>Diese Brokkolisorte ist sehr w\u00fcchsig und bildet Pflanzen mit graugr\u00fcnen Bl\u00e4ttern. Die Pellets sind kompakt und von gro\u00dfer Gr\u00f6\u00dfe. Ihr Anbauzyklus betr\u00e4gt 150 Tage. Nach der Ernte der mittleren Schale wachsen neue Seitentriebe, die in einer zweiten Ernte weiteren Brokkoli produzieren. Diese Sorte bevorzugt fruchtbare B\u00f6den mit guter Drainage, um Wurzelprobleme zu vermeiden und eine gute Entwicklung zu gew\u00e4hrleisten.<\/p>\n","protected":false},"featured_media":15655,"comment_status":"open","ping_status":"closed","template":"","meta":{"_acf_changed":false},"product_brand":[],"product_cat":[423,419],"product_tag":[1580],"class_list":{"0":"post-19588","1":"product","2":"type-product","3":"status-publish","4":"has-post-thumbnail","6":"product_cat-bio-brassica-saatgut","7":"product_cat-bio-saatgut","8":"product_tag-oko","10":"first","11":"instock","12":"sale","13":"taxable","14":"shipping-taxable","15":"purchasable","16":"product-type-variable"},"acf":[],"_links":{"self":[{"href":"https:\/\/cultivers.es\/de\/wp-json\/wp\/v2\/product\/19588","targetHints":{"allow":["GET"]}}],"collection":[{"href":"https:\/\/cultivers.es\/de\/wp-json\/wp\/v2\/product"}],"about":[{"href":"https:\/\/cultivers.es\/de\/wp-json\/wp\/v2\/types\/product"}],"replies":[{"embeddable":true,"href":"https:\/\/cultivers.es\/de\/wp-json\/wp\/v2\/comments?post=19588"}],"wp:featuredmedia":[{"embeddable":true,"href":"https:\/\/cultivers.es\/de\/wp-json\/wp\/v2\/media\/15655"}],"wp:attachment":[{"href":"https:\/\/cultivers.es\/de\/wp-json\/wp\/v2\/media?parent=19588"}],"wp:term":[{"taxonomy":"product_brand","embeddable":true,"href":"https:\/\/cultivers.es\/de\/wp-json\/wp\/v2\/product_brand?post=19588"},{"taxonomy":"product_cat","embeddable":true,"href":"https:\/\/cultivers.es\/de\/wp-json\/wp\/v2\/product_cat?post=19588"},{"taxonomy":"product_tag","embeddable":true,"href":"https:\/\/cultivers.es\/de\/wp-json\/wp\/v2\/product_tag?post=19588"}],"curies":[{"name":"wp","href":"https:\/\/api.w.org\/{rel}","templated":true}]}}