{"id":19589,"date":"2022-10-07T07:08:06","date_gmt":"2022-10-07T07:08:06","guid":{"rendered":"https:\/\/cultivers.es\/abonos\/portugiesische-kohlsamen-galega-folhas-lisas-ecologicas\/"},"modified":"2025-09-22T05:22:38","modified_gmt":"2025-09-22T05:22:38","slug":"semillas-col-portuguesa-galega-folhas-lisas-ecologicas","status":"publish","type":"product","link":"https:\/\/cultivers.es\/de\/d\u00fcngemittel\/semillas-col-portuguesa-galega-folhas-lisas-ecologicas\/","title":{"rendered":"Portugiesische Kohlsamen Galega Folhas Lisas"},"content":{"rendered":"","protected":false},"excerpt":{"rendered":"<p>Kultivieren Sie eines der Juwelen der portugiesischen Gastronomie mit unseren <strong>Bio-Samen des portugiesischen Kohls Galega Folhas Lisas Ecol\u00f3gicas<\/strong>. Diese Kohlsorte ist bekannt f\u00fcr ihre gro\u00dfen, glatten gr\u00fcnen Bl\u00e4tter, ihre zarte Textur und ihren milden Geschmack, der sich perfekt f\u00fcr die Zubereitung traditioneller Rezepte wie gr\u00fcne Br\u00fche oder gem\u00fctliche Eint\u00f6pfe eignet. Er ist widerstandsf\u00e4hig und leicht anzubauen und eignet sich ideal f\u00fcr reiche Ernten im Herbst und Winter, so dass Frische und Gesundheit auf Ihrem Tisch garantiert sind.  <\/p>\n<ul>\n<li><strong>Gro\u00dfe und glatte Bl\u00e4tter:<\/strong> Der portugiesische Kohl Folhas Lisas Galega hat gr\u00fcne, zarte Bl\u00e4tter ohne ausgepr\u00e4gte Adern, die sich perfekt zum Kochen in Suppen, Pfannengerichten oder traditionellen Eint\u00f6pfen eignen.<\/li>\n<li><strong>Milder und vielseitiger Geschmack:<\/strong> Mit seinem zarten und leicht s\u00fc\u00dfen Geschmack eignet sich dieser Kohl sowohl f\u00fcr traditionelle portugiesische Gerichte als auch f\u00fcr modernere Zubereitungen.<\/li>\n<li><strong>K\u00e4lteresistent:<\/strong> Diese Sorte ist sehr widerstandsf\u00e4hig gegen niedrige Temperaturen, was sie perfekt f\u00fcr die Ernte in den k\u00e4ltesten Monaten des Jahres macht.<\/li>\n<li><strong>Reich an N\u00e4hrstoffen:<\/strong> Portugiesischer Kohl ist eine ausgezeichnete Quelle f\u00fcr die Vitamine A, C und K, Kalzium und Ballaststoffe und f\u00f6rdert eine ausgewogene und gesunde Ern\u00e4hrung.<\/li>\n<li><strong>Einfacher Anbau:<\/strong> Diese robuste und anpassungsf\u00e4hige Sorte gedeiht in einer Vielzahl von Klimazonen und Bodentypen und ist daher ideal f\u00fcr Anf\u00e4nger und erfahrene G\u00e4rtner.<\/li>\n<li><strong>Biologischer Anbau:<\/strong> Unser Saatgut ist zu 100% biologisch und garantiert eine Ernte ohne Pestizide und chemische D\u00fcngemittel, die die Umwelt und die Gesundheit des Bodens respektiert.<\/li>\n<\/ul>\n<p>Bringen Sie portugiesische Tradition und authentischen Geschmack in Ihren Garten mit <strong>Folhas Lisas Ecol\u00f3gicas Portuguesa Galega Portugiesische Kohlsamen<\/strong>. Leicht anzubauen, nahrhaft und vielseitig, werden sie eine unverzichtbare Erg\u00e4nzung Ihrer hausgemachten Rezepte sein - bestellen Sie noch heute und genie\u00dfen Sie diesen k\u00f6stlichen Kohl direkt aus Ihrem Garten!  <\/p>\n","protected":false},"featured_media":15675,"comment_status":"open","ping_status":"closed","template":"","meta":{"_acf_changed":false},"product_brand":[],"product_cat":[423,419],"product_tag":[1580],"class_list":{"0":"post-19589","1":"product","2":"type-product","3":"status-publish","4":"has-post-thumbnail","6":"product_cat-bio-brassica-saatgut","7":"product_cat-bio-saatgut","8":"product_tag-oko","10":"first","11":"instock","12":"sale","13":"taxable","14":"shipping-taxable","15":"purchasable","16":"product-type-simple"},"acf":[],"_links":{"self":[{"href":"https:\/\/cultivers.es\/de\/wp-json\/wp\/v2\/product\/19589","targetHints":{"allow":["GET"]}}],"collection":[{"href":"https:\/\/cultivers.es\/de\/wp-json\/wp\/v2\/product"}],"about":[{"href":"https:\/\/cultivers.es\/de\/wp-json\/wp\/v2\/types\/product"}],"replies":[{"embeddable":true,"href":"https:\/\/cultivers.es\/de\/wp-json\/wp\/v2\/comments?post=19589"}],"wp:featuredmedia":[{"embeddable":true,"href":"https:\/\/cultivers.es\/de\/wp-json\/wp\/v2\/media\/15675"}],"wp:attachment":[{"href":"https:\/\/cultivers.es\/de\/wp-json\/wp\/v2\/media?parent=19589"}],"wp:term":[{"taxonomy":"product_brand","embeddable":true,"href":"https:\/\/cultivers.es\/de\/wp-json\/wp\/v2\/product_brand?post=19589"},{"taxonomy":"product_cat","embeddable":true,"href":"https:\/\/cultivers.es\/de\/wp-json\/wp\/v2\/product_cat?post=19589"},{"taxonomy":"product_tag","embeddable":true,"href":"https:\/\/cultivers.es\/de\/wp-json\/wp\/v2\/product_tag?post=19589"}],"curies":[{"name":"wp","href":"https:\/\/api.w.org\/{rel}","templated":true}]}}