{"id":19590,"date":"2022-10-07T07:08:06","date_gmt":"2022-10-07T07:08:06","guid":{"rendered":"https:\/\/cultivers.es\/abonos\/bio-brokkoli-samen-early-purple-sprouting\/"},"modified":"2025-09-22T04:45:07","modified_gmt":"2025-09-22T04:45:07","slug":"samen-brokkoli-violett-fruh-violett-keimend-okologisch","status":"publish","type":"product","link":"https:\/\/cultivers.es\/de\/d\u00fcngemittel\/samen-brokkoli-violett-fruh-violett-keimend-okologisch\/","title":{"rendered":"Early Purple Brokkoli Samen Early Purple Sprouting Biodynamic Demeter"},"content":{"rendered":"","protected":false},"excerpt":{"rendered":"<p>Bringen Sie Farbe und N\u00e4hrstoffe in Ihren Garten mit unseren <strong>Bio-Brokkolisamen Early Purple Sprouting Broccoli Seeds<\/strong>. Diese einzigartige Sorte zeichnet sich durch leuchtend violette Sprossen aus, die nicht nur optisch auffallen, sondern auch k\u00f6stlich und sehr nahrhaft sind. Dieser Brokkoli ist ideal f\u00fcr die Winter- und Fr\u00fchjahrsernte und eignet sich hervorragend f\u00fcr Salate, Pfannengerichte, Eint\u00f6pfe oder als gesunde Beilage.  <\/p>\n<ul>\n<li><strong>Violette Farbe:<\/strong> Early Purple Sprouting Broccoli produziert zarte, tiefviolette Sprossen, die Ihren Gerichten eine dekorative Note verleihen. Seine einzigartige Farbe weist auch auf seinen hohen Gehalt an Antioxidantien hin. <\/li>\n<li><strong>Milder und zarter Geschmack:<\/strong> Diese Sorte hat einen s\u00fc\u00dfen und milden Geschmack, der perfekt f\u00fcr frische Salate, ged\u00e4mpfte Gerichte, Eint\u00f6pfe oder Pfannengerichte ist. Sie ist eine vielseitige Wahl, die jeder lieben wird. <\/li>\n<li><strong>Winterh\u00e4rte:<\/strong> Early Purple Sprouting Broccoli ist eine widerstandsf\u00e4hige Pflanze, die auch in kalten Klimazonen gut gedeiht und sich daher ideal f\u00fcr die Ernte in den Winter- und fr\u00fchen Fr\u00fchlingsmonaten eignet.<\/li>\n<li><strong>Reich an Antioxidantien und N\u00e4hrstoffen:<\/strong> Seine leuchtend violette Farbe ist ein Hinweis auf seinen Gehalt an Anthocyanen, starken Antioxidantien, die gegen oxidativen Stress helfen. Au\u00dferdem ist sie eine ausgezeichnete Quelle f\u00fcr die Vitamine A, C und K, Ballaststoffe und wichtige Mineralien. <\/li>\n<li><strong>Einfacher Anbau:<\/strong> Diese Sorte ist ideal f\u00fcr Anf\u00e4nger und erfahrene G\u00e4rtner und passt sich gut an verschiedene Bodenarten und Klimazonen an. Sie ist eine robuste Pflanze, die eine reiche Ernte garantiert. <\/li>\n<li><strong>Biologischer Anbau:<\/strong> Unser Saatgut ist zu 100% biologisch, was eine Ernte ohne Pestizide und chemische D\u00fcngemittel garantiert und einen nachhaltigen und gesunden Garten f\u00f6rdert.<\/li>\n<\/ul>\n<p>Bringen Sie Farbe, Geschmack und Gesundheit in Ihren Garten mit <strong>Organic Early Purple Sprouting Broccoli Seeds<\/strong>. Perfekt f\u00fcr die k\u00fchleren Monate und vollgepackt mit N\u00e4hrstoffen ist dieser Brokkoli eine k\u00f6stliche und nachhaltige Erg\u00e4nzung f\u00fcr Ihren Garten - bestellen Sie noch heute und genie\u00dfen Sie eine lebendige, gesunde Ernte!  <\/p>\n","protected":false},"featured_media":45419,"comment_status":"open","ping_status":"closed","template":"","meta":{"_acf_changed":false},"product_brand":[],"product_cat":[423,419,1304],"product_tag":[1384],"class_list":{"0":"post-19590","1":"product","2":"type-product","3":"status-publish","4":"has-post-thumbnail","6":"product_cat-bio-brassica-saatgut","7":"product_cat-bio-saatgut","8":"product_cat-demeter-samen","9":"product_tag-demeter-de","11":"first","12":"instock","13":"sale","14":"taxable","15":"shipping-taxable","16":"purchasable","17":"product-type-simple"},"acf":[],"_links":{"self":[{"href":"https:\/\/cultivers.es\/de\/wp-json\/wp\/v2\/product\/19590","targetHints":{"allow":["GET"]}}],"collection":[{"href":"https:\/\/cultivers.es\/de\/wp-json\/wp\/v2\/product"}],"about":[{"href":"https:\/\/cultivers.es\/de\/wp-json\/wp\/v2\/types\/product"}],"replies":[{"embeddable":true,"href":"https:\/\/cultivers.es\/de\/wp-json\/wp\/v2\/comments?post=19590"}],"wp:featuredmedia":[{"embeddable":true,"href":"https:\/\/cultivers.es\/de\/wp-json\/wp\/v2\/media\/45419"}],"wp:attachment":[{"href":"https:\/\/cultivers.es\/de\/wp-json\/wp\/v2\/media?parent=19590"}],"wp:term":[{"taxonomy":"product_brand","embeddable":true,"href":"https:\/\/cultivers.es\/de\/wp-json\/wp\/v2\/product_brand?post=19590"},{"taxonomy":"product_cat","embeddable":true,"href":"https:\/\/cultivers.es\/de\/wp-json\/wp\/v2\/product_cat?post=19590"},{"taxonomy":"product_tag","embeddable":true,"href":"https:\/\/cultivers.es\/de\/wp-json\/wp\/v2\/product_tag?post=19590"}],"curies":[{"name":"wp","href":"https:\/\/api.w.org\/{rel}","templated":true}]}}