{"id":19593,"date":"2022-10-07T07:08:06","date_gmt":"2022-10-07T07:08:06","guid":{"rendered":"https:\/\/cultivers.es\/abonos\/bio-rosenkohl-groninger-saatgut\/"},"modified":"2025-09-22T05:20:03","modified_gmt":"2025-09-22T05:20:03","slug":"rosenkohl-groninger-okologisch","status":"publish","type":"product","link":"https:\/\/cultivers.es\/de\/d\u00fcngemittel\/rosenkohl-groninger-okologisch\/","title":{"rendered":"Rosenkohlsamen Groninger"},"content":{"rendered":"","protected":false},"excerpt":{"rendered":"<p>F\u00fcllen Sie Ihren Garten mit Tradition und Geschmack mit unserem <strong>Bio-Rosenkohl von Groninger<\/strong>. Diese Sorte ist daf\u00fcr bekannt, dass sie kleine, kompakte, leuchtend gr\u00fcne Sprossen mit einem milden, s\u00fc\u00dfen Geschmack hervorbringt, die sich f\u00fcr eine Vielzahl von Rezepten eignen. Der Groninger Rosenkohl eignet sich perfekt f\u00fcr die Herbst- und Winterkulturen und ist eine au\u00dfergew\u00f6hnliche Quelle f\u00fcr Vitamine und Mineralien. Er ist au\u00dferdem winterhart und leicht anzubauen.  <\/p>\n<ul>\n<li><strong>Kompakter und gleichm\u00e4\u00dfiger Rosenkohl:<\/strong> Groninger Rosenkohl produziert kleine, runde, gut geformte Sprossen, die sich perfekt zum D\u00fcnsten, Sautieren, Backen oder f\u00fcr Eint\u00f6pfe eignen.<\/li>\n<li><strong>Milder und s\u00fc\u00dfer Geschmack:<\/strong> Diese Sorte zeichnet sich durch ihren leichten und s\u00fc\u00dfen Geschmack aus und hat eine zarte Textur, die auch nach dem Kochen erhalten bleibt. Sie ist ideal f\u00fcr alle, die eine k\u00f6stliche M\u00f6glichkeit suchen, mehr Gem\u00fcse in ihre Ern\u00e4hrung aufzunehmen. <\/li>\n<li><strong>K\u00e4ltebest\u00e4ndig:<\/strong> Dieser Kohl gedeiht auch in k\u00fchlen Klimazonen und ist eine ausgezeichnete Wahl f\u00fcr die Herbst- und Winterernte, da er auch bei k\u00e4lterem Wetter frische Produkte liefert.<\/li>\n<li><strong>Reich an N\u00e4hrstoffen:<\/strong> Rosenkohl ist eine au\u00dfergew\u00f6hnliche Quelle f\u00fcr die Vitamine C und K, Ballaststoffe und Antioxidantien, was ihn zu einer gesunden und nahrhaften Wahl f\u00fcr Ihren Tisch macht.<\/li>\n<li><strong>Einfacher Anbau:<\/strong> Diese Sorte ist robust und pflegeleicht, ideal f\u00fcr Anf\u00e4nger und erfahrene G\u00e4rtner. Sie passt sich gut an verschiedene Bodenarten und Klimazonen an. <\/li>\n<li><strong>Biologischer Anbau:<\/strong> Unser Saatgut ist zu 100% biologisch, frei von Pestiziden und chemischen D\u00fcngemitteln und garantiert einen nachhaltigen und umweltfreundlichen Garten.<\/li>\n<\/ul>\n<p>Bringen Sie mit dem <strong>Groninger Bio-Rosenkohl<\/strong> Geschmack, Tradition und N\u00e4hrwert in Ihren Garten. Dieser Rosenkohl ist einfach anzubauen, gesund und perfekt f\u00fcr die k\u00e4lteren Monate. Bestellen Sie noch heute und genie\u00dfen Sie die Frische Ihrer eigenen Bio-Ernte!  <\/p>\n","protected":false},"featured_media":15665,"comment_status":"open","ping_status":"closed","template":"","meta":{"_acf_changed":false},"product_brand":[],"product_cat":[423,419],"product_tag":[1580],"woo-feed-brand":[],"class_list":{"0":"post-19593","1":"product","2":"type-product","3":"status-publish","4":"has-post-thumbnail","6":"product_cat-bio-brassica-saatgut","7":"product_cat-bio-saatgut","8":"product_tag-oko","10":"first","11":"outofstock","12":"sale","13":"taxable","14":"shipping-taxable","15":"purchasable","16":"product-type-simple"},"acf":[],"_links":{"self":[{"href":"https:\/\/cultivers.es\/de\/wp-json\/wp\/v2\/product\/19593","targetHints":{"allow":["GET"]}}],"collection":[{"href":"https:\/\/cultivers.es\/de\/wp-json\/wp\/v2\/product"}],"about":[{"href":"https:\/\/cultivers.es\/de\/wp-json\/wp\/v2\/types\/product"}],"replies":[{"embeddable":true,"href":"https:\/\/cultivers.es\/de\/wp-json\/wp\/v2\/comments?post=19593"}],"wp:featuredmedia":[{"embeddable":true,"href":"https:\/\/cultivers.es\/de\/wp-json\/wp\/v2\/media\/15665"}],"wp:attachment":[{"href":"https:\/\/cultivers.es\/de\/wp-json\/wp\/v2\/media?parent=19593"}],"wp:term":[{"taxonomy":"product_brand","embeddable":true,"href":"https:\/\/cultivers.es\/de\/wp-json\/wp\/v2\/product_brand?post=19593"},{"taxonomy":"product_cat","embeddable":true,"href":"https:\/\/cultivers.es\/de\/wp-json\/wp\/v2\/product_cat?post=19593"},{"taxonomy":"product_tag","embeddable":true,"href":"https:\/\/cultivers.es\/de\/wp-json\/wp\/v2\/product_tag?post=19593"},{"taxonomy":"woo-feed-brand","embeddable":true,"href":"https:\/\/cultivers.es\/de\/wp-json\/wp\/v2\/woo-feed-brand?post=19593"}],"curies":[{"name":"wp","href":"https:\/\/api.w.org\/{rel}","templated":true}]}}