{"id":19594,"date":"2022-10-07T07:08:06","date_gmt":"2022-10-07T07:08:06","guid":{"rendered":"https:\/\/cultivers.es\/abonos\/kohlsamen-bio-chaves-gruenkohl-samen\/"},"modified":"2025-09-22T05:20:03","modified_gmt":"2025-09-22T05:20:03","slug":"samen-kol-penca-samen-von-okologischen-vogeln","status":"publish","type":"product","link":"https:\/\/cultivers.es\/de\/d\u00fcngemittel\/samen-kol-penca-samen-von-okologischen-vogeln\/","title":{"rendered":"Chaves Kohlsamen"},"content":{"rendered":"","protected":false},"excerpt":{"rendered":"<p>Erg\u00e4nzen Sie Ihren Gem\u00fcsegarten mit unseren <strong>Bio-Chaves-Kohlsamen<\/strong> um ein Juwel der portugiesischen Landwirtschaftstradition <strong>.<\/strong> Diese Sorte zeichnet sich durch ihre gro\u00dfen, zarten, wei\u00df ge\u00e4derten Bl\u00e4tter aus, die sie zu einer unverzichtbaren Zutat f\u00fcr traditionelle Gerichte machen. Mit seiner Widerstandsf\u00e4higkeit gegen K\u00e4lte und seiner F\u00e4higkeit, auch im Winter zu produzieren, ist Chaves Gr\u00fcnkohl perfekt f\u00fcr nachhaltige und gesunde Gem\u00fcseg\u00e4rten.  <\/p>\n<ul>\n<li><strong>Gro\u00dfe Bl\u00e4tter und wei\u00dfe Rippen:<\/strong> Chaves-Kohl produziert gro\u00dfe Bl\u00e4tter mit einer zarten Textur und einer tiefgr\u00fcnen Farbe, ideal f\u00fcr Eint\u00f6pfe, Suppen und Pfannengerichte. Seine wei\u00dfe Rippung verleiht ihm ein charakteristisches und attraktives Aussehen. <\/li>\n<li><strong>Milder und vielseitiger Geschmack:<\/strong> Diese Sorte ist f\u00fcr ihren s\u00fc\u00dfen und delikaten Geschmack bekannt, was sie zu einer ausgezeichneten Wahl f\u00fcr traditionelle oder moderne Rezepte wie Eint\u00f6pfe und ged\u00e4mpfte Gerichte macht.<\/li>\n<li><strong>K\u00e4ltebest\u00e4ndig:<\/strong> Chaves Kale eignet sich besonders gut f\u00fcr k\u00fchle Klimazonen, da er niedrigen Temperaturen standh\u00e4lt, was ihn zu einer ausgezeichneten Wahl f\u00fcr den Winteranbau macht.<\/li>\n<li><strong>Reich an N\u00e4hrstoffen:<\/strong> Dieser Kohl ist eine gro\u00dfartige Quelle f\u00fcr die Vitamine A, C und K, Ballaststoffe und wichtige Mineralien wie Kalzium und Eisen, die eine ausgewogene und gesunde Ern\u00e4hrung f\u00f6rdern.<\/li>\n<li><strong>Einfacher Anbau:<\/strong> Diese robuste und best\u00e4ndig wachsende Sorte passt sich gut an verschiedene Bodentypen an und ist daher f\u00fcr Anf\u00e4nger und erfahrene G\u00e4rtner gleicherma\u00dfen geeignet.<\/li>\n<li><strong>Biologischer Anbau:<\/strong> Unser Saatgut ist zu 100% biologisch und garantiert eine pestizid- und chemiefreie Ernte, die einen nachhaltigen und umweltfreundlichen Garten f\u00f6rdert.<\/li>\n<\/ul>\n<p>Z\u00fcchten Sie einen traditionellen portugiesischen Kohl mit unseren <strong>Bio Penca de Chaves Kohlsamen<\/strong>. Diese Sorte eignet sich perfekt f\u00fcr Winterrezepte und l\u00e4sst sich leicht anbauen. Sie wird Ihren Garten mit Geschmack und N\u00e4hrstoffen f\u00fcllen - bestellen Sie noch heute und genie\u00dfen Sie die Authentizit\u00e4t dieses k\u00f6stlichen Kohls direkt in Ihrem Garten!  <\/p>\n","protected":false},"featured_media":15670,"comment_status":"open","ping_status":"closed","template":"","meta":{"_acf_changed":false},"product_brand":[],"product_cat":[423,419],"product_tag":[1580],"class_list":{"0":"post-19594","1":"product","2":"type-product","3":"status-publish","4":"has-post-thumbnail","6":"product_cat-bio-brassica-saatgut","7":"product_cat-bio-saatgut","8":"product_tag-oko","10":"first","11":"instock","12":"sale","13":"taxable","14":"shipping-taxable","15":"purchasable","16":"product-type-simple"},"acf":[],"_links":{"self":[{"href":"https:\/\/cultivers.es\/de\/wp-json\/wp\/v2\/product\/19594","targetHints":{"allow":["GET"]}}],"collection":[{"href":"https:\/\/cultivers.es\/de\/wp-json\/wp\/v2\/product"}],"about":[{"href":"https:\/\/cultivers.es\/de\/wp-json\/wp\/v2\/types\/product"}],"replies":[{"embeddable":true,"href":"https:\/\/cultivers.es\/de\/wp-json\/wp\/v2\/comments?post=19594"}],"wp:featuredmedia":[{"embeddable":true,"href":"https:\/\/cultivers.es\/de\/wp-json\/wp\/v2\/media\/15670"}],"wp:attachment":[{"href":"https:\/\/cultivers.es\/de\/wp-json\/wp\/v2\/media?parent=19594"}],"wp:term":[{"taxonomy":"product_brand","embeddable":true,"href":"https:\/\/cultivers.es\/de\/wp-json\/wp\/v2\/product_brand?post=19594"},{"taxonomy":"product_cat","embeddable":true,"href":"https:\/\/cultivers.es\/de\/wp-json\/wp\/v2\/product_cat?post=19594"},{"taxonomy":"product_tag","embeddable":true,"href":"https:\/\/cultivers.es\/de\/wp-json\/wp\/v2\/product_tag?post=19594"}],"curies":[{"name":"wp","href":"https:\/\/api.w.org\/{rel}","templated":true}]}}