{"id":19634,"date":"2022-10-07T07:08:06","date_gmt":"2022-10-07T07:08:06","guid":{"rendered":"https:\/\/cultivers.es\/abonos\/bio-kohlrabi-sweet-mary-saatgut\/"},"modified":"2025-09-22T05:20:20","modified_gmt":"2025-09-22T05:20:20","slug":"kohlrabi-sweet-mary-okologisches-okologisches-saatgut","status":"publish","type":"product","link":"https:\/\/cultivers.es\/de\/d\u00fcngemittel\/kohlrabi-sweet-mary-okologisches-okologisches-saatgut\/","title":{"rendered":"Nabicol Sweet Mary Saatgut"},"content":{"rendered":"","protected":false},"excerpt":{"rendered":"<p>Entdecken Sie eine au\u00dfergew\u00f6hnliche Sorte mit unseren <strong>Bio-R\u00fcbensamen Sweet Mary<\/strong>. Diese R\u00fcbe ist f\u00fcr ihren s\u00fc\u00dfen und milden Geschmack bekannt und eignet sich perfekt zum Verfeinern von Eint\u00f6pfen, Suppen und Pfannengerichten. Ihr einfacher Anbau und ihre hohe Widerstandsf\u00e4higkeit machen sie zu einer idealen Wahl f\u00fcr jeden Gem\u00fcsegarten, w\u00e4hrend ihr N\u00e4hrwert sie zu einem wesentlichen Bestandteil einer ausgewogenen Ern\u00e4hrung macht. Au\u00dferdem ist Nabicol Dulce Mar\u00eda, wie alle unsere Bio-Samen, frei von Chemikalien, was einen nachhaltigen und gesunden Anbau f\u00f6rdert.   <\/p>\n<ul>\n<li><strong>S\u00fc\u00dfer und milder Geschmack:<\/strong> Nabicol Dulce Maria hat einen delikaten und leicht s\u00fc\u00dfen Geschmack, der es perfekt f\u00fcr eine Vielzahl von Rezepten macht, von traditionellen Gerichten bis hin zu moderneren Optionen.<\/li>\n<li><strong>Vielseitige Wurzeln und Bl\u00e4tter:<\/strong> Diese Sorte wird sowohl f\u00fcr ihre zarten und schmackhaften Wurzeln als auch f\u00fcr ihre gr\u00fcnen Bl\u00e4tter gesch\u00e4tzt, die sich ideal als frisches Gem\u00fcse in Eint\u00f6pfen und Pfannengerichten verwenden lassen.<\/li>\n<li><strong>Widerstandsf\u00e4hig und einfach anzubauen:<\/strong> Nabicol Dulce Maria ist eine widerstandsf\u00e4hige Pflanze, die niedrige Temperaturen vertr\u00e4gt und daher eine ausgezeichnete Wahl f\u00fcr Herbst- und Winterkulturen ist.<\/li>\n<li><strong>Reich an N\u00e4hrstoffen:<\/strong> Dieses Nabicol ist eine wichtige Quelle f\u00fcr Ballaststoffe, Vitamin C und essentielle Mineralien wie Kalzium und Eisen und bietet zahlreiche gesundheitliche Vorteile.<\/li>\n<li><strong>Biologischer Anbau:<\/strong> Unser Saatgut ist zu 100% biologisch, was garantiert, dass es ohne Pestizide und chemische D\u00fcngemittel w\u00e4chst und sowohl die Gesundheit des Bodens als auch die der Umwelt respektiert.<\/li>\n<\/ul>\n<p>F\u00fcllen Sie Ihren Garten mit Tradition und S\u00fc\u00dfe mit den <strong>Bio-Nabicol-Samen Sweet Mary<\/strong>. Diese einfach anzubauenden und k\u00f6stlichen Pflanzen sind eine gro\u00dfartige Erg\u00e4nzung Ihrer Kulturen und bringen Ihnen Frische und Gesundheit direkt aus Ihrem Garten. Bestellen Sie noch heute und genie\u00dfen Sie dieses klassische Gem\u00fcse in Ihren Gerichten!  <\/p>\n","protected":false},"featured_media":15690,"comment_status":"open","ping_status":"closed","template":"","meta":{"_acf_changed":false},"product_brand":[],"product_cat":[423,419],"product_tag":[1580],"class_list":{"0":"post-19634","1":"product","2":"type-product","3":"status-publish","4":"has-post-thumbnail","6":"product_cat-bio-brassica-saatgut","7":"product_cat-bio-saatgut","8":"product_tag-oko","10":"first","11":"instock","12":"sale","13":"taxable","14":"shipping-taxable","15":"purchasable","16":"product-type-simple"},"acf":[],"_links":{"self":[{"href":"https:\/\/cultivers.es\/de\/wp-json\/wp\/v2\/product\/19634","targetHints":{"allow":["GET"]}}],"collection":[{"href":"https:\/\/cultivers.es\/de\/wp-json\/wp\/v2\/product"}],"about":[{"href":"https:\/\/cultivers.es\/de\/wp-json\/wp\/v2\/types\/product"}],"replies":[{"embeddable":true,"href":"https:\/\/cultivers.es\/de\/wp-json\/wp\/v2\/comments?post=19634"}],"wp:featuredmedia":[{"embeddable":true,"href":"https:\/\/cultivers.es\/de\/wp-json\/wp\/v2\/media\/15690"}],"wp:attachment":[{"href":"https:\/\/cultivers.es\/de\/wp-json\/wp\/v2\/media?parent=19634"}],"wp:term":[{"taxonomy":"product_brand","embeddable":true,"href":"https:\/\/cultivers.es\/de\/wp-json\/wp\/v2\/product_brand?post=19634"},{"taxonomy":"product_cat","embeddable":true,"href":"https:\/\/cultivers.es\/de\/wp-json\/wp\/v2\/product_cat?post=19634"},{"taxonomy":"product_tag","embeddable":true,"href":"https:\/\/cultivers.es\/de\/wp-json\/wp\/v2\/product_tag?post=19634"}],"curies":[{"name":"wp","href":"https:\/\/api.w.org\/{rel}","templated":true}]}}