{"id":19639,"date":"2022-10-07T07:08:06","date_gmt":"2022-10-07T07:08:06","guid":{"rendered":"https:\/\/cultivers.es\/abonos\/roter-mangold-rhabarber-mangold-bio-saatgut\/"},"modified":"2025-09-22T05:06:26","modified_gmt":"2025-09-22T05:06:26","slug":"rot-rhabarber-mangold-okologische-mangold-rot-mangold-samen","status":"publish","type":"product","link":"https:\/\/cultivers.es\/de\/d\u00fcngemittel\/rot-rhabarber-mangold-okologische-mangold-rot-mangold-samen\/","title":{"rendered":"Roter Mangold Rhabarber Mangold-Samen"},"content":{"rendered":"","protected":false},"excerpt":{"rendered":"<p>Bringen Sie einen Hauch von lebendiger Farbe und Geschmack in Ihren Garten mit unseren <strong>Bio-Rhabarber-Mangold-Samen<\/strong>. Diese Sorte zeichnet sich durch ihre tiefroten Stiele und dunkelgr\u00fcnen Bl\u00e4tter aus, die einen auff\u00e4lligen Kontrast bilden, der sowohl Ihren Garten als auch Ihre Gerichte versch\u00f6nert. Mit seinem milden Geschmack und seiner zarten Textur eignet sich Rhabarbermangold perfekt f\u00fcr frische Salate, Pfannengerichte, Eint\u00f6pfe und vieles mehr.  <\/p>\n<ul>\n<li><strong>Elegante rote Stiele:<\/strong> Rhabarbermangold produziert leuchtend rote Stiele, die nicht nur Ihren Gem\u00fcsegarten versch\u00f6nern, sondern auch eine besondere, dekorative Note in Ihre Mahlzeiten bringen.<\/li>\n<li><strong>Zarte und nahrhafte Bl\u00e4tter:<\/strong> Die dunkelgr\u00fcnen Bl\u00e4tter mit ihrer weichen Textur eignen sich sowohl f\u00fcr den Frischverzehr in Salaten als auch zum Kochen in Eint\u00f6pfen, sautiert oder ged\u00fcnstet.<\/li>\n<li><strong>Reich an N\u00e4hrstoffen:<\/strong> Diese Sorte ist eine ausgezeichnete Quelle f\u00fcr die Vitamine A, C und K, Ballaststoffe und Antioxidantien sowie essentielle Mineralien wie Eisen und Magnesium, was sie zu einem sehr nahrhaften Lebensmittel macht.<\/li>\n<li><strong>Einfacher Anbau:<\/strong> Rhabarber-Mangold ist winterhart und pflegeleicht, perfekt f\u00fcr Anf\u00e4nger und erfahrene G\u00e4rtner. Er passt sich gut an eine Vielzahl von Klimazonen und B\u00f6den an und bietet kontinuierliche Ernten. <\/li>\n<li><strong>Verl\u00e4ngerte Ernte:<\/strong> Erm\u00f6glicht die regelm\u00e4\u00dfige Ernte von Bl\u00e4ttern und St\u00e4ngeln w\u00e4hrend der Vegetationsperiode und sorgt so f\u00fcr eine konstante und frische Ernte.<\/li>\n<li><strong>Biologischer Anbau:<\/strong> Unser Saatgut ist zu 100% biologisch, frei von Pestiziden und Chemikalien und f\u00f6rdert einen umweltfreundlichen und gesunden Anbau f\u00fcr Ihren Garten.<\/li>\n<\/ul>\n<p>Bringen Sie Farbe, Geschmack und N\u00e4hrstoffe in Ihren Garten mit <strong>Rhabarber-Mangold Bio-Saatgut<\/strong>. Bauen Sie dieses vielseitige und attraktive Gem\u00fcse nachhaltig an und genie\u00dfen Sie gesunde, reiche Ernten - bestellen Sie noch heute und verwandeln Sie Ihren Garten mit dieser spektakul\u00e4ren Mangoldsorte!  <\/p>\n","protected":false},"featured_media":15730,"comment_status":"open","ping_status":"closed","template":"","meta":{"_acf_changed":false},"product_brand":[],"product_cat":[419,476,1308],"product_tag":[1580],"class_list":{"0":"post-19639","1":"product","2":"type-product","3":"status-publish","4":"has-post-thumbnail","6":"product_cat-bio-saatgut","7":"product_cat-bio-saatgut-fur-blattgemuse","8":"product_cat-empfehlen-sie-samen","9":"product_tag-oko","11":"first","12":"instock","13":"taxable","14":"shipping-taxable","15":"purchasable","16":"product-type-simple"},"acf":[],"_links":{"self":[{"href":"https:\/\/cultivers.es\/de\/wp-json\/wp\/v2\/product\/19639","targetHints":{"allow":["GET"]}}],"collection":[{"href":"https:\/\/cultivers.es\/de\/wp-json\/wp\/v2\/product"}],"about":[{"href":"https:\/\/cultivers.es\/de\/wp-json\/wp\/v2\/types\/product"}],"replies":[{"embeddable":true,"href":"https:\/\/cultivers.es\/de\/wp-json\/wp\/v2\/comments?post=19639"}],"wp:featuredmedia":[{"embeddable":true,"href":"https:\/\/cultivers.es\/de\/wp-json\/wp\/v2\/media\/15730"}],"wp:attachment":[{"href":"https:\/\/cultivers.es\/de\/wp-json\/wp\/v2\/media?parent=19639"}],"wp:term":[{"taxonomy":"product_brand","embeddable":true,"href":"https:\/\/cultivers.es\/de\/wp-json\/wp\/v2\/product_brand?post=19639"},{"taxonomy":"product_cat","embeddable":true,"href":"https:\/\/cultivers.es\/de\/wp-json\/wp\/v2\/product_cat?post=19639"},{"taxonomy":"product_tag","embeddable":true,"href":"https:\/\/cultivers.es\/de\/wp-json\/wp\/v2\/product_tag?post=19639"}],"curies":[{"name":"wp","href":"https:\/\/api.w.org\/{rel}","templated":true}]}}