{"id":19641,"date":"2022-10-07T07:08:06","date_gmt":"2022-10-07T07:08:06","guid":{"rendered":"https:\/\/cultivers.es\/abonos\/weisser-mangold-glatter-silber-3-bio-samen\/"},"modified":"2025-09-22T05:06:25","modified_gmt":"2025-09-22T05:06:25","slug":"saatgut-weiss-glatter-silber-3-okologisch-weiss-glatter-silber-3-okologisch-saatgut","status":"publish","type":"product","link":"https:\/\/cultivers.es\/de\/d\u00fcngemittel\/saatgut-weiss-glatter-silber-3-okologisch-weiss-glatter-silber-3-okologisch-saatgut\/","title":{"rendered":"Wei\u00dfer Mangold Samen Glatter Silber 3"},"content":{"rendered":"","protected":false},"excerpt":{"rendered":"<p>Entdecken Sie hervorragenden Geschmack und Ertrag mit unseren <strong>Glatter Silber 3 Bio-Mangold-Samen<\/strong>. Diese klassische Sorte zeichnet sich durch ihre leuchtend gr\u00fcnen Bl\u00e4tter und breiten, saftigen wei\u00dfen Stiele aus, die sich perfekt f\u00fcr eine Vielzahl von kulinarischen Zubereitungen eignen. Seine Widerstandsf\u00e4higkeit und sein einfacher Anbau machen ihn zu einer idealen Wahl f\u00fcr reiche Ernten das ganze Jahr \u00fcber.  <\/p>\n<ul>\n<li><strong>Feste wei\u00dfe Stiele:<\/strong> Wei\u00dfer Mangold Glatter Silber 3 zeichnet sich durch seine dicken, wei\u00dfen, knackigen Stiele aus, die sich ideal f\u00fcr Pfannengerichte, Suppen, Eint\u00f6pfe oder zum D\u00e4mpfen eignen.<\/li>\n<li><strong>Zarte gr\u00fcne Bl\u00e4tter:<\/strong> Die weiche Textur der Bl\u00e4tter und ihr delikater Geschmack eignen sich sowohl f\u00fcr den Frischverzehr in Salaten als auch f\u00fcr die Zubereitung in traditionellen Rezepten.<\/li>\n<li><strong>Reich an N\u00e4hrstoffen:<\/strong> Mangold ist eine ausgezeichnete Quelle f\u00fcr die Vitamine A, C und K sowie f\u00fcr wichtige Mineralien wie Eisen und Magnesium, was ihn zu einem gesunden und vollwertigen Nahrungsmittel macht.<\/li>\n<li><strong>Widerstandsf\u00e4hig und ertragreich:<\/strong> Der Mangold Glatter Silber 3 ist sehr widerstandsf\u00e4hig gegen ung\u00fcnstige Witterungsbedingungen, so dass Sie das ganze Jahr \u00fcber ernten k\u00f6nnen, auch im Herbst und Winter.<\/li>\n<li><strong>Einfacher Anbau:<\/strong> Diese Sorte ist ideal f\u00fcr Anf\u00e4nger und erfahrene G\u00e4rtner. Sie passt sich gut an verschiedene Bodentypen an und erfordert nur minimale Pflege.<\/li>\n<li><strong>Biologischer Anbau:<\/strong> Unser Saatgut ist 100% biologisch, frei von Pestiziden und chemischen D\u00fcngemitteln, was einen nachhaltigen und umweltfreundlichen Anbau gew\u00e4hrleistet.<\/li>\n<\/ul>\n<p>F\u00fcllen Sie Ihren Garten mit Frische und Geschmack mit den <strong>Glatter Silber 3 Bio-Mangold-Samen<\/strong>. Bauen Sie dieses vielseitige und nahrhafte Gem\u00fcse auf einfache und nachhaltige Weise an und genie\u00dfen Sie das ganze Jahr \u00fcber gesunde Ernten. Bestellen Sie noch heute und beginnen Sie, die Vorz\u00fcge dieses klassischen und k\u00f6stlichen Mangolds zu genie\u00dfen.  <\/p>\n","protected":false},"featured_media":15725,"comment_status":"open","ping_status":"closed","template":"","meta":{"_acf_changed":false},"product_brand":[],"product_cat":[419,476],"product_tag":[1580],"class_list":{"0":"post-19641","1":"product","2":"type-product","3":"status-publish","4":"has-post-thumbnail","6":"product_cat-bio-saatgut","7":"product_cat-bio-saatgut-fur-blattgemuse","8":"product_tag-oko","10":"first","11":"instock","12":"taxable","13":"shipping-taxable","14":"purchasable","15":"product-type-simple"},"acf":[],"_links":{"self":[{"href":"https:\/\/cultivers.es\/de\/wp-json\/wp\/v2\/product\/19641","targetHints":{"allow":["GET"]}}],"collection":[{"href":"https:\/\/cultivers.es\/de\/wp-json\/wp\/v2\/product"}],"about":[{"href":"https:\/\/cultivers.es\/de\/wp-json\/wp\/v2\/types\/product"}],"replies":[{"embeddable":true,"href":"https:\/\/cultivers.es\/de\/wp-json\/wp\/v2\/comments?post=19641"}],"wp:featuredmedia":[{"embeddable":true,"href":"https:\/\/cultivers.es\/de\/wp-json\/wp\/v2\/media\/15725"}],"wp:attachment":[{"href":"https:\/\/cultivers.es\/de\/wp-json\/wp\/v2\/media?parent=19641"}],"wp:term":[{"taxonomy":"product_brand","embeddable":true,"href":"https:\/\/cultivers.es\/de\/wp-json\/wp\/v2\/product_brand?post=19641"},{"taxonomy":"product_cat","embeddable":true,"href":"https:\/\/cultivers.es\/de\/wp-json\/wp\/v2\/product_cat?post=19641"},{"taxonomy":"product_tag","embeddable":true,"href":"https:\/\/cultivers.es\/de\/wp-json\/wp\/v2\/product_tag?post=19641"}],"curies":[{"name":"wp","href":"https:\/\/api.w.org\/{rel}","templated":true}]}}