{"id":19642,"date":"2022-10-07T07:08:06","date_gmt":"2022-10-07T07:08:06","guid":{"rendered":"https:\/\/cultivers.es\/abonos\/bio-krauser-salat-lollo-rossa-saatgut\/"},"modified":"2025-09-22T05:49:09","modified_gmt":"2025-09-22T05:49:09","slug":"saatgut-milchkohl-milchkohl-rossa-okologie","status":"publish","type":"product","link":"https:\/\/cultivers.es\/de\/d\u00fcngemittel\/saatgut-milchkohl-milchkohl-rossa-okologie\/","title":{"rendered":"Krauser Kopfsalat Lollo Rossa Samen"},"content":{"rendered":"","protected":false},"excerpt":{"rendered":"<p>Verleihen Sie Ihren Gerichten einen Hauch von Farbe und Frische mit unseren <strong>Bio Lollo Rossa Samen f\u00fcr krausen Salat<\/strong>. Diese Sorte ist bekannt f\u00fcr ihre krausen Bl\u00e4tter, die an den R\u00e4ndern violett-rot und an der Basis gr\u00fcn sind. Das macht sie zu einer optisch ansprechenden und k\u00f6stlichen Wahl f\u00fcr Salate und Beilagen. Mit seinem milden, leicht s\u00fc\u00dfen Geschmack ist der Lollo Rossa Salat einfach anzubauen und perfekt f\u00fcr alle, die frische, gesunde und nachhaltig angebaute Lebensmittel suchen.  <\/p>\n<ul>\n<li><strong>Gelockte und farbenfrohe Bl\u00e4tter:<\/strong> Lollo Rossa zeichnet sich durch seine gelockten Bl\u00e4tter mit tiefroten R\u00e4ndern aus, die Ihren Gerichten eine dekorative und frische Note verleihen.<\/li>\n<li><strong>Milder und s\u00fc\u00dfer Geschmack:<\/strong> Diese Sorte hat einen leichten und angenehmen Geschmack, ideal f\u00fcr den Rohverzehr in Salaten, als Beilage oder als Basis f\u00fcr aufwendigere Gerichte.<\/li>\n<li><strong>Widerstandsf\u00e4hig und schnell wachsend:<\/strong> Lollo Rossa ist widerstandsf\u00e4hig gegen unterschiedliche klimatische Bedingungen und schie\u00dft nicht so leicht durch, was eine lange und reiche Ernte w\u00e4hrend der Saison gew\u00e4hrleistet.<\/li>\n<li><strong>Reich an N\u00e4hrstoffen:<\/strong> Dieser Salat ist eine ausgezeichnete Quelle f\u00fcr Ballaststoffe, Antioxidantien, die Vitamine A und C und essentielle Mineralien wie Eisen und Kalium und damit ein gesundes und nahrhaftes Lebensmittel.<\/li>\n<li><strong>Einfacher Anbau:<\/strong> Sie ist ideal f\u00fcr Anf\u00e4nger und erfahrene G\u00e4rtner gleicherma\u00dfen und passt sich gut an eine Vielzahl von B\u00f6den und Klimazonen an. Sie eignet sich auch perfekt f\u00fcr Stadt- oder Containerg\u00e4rten. <\/li>\n<li><strong>Biologischer Anbau:<\/strong> Unser Saatgut ist 100% biologisch, frei von Pestiziden und chemischen Produkten und garantiert einen gesunden und umweltfreundlichen Anbau.<\/li>\n<\/ul>\n<p>Bringen Sie Farbe, Frische und Gesundheit in Ihren Garten mit <strong>Organic Lollo Rossa Curly Lettuce Seeds<\/strong>. Bauen Sie diesen vielseitigen und attraktiven Salat nachhaltig an und genie\u00dfen Sie frische, nahrhafte Salate direkt aus Ihrem Garten - bestellen Sie noch heute und ernten Sie das Beste der Natur!  <\/p>\n","protected":false},"featured_media":15710,"comment_status":"open","ping_status":"closed","template":"","meta":{"_acf_changed":false},"product_brand":[],"product_cat":[419,476],"product_tag":[1580],"woo-feed-brand":[],"class_list":{"0":"post-19642","1":"product","2":"type-product","3":"status-publish","4":"has-post-thumbnail","6":"product_cat-bio-saatgut","7":"product_cat-bio-saatgut-fur-blattgemuse","8":"product_tag-oko","10":"first","11":"instock","12":"sale","13":"taxable","14":"shipping-taxable","15":"purchasable","16":"product-type-simple"},"acf":[],"_links":{"self":[{"href":"https:\/\/cultivers.es\/de\/wp-json\/wp\/v2\/product\/19642","targetHints":{"allow":["GET"]}}],"collection":[{"href":"https:\/\/cultivers.es\/de\/wp-json\/wp\/v2\/product"}],"about":[{"href":"https:\/\/cultivers.es\/de\/wp-json\/wp\/v2\/types\/product"}],"replies":[{"embeddable":true,"href":"https:\/\/cultivers.es\/de\/wp-json\/wp\/v2\/comments?post=19642"}],"wp:featuredmedia":[{"embeddable":true,"href":"https:\/\/cultivers.es\/de\/wp-json\/wp\/v2\/media\/15710"}],"wp:attachment":[{"href":"https:\/\/cultivers.es\/de\/wp-json\/wp\/v2\/media?parent=19642"}],"wp:term":[{"taxonomy":"product_brand","embeddable":true,"href":"https:\/\/cultivers.es\/de\/wp-json\/wp\/v2\/product_brand?post=19642"},{"taxonomy":"product_cat","embeddable":true,"href":"https:\/\/cultivers.es\/de\/wp-json\/wp\/v2\/product_cat?post=19642"},{"taxonomy":"product_tag","embeddable":true,"href":"https:\/\/cultivers.es\/de\/wp-json\/wp\/v2\/product_tag?post=19642"},{"taxonomy":"woo-feed-brand","embeddable":true,"href":"https:\/\/cultivers.es\/de\/wp-json\/wp\/v2\/woo-feed-brand?post=19642"}],"curies":[{"name":"wp","href":"https:\/\/api.w.org\/{rel}","templated":true}]}}