{"id":19643,"date":"2022-10-07T07:08:06","date_gmt":"2022-10-07T07:08:06","guid":{"rendered":"https:\/\/cultivers.es\/abonos\/feldsalatsamen-vit-bio\/"},"modified":"2025-09-22T05:06:42","modified_gmt":"2025-09-22T05:06:42","slug":"bio-kanon-saatgut-vit-okologisch","status":"publish","type":"product","link":"https:\/\/cultivers.es\/de\/d\u00fcngemittel\/bio-kanon-saatgut-vit-okologisch\/","title":{"rendered":"Feldsalatsamen Vit"},"content":{"rendered":"","protected":false},"excerpt":{"rendered":"<p>Genie\u00dfen Sie die Frische und den delikaten Geschmack des <strong>Vit-Lammsalats<\/strong> mit unseren <strong>Bio-Lammsalatsamen<\/strong>. Diese Sorte ist bekannt f\u00fcr ihre kleinen, zarten, gr\u00fcnen Bl\u00e4tter mit weicher Textur, die sich perfekt f\u00fcr frische Salate oder als Beilage eignen. Der einfach anzubauende Vit Feldsalat ist eine ausgezeichnete Wahl f\u00fcr alle, die eine nahrhafte und einfache Pflanze f\u00fcr ihren Bio-Garten suchen.  <\/p>\n<ul>\n<li><strong>Kleine und weiche Bl\u00e4tter:<\/strong> Der Vit-Lamb&#8217;s Salat hat zarte gr\u00fcne Bl\u00e4tter mit einem frischen und milden Geschmack, ideal f\u00fcr Salate, Toast oder als Beilage zu jedem Gericht.<\/li>\n<li><strong>Reich an N\u00e4hrstoffen:<\/strong> Diese Sorte ist eine ausgezeichnete Quelle f\u00fcr die Vitamine A, C und E, Eisen und Antioxidantien und damit ein gesundes und nahrhaftes Lebensmittel f\u00fcr Ihre Ern\u00e4hrung.<\/li>\n<li><strong>Einfacher Anbau:<\/strong> Der Vit-Lammsalat ist winterhart und passt sich gut an verschiedene Klimazonen und B\u00f6den an. Er ist ideal f\u00fcr G\u00e4rten im Freien, aber auch f\u00fcr T\u00f6pfe auf Balkonen oder Terrassen. <\/li>\n<li><strong>Kontinuierliche Ernte:<\/strong> Sie k\u00f6nnen die Bl\u00e4tter regelm\u00e4\u00dfig ernten, um w\u00e4hrend der gesamten Saison eine konstante Ernte von frischem, knackigem Feldsalat zu gew\u00e4hrleisten.<\/li>\n<li><strong>Biologischer Anbau:<\/strong> Unser Saatgut ist zu 100% biologisch, frei von Pestiziden und Chemikalien und garantiert eine gesunde und umweltfreundliche Ernte.<\/li>\n<\/ul>\n<p>Bringen Sie Frische und N\u00e4hrstoffe auf Ihren Tisch mit <strong>Vit Organic Feldsalat<\/strong>. Er ist einfach anzubauen und k\u00f6stlich. Er ist die perfekte Erg\u00e4nzung f\u00fcr Ihren nachhaltigen Garten - bestellen Sie noch heute und genie\u00dfen Sie frische, gesunde Ernten direkt aus Ihrem Garten!  <\/p>\n","protected":false},"featured_media":15660,"comment_status":"open","ping_status":"closed","template":"","meta":{"_acf_changed":false},"product_brand":[],"product_cat":[419,476],"product_tag":[1580],"woo-feed-brand":[],"class_list":{"0":"post-19643","1":"product","2":"type-product","3":"status-publish","4":"has-post-thumbnail","6":"product_cat-bio-saatgut","7":"product_cat-bio-saatgut-fur-blattgemuse","8":"product_tag-oko","10":"first","11":"instock","12":"sale","13":"taxable","14":"shipping-taxable","15":"purchasable","16":"product-type-simple"},"acf":[],"_links":{"self":[{"href":"https:\/\/cultivers.es\/de\/wp-json\/wp\/v2\/product\/19643","targetHints":{"allow":["GET"]}}],"collection":[{"href":"https:\/\/cultivers.es\/de\/wp-json\/wp\/v2\/product"}],"about":[{"href":"https:\/\/cultivers.es\/de\/wp-json\/wp\/v2\/types\/product"}],"replies":[{"embeddable":true,"href":"https:\/\/cultivers.es\/de\/wp-json\/wp\/v2\/comments?post=19643"}],"wp:featuredmedia":[{"embeddable":true,"href":"https:\/\/cultivers.es\/de\/wp-json\/wp\/v2\/media\/15660"}],"wp:attachment":[{"href":"https:\/\/cultivers.es\/de\/wp-json\/wp\/v2\/media?parent=19643"}],"wp:term":[{"taxonomy":"product_brand","embeddable":true,"href":"https:\/\/cultivers.es\/de\/wp-json\/wp\/v2\/product_brand?post=19643"},{"taxonomy":"product_cat","embeddable":true,"href":"https:\/\/cultivers.es\/de\/wp-json\/wp\/v2\/product_cat?post=19643"},{"taxonomy":"product_tag","embeddable":true,"href":"https:\/\/cultivers.es\/de\/wp-json\/wp\/v2\/product_tag?post=19643"},{"taxonomy":"woo-feed-brand","embeddable":true,"href":"https:\/\/cultivers.es\/de\/wp-json\/wp\/v2\/woo-feed-brand?post=19643"}],"curies":[{"name":"wp","href":"https:\/\/api.w.org\/{rel}","templated":true}]}}