{"id":19644,"date":"2022-10-07T07:08:06","date_gmt":"2022-10-07T07:08:06","guid":{"rendered":"https:\/\/cultivers.es\/abonos\/bio-zimt-basilikum-samen\/"},"modified":"2025-09-22T05:35:48","modified_gmt":"2025-09-22T05:35:48","slug":"basilikum-zimt-samen","status":"publish","type":"product","link":"https:\/\/cultivers.es\/de\/d\u00fcngemittel\/basilikum-zimt-samen\/","title":{"rendered":"Zimt-Basilikum-Samen"},"content":{"rendered":"","protected":false},"excerpt":{"rendered":"<p><strong>Zimtbasilikum<\/strong> ist eine aromatische Sorte, die das klassische Basilikumaroma mit subtilen Zimtnoten kombiniert und so ein einzigartiges Kocherlebnis schafft. Seine gr\u00fcnen Bl\u00e4tter mit leicht dunkler F\u00e4rbung verstr\u00f6men einen exotischen und s\u00fc\u00dfen Duft, der sich perfekt f\u00fcr Salate, Saucen, Aufg\u00fcsse, Desserts oder als Beilage zu Obst eignet. Neben ihrem gro\u00dfen gastronomischen Wert wird diese Pflanze auch wegen ihrer Sch\u00f6nheit und ihrer F\u00e4higkeit, Best\u00e4uber im <strong>Garten<\/strong> anzulocken, sehr gesch\u00e4tzt.  <\/p>\n<p><strong>S\u00fc\u00dfes Aroma mit Zimtnoten:<\/strong> Seine Bl\u00e4tter verstr\u00f6men ein intensives Aroma, in dem sich der Duft von Basilikum mit warmen Zimtnoten verbindet und Ihren kulinarischen Zubereitungen einen unverwechselbaren Geschmack verleiht.<\/p>\n<p><strong>Vielseitig in der K\u00fcche:<\/strong> Ideal, um s\u00fc\u00dfen und herzhaften Gerichten, Saucen, aromatischen \u00d6len, Vinaigrettes, Eiscreme und Obstsalaten eine originelle Note zu verleihen.<\/p>\n<p><strong>Weiche und zarte Bl\u00e4tter:<\/strong> Ihre zarte Textur und ihr leicht w\u00fcrziger Geschmack verleihen einer Vielzahl von Rezepten Tiefe und Eleganz.<\/p>\n<p><strong>Attraktiv f\u00fcr Best\u00e4uber:<\/strong> Die kleinen wei\u00dfen Bl\u00fcten ziehen Bienen und andere n\u00fctzliche Insekten an und tragen so zur Artenvielfalt und zur Gesundheit des <strong>Gartens<\/strong> bei.<\/p>\n<p><strong>Einfacher Anbau:<\/strong> Passt sich gut an verschiedene B\u00f6den und Klimazonen an und ist sowohl f\u00fcr Anf\u00e4nger als auch f\u00fcr erfahrene G\u00e4rtner geeignet. Ideal f\u00fcr den Anbau in T\u00f6pfen, auf Balkonen oder direkt in der Erde. <\/p>\n<p><strong>Biologischer Anbau:<\/strong> Unser Saatgut ist <strong>100% biologisch<\/strong>, frei von Pestiziden und chemischen D\u00fcngemitteln, was einen nachhaltigen und umweltfreundlichen <strong>Garten<\/strong> garantiert.<\/p>\n<p>Genie\u00dfen Sie den einzigartigen Geschmack und das bezaubernde Aroma von <strong>Bio-Zimtbasilikum<\/strong>, das direkt in Ihrem <strong>Garten<\/strong> w\u00e4chst, und entdecken Sie neue kulinarische Kombinationen voller Frische und Originalit\u00e4t.<\/p>\n","protected":false},"featured_media":15835,"comment_status":"open","ping_status":"closed","template":"","meta":{"_acf_changed":false},"product_brand":[],"product_cat":[727,419],"product_tag":[1580],"class_list":{"0":"post-19644","1":"product","2":"type-product","3":"status-publish","4":"has-post-thumbnail","6":"product_cat-bio-aroma-saatgut","7":"product_cat-bio-saatgut","8":"product_tag-oko","10":"first","11":"instock","12":"taxable","13":"shipping-taxable","14":"purchasable","15":"product-type-simple"},"acf":[],"_links":{"self":[{"href":"https:\/\/cultivers.es\/de\/wp-json\/wp\/v2\/product\/19644","targetHints":{"allow":["GET"]}}],"collection":[{"href":"https:\/\/cultivers.es\/de\/wp-json\/wp\/v2\/product"}],"about":[{"href":"https:\/\/cultivers.es\/de\/wp-json\/wp\/v2\/types\/product"}],"replies":[{"embeddable":true,"href":"https:\/\/cultivers.es\/de\/wp-json\/wp\/v2\/comments?post=19644"}],"wp:featuredmedia":[{"embeddable":true,"href":"https:\/\/cultivers.es\/de\/wp-json\/wp\/v2\/media\/15835"}],"wp:attachment":[{"href":"https:\/\/cultivers.es\/de\/wp-json\/wp\/v2\/media?parent=19644"}],"wp:term":[{"taxonomy":"product_brand","embeddable":true,"href":"https:\/\/cultivers.es\/de\/wp-json\/wp\/v2\/product_brand?post=19644"},{"taxonomy":"product_cat","embeddable":true,"href":"https:\/\/cultivers.es\/de\/wp-json\/wp\/v2\/product_cat?post=19644"},{"taxonomy":"product_tag","embeddable":true,"href":"https:\/\/cultivers.es\/de\/wp-json\/wp\/v2\/product_tag?post=19644"}],"curies":[{"name":"wp","href":"https:\/\/api.w.org\/{rel}","templated":true}]}}