{"id":19646,"date":"2022-10-07T07:08:06","date_gmt":"2022-10-07T07:08:06","guid":{"rendered":"https:\/\/cultivers.es\/abonos\/spinat-butterflay-bio-spinat-samen\/"},"modified":"2025-09-22T05:06:47","modified_gmt":"2025-09-22T05:06:47","slug":"spinat-samen-butterbrotbaum-okologie","status":"publish","type":"product","link":"https:\/\/cultivers.es\/de\/d\u00fcngemittel\/spinat-samen-butterbrotbaum-okologie\/","title":{"rendered":"Spinat Butterflay Spinatsamen Biodynamisch Demeter"},"content":{"rendered":"","protected":false},"excerpt":{"rendered":"<p>Z\u00fcchten Sie Spinat von au\u00dfergew\u00f6hnlicher Qualit\u00e4t mit unseren <strong>Demeter Bio Butterflay Spinat-Samen<\/strong>. Diese Sorte ist bekannt f\u00fcr ihre gro\u00dfen, tiefgr\u00fcnen Bl\u00e4tter und ihre weiche Textur, die ideal f\u00fcr frische Salate, Pfannengerichte und Eint\u00f6pfe sind. Butterflay Spinat eignet sich perfekt f\u00fcr die Fr\u00fchjahrs- und Herbsternte und vereint Geschmack, N\u00e4hrwert und Anbaufreundlichkeit. Mit der Demeter-Zertifizierung garantieren wir einen umweltfreundlichen Anbau nach den Prinzipien der biodynamischen Landwirtschaft.   <\/p>\n<ul>\n<li><strong>Gro\u00dfe, weiche Bl\u00e4tter:<\/strong> Butterflay Spinat produziert breite, zarte Bl\u00e4tter mit einem milden, delikaten Geschmack, der sich sowohl f\u00fcr den frischen als auch f\u00fcr den gekochten Verzehr eignet.<\/li>\n<li><strong>Reich an N\u00e4hrstoffen:<\/strong> Diese Sorte ist eine ausgezeichnete Quelle f\u00fcr die Vitamine A, C und K, Eisen, Magnesium und Antioxidantien. Sie ist ein komplettes und gesundes Nahrungsmittel f\u00fcr jede ausgewogene Ern\u00e4hrung.<\/li>\n<li><strong>Einfacher Anbau:<\/strong> Der winterharte und schnell wachsende Butterflay-Spinat passt sich gut an verschiedene Bodentypen und Klimazonen an und ist daher sowohl f\u00fcr Anf\u00e4nger als auch f\u00fcr erfahrene G\u00e4rtner geeignet.<\/li>\n<li><strong>Gro\u00dfz\u00fcgige Ernten:<\/strong> Dank des schnellen Wachstums k\u00f6nnen Sie in kurzer Zeit frische und n\u00e4hrstoffreiche Bl\u00e4tter genie\u00dfen. Au\u00dferdem erm\u00f6glicht sie mehrere Ernten w\u00e4hrend der Saison. <\/li>\n<li><strong>Demeter-Zertifizierung:<\/strong> Dieses Saatgut ist Demeter-zertifiziert, was garantiert, dass es nach den Grunds\u00e4tzen der biologisch-dynamischen Landwirtschaft angebaut wurde und die nat\u00fcrlichen Zyklen und das Gleichgewicht des \u00d6kosystems respektiert.<\/li>\n<li><strong>Biologischer Anbau:<\/strong> Unser Saatgut ist zu 100% biologisch, frei von Pestiziden und chemischen D\u00fcngemitteln und garantiert ein gesundes und umweltfreundliches Produkt.<\/li>\n<\/ul>\n<p>F\u00fcllen Sie Ihren Gem\u00fcsegarten mit Frische und Geschmack mit den <strong>Demeter Bio-Butterblattspinat-Samen<\/strong>. Dieser Spinat ist leicht anzubauen und nahrhaft. Er ist eine gesunde und k\u00f6stliche Bereicherung f\u00fcr Ihren Tisch - bestellen Sie noch heute und genie\u00dfen Sie eine reiche und nachhaltige Ernte!  <\/p>\n","protected":false},"featured_media":15735,"comment_status":"open","ping_status":"closed","template":"","meta":{"_acf_changed":false},"product_brand":[],"product_cat":[419,476],"product_tag":[1384],"class_list":{"0":"post-19646","1":"product","2":"type-product","3":"status-publish","4":"has-post-thumbnail","6":"product_cat-bio-saatgut","7":"product_cat-bio-saatgut-fur-blattgemuse","8":"product_tag-demeter-de","10":"first","11":"instock","12":"sale","13":"taxable","14":"shipping-taxable","15":"purchasable","16":"product-type-simple"},"acf":[],"_links":{"self":[{"href":"https:\/\/cultivers.es\/de\/wp-json\/wp\/v2\/product\/19646","targetHints":{"allow":["GET"]}}],"collection":[{"href":"https:\/\/cultivers.es\/de\/wp-json\/wp\/v2\/product"}],"about":[{"href":"https:\/\/cultivers.es\/de\/wp-json\/wp\/v2\/types\/product"}],"replies":[{"embeddable":true,"href":"https:\/\/cultivers.es\/de\/wp-json\/wp\/v2\/comments?post=19646"}],"wp:featuredmedia":[{"embeddable":true,"href":"https:\/\/cultivers.es\/de\/wp-json\/wp\/v2\/media\/15735"}],"wp:attachment":[{"href":"https:\/\/cultivers.es\/de\/wp-json\/wp\/v2\/media?parent=19646"}],"wp:term":[{"taxonomy":"product_brand","embeddable":true,"href":"https:\/\/cultivers.es\/de\/wp-json\/wp\/v2\/product_brand?post=19646"},{"taxonomy":"product_cat","embeddable":true,"href":"https:\/\/cultivers.es\/de\/wp-json\/wp\/v2\/product_cat?post=19646"},{"taxonomy":"product_tag","embeddable":true,"href":"https:\/\/cultivers.es\/de\/wp-json\/wp\/v2\/product_tag?post=19646"}],"curies":[{"name":"wp","href":"https:\/\/api.w.org\/{rel}","templated":true}]}}