{"id":19647,"date":"2022-10-07T07:08:06","date_gmt":"2022-10-07T07:08:06","guid":{"rendered":"https:\/\/cultivers.es\/abonos\/spinat-matador-bio-spinat-samen\/"},"modified":"2025-09-22T05:06:48","modified_gmt":"2025-09-22T05:06:48","slug":"spinat-spinat-killer-saatgut-okologie","status":"publish","type":"product","link":"https:\/\/cultivers.es\/de\/d\u00fcngemittel\/spinat-spinat-killer-saatgut-okologie\/","title":{"rendered":"Matador Spinat Saatgut Demeter"},"content":{"rendered":"","protected":false},"excerpt":{"rendered":"<p>Bringen Sie Frische und N\u00e4hrstoffe in Ihren Garten mit unseren <strong>Demeter Bio-Matador-Spinat-Samen<\/strong>. Diese Sorte ist bekannt f\u00fcr ihre gro\u00dfen Bl\u00e4tter, ihre Widerstandsf\u00e4higkeit und ihren intensiven Geschmack. Sie eignet sich ideal f\u00fcr eine Vielzahl von kulinarischen Zubereitungen, von Salaten bis hin zu Suppen und Pfannengerichten. Mit seinem hohen Gehalt an Vitaminen und Mineralstoffen ist Matador Spinat eine ausgezeichnete Wahl f\u00fcr alle, die ein einfach anzubauender und sehr nahrhafter Gem\u00fcsegarten suchen.  <\/p>\n<ul>\n<li><strong>Gro\u00dfe, reiche Bl\u00e4tter:<\/strong> Matador Spinat produziert gro\u00dfe, zarte, leuchtend gr\u00fcne Bl\u00e4tter mit einem intensiven Geschmack, der sich in allem von frischen Salaten bis hin zu Eint\u00f6pfen auszeichnet.<\/li>\n<li><strong>Reich an N\u00e4hrstoffen:<\/strong> Dieser Spinat ist eine ausgezeichnete Quelle f\u00fcr die Vitamine A, C, K und Eisen sowie f\u00fcr Antioxidantien, die zu einer gesunden Ern\u00e4hrung beitragen, das Immunsystem unterst\u00fctzen und eine gesunde Haut f\u00f6rdern.<\/li>\n<li><strong>Widerstandsf\u00e4hig und anpassungsf\u00e4hig:<\/strong> Matador Spinat ist sowohl hitze- als auch k\u00e4lteresistent, so dass er \u00fcber l\u00e4ngere Zeitr\u00e4ume des Jahres, vom Fr\u00fchjahr bis zum Herbst, angebaut werden kann.<\/li>\n<li><strong>Einfach anzubauen:<\/strong> Dank seiner schnellen Keimung und seiner Widerstandsf\u00e4higkeit ist dieser Spinat einfach anzubauen und passt sich gut an verschiedene Bodentypen und klimatische Bedingungen an, was ihn ideal f\u00fcr Gartenanf\u00e4nger macht.<\/li>\n<li><strong>Demeter-Zertifizierung:<\/strong> Unser Saatgut ist Demeter-zertifiziert, was garantiert, dass es nach den Grunds\u00e4tzen der biologisch-dynamischen Landwirtschaft angebaut wurde, wobei die nat\u00fcrlichen Zyklen und die Gesundheit des \u00d6kosystems respektiert werden.<\/li>\n<li><strong>Biologischer Anbau:<\/strong> Matador Spinatsamen sind 100% biologisch, frei von Pestiziden und chemischen D\u00fcngemitteln, was eine gesunde und umweltfreundliche Ernte gew\u00e4hrleistet.<\/li>\n<\/ul>\n<p>Genie\u00dfen Sie eine reiche und gesunde Ernte mit den <strong>Demeter Bio Matador Spinatsamen<\/strong>. Diese leicht anbaubare und n\u00e4hrstoffreiche Sorte erm\u00f6glicht es Ihnen, die ganze Saison \u00fcber frischen, schmackhaften Spinat zu genie\u00dfen. Bestellen Sie noch heute und ernten Sie diesen k\u00f6stlichen, n\u00e4hrstoffreichen Spinat direkt in Ihrem Garten!  <\/p>\n","protected":false},"featured_media":15610,"comment_status":"open","ping_status":"closed","template":"","meta":{"_acf_changed":false},"product_brand":[],"product_cat":[419,476],"product_tag":[1580],"class_list":{"0":"post-19647","1":"product","2":"type-product","3":"status-publish","4":"has-post-thumbnail","6":"product_cat-bio-saatgut","7":"product_cat-bio-saatgut-fur-blattgemuse","8":"product_tag-oko","10":"first","11":"instock","12":"sale","13":"taxable","14":"shipping-taxable","15":"purchasable","16":"product-type-simple"},"acf":[],"_links":{"self":[{"href":"https:\/\/cultivers.es\/de\/wp-json\/wp\/v2\/product\/19647","targetHints":{"allow":["GET"]}}],"collection":[{"href":"https:\/\/cultivers.es\/de\/wp-json\/wp\/v2\/product"}],"about":[{"href":"https:\/\/cultivers.es\/de\/wp-json\/wp\/v2\/types\/product"}],"replies":[{"embeddable":true,"href":"https:\/\/cultivers.es\/de\/wp-json\/wp\/v2\/comments?post=19647"}],"wp:featuredmedia":[{"embeddable":true,"href":"https:\/\/cultivers.es\/de\/wp-json\/wp\/v2\/media\/15610"}],"wp:attachment":[{"href":"https:\/\/cultivers.es\/de\/wp-json\/wp\/v2\/media?parent=19647"}],"wp:term":[{"taxonomy":"product_brand","embeddable":true,"href":"https:\/\/cultivers.es\/de\/wp-json\/wp\/v2\/product_brand?post=19647"},{"taxonomy":"product_cat","embeddable":true,"href":"https:\/\/cultivers.es\/de\/wp-json\/wp\/v2\/product_cat?post=19647"},{"taxonomy":"product_tag","embeddable":true,"href":"https:\/\/cultivers.es\/de\/wp-json\/wp\/v2\/product_tag?post=19647"}],"curies":[{"name":"wp","href":"https:\/\/api.w.org\/{rel}","templated":true}]}}