{"id":19648,"date":"2022-10-07T07:08:06","date_gmt":"2022-10-07T07:08:06","guid":{"rendered":"https:\/\/cultivers.es\/abonos\/bio-bohnenkraut-samen\/"},"modified":"2025-09-22T05:06:14","modified_gmt":"2025-09-22T05:06:14","slug":"samen-von-okologischem-stroh","status":"publish","type":"product","link":"https:\/\/cultivers.es\/de\/d\u00fcngemittel\/samen-von-okologischem-stroh\/","title":{"rendered":"Bohnenkraut-Samen"},"content":{"rendered":"","protected":false},"excerpt":{"rendered":"<p><strong>Bohnenkraut<\/strong> (Satureja hortensis) ist ein aromatisches Kraut, das in der mediterranen K\u00fcche wegen seines intensiven, leicht w\u00fcrzigen Geschmacks und seines scharfen Aromas gesch\u00e4tzt wird. Seine dunkelgr\u00fcnen Bl\u00e4tter mit ihrer zarten Textur k\u00f6nnen frisch oder getrocknet verwendet werden, um Eint\u00f6pfen, So\u00dfen, Salaten oder Marinaden eine besondere Note zu verleihen. Neben seinem gastronomischen Wert ist das Bohnenkraut eine Pflanze, die Best\u00e4uber anlockt und leicht in Ihrem <strong>Garten<\/strong> wachsen kann, wo es eine dekorative und aromatische Note verleiht.  <\/p>\n<p><strong>Intensiver und aromatischer Geschmack:<\/strong> Die Bl\u00e4tter verleihen einen w\u00fcrzigen und krautigen Geschmack, der den Charakter von Fleisch, Suppen, So\u00dfen und Gem\u00fcsegerichten unterstreicht.<\/p>\n<p><strong>Vielseitiges Kraut:<\/strong> Dieses Kraut eignet sich sowohl f\u00fcr den frischen als auch f\u00fcr den getrockneten Verzehr und f\u00fcgt sich perfekt in traditionelle oder moderne Rezepte ein und verleiht ihnen Komplexit\u00e4t und Aroma.<\/p>\n<p><strong>Attraktiv f\u00fcr Best\u00e4uber:<\/strong> Die kleinen wei\u00dfen oder lilafarbenen Bl\u00fcten ziehen Bienen und Schmetterlinge an und tragen so zur Artenvielfalt und zur Gesundheit des <strong>Gartens<\/strong> bei.<\/p>\n<p><strong>Einfacher Anbau:<\/strong> Bohnenkraut passt sich gut an verschiedene B\u00f6den und Bedingungen an und w\u00e4chst leicht. Es ist daher perfekt f\u00fcr diejenigen, die mit dem Anbau von Kr\u00e4utern beginnen m\u00f6chten.<\/p>\n<p><strong>Reich an Eigenschaften:<\/strong> Neben seinem kulinarischen Wert wird Bohnenkraut seit jeher wegen seiner verdauungsf\u00f6rdernden und antioxidativen Eigenschaften verwendet.<\/p>\n<p><strong>Biologischer Anbau:<\/strong> Unser Saatgut ist <strong>100% biologisch<\/strong>, frei von Pestiziden und chemischen D\u00fcngemitteln und f\u00f6rdert einen nachhaltigen und umweltfreundlichen <strong>Garten<\/strong>.<\/p>\n<p>Genie\u00dfen Sie die aromatische Intensit\u00e4t und den unverwechselbaren Geschmack von <strong>Bio-Bohnenkraut<\/strong> direkt aus Ihrem <strong>Garten<\/strong> und bereichern Sie Ihre Gerichte mit diesem traditionellen, gesunden und vielseitigen Kraut.<\/p>\n","protected":false},"featured_media":15860,"comment_status":"open","ping_status":"closed","template":"","meta":{"_acf_changed":false},"product_brand":[],"product_cat":[727,419],"product_tag":[1580],"class_list":{"0":"post-19648","1":"product","2":"type-product","3":"status-publish","4":"has-post-thumbnail","6":"product_cat-bio-aroma-saatgut","7":"product_cat-bio-saatgut","8":"product_tag-oko","10":"first","11":"instock","12":"sale","13":"taxable","14":"shipping-taxable","15":"purchasable","16":"product-type-simple"},"acf":[],"_links":{"self":[{"href":"https:\/\/cultivers.es\/de\/wp-json\/wp\/v2\/product\/19648","targetHints":{"allow":["GET"]}}],"collection":[{"href":"https:\/\/cultivers.es\/de\/wp-json\/wp\/v2\/product"}],"about":[{"href":"https:\/\/cultivers.es\/de\/wp-json\/wp\/v2\/types\/product"}],"replies":[{"embeddable":true,"href":"https:\/\/cultivers.es\/de\/wp-json\/wp\/v2\/comments?post=19648"}],"wp:featuredmedia":[{"embeddable":true,"href":"https:\/\/cultivers.es\/de\/wp-json\/wp\/v2\/media\/15860"}],"wp:attachment":[{"href":"https:\/\/cultivers.es\/de\/wp-json\/wp\/v2\/media?parent=19648"}],"wp:term":[{"taxonomy":"product_brand","embeddable":true,"href":"https:\/\/cultivers.es\/de\/wp-json\/wp\/v2\/product_brand?post=19648"},{"taxonomy":"product_cat","embeddable":true,"href":"https:\/\/cultivers.es\/de\/wp-json\/wp\/v2\/product_cat?post=19648"},{"taxonomy":"product_tag","embeddable":true,"href":"https:\/\/cultivers.es\/de\/wp-json\/wp\/v2\/product_tag?post=19648"}],"curies":[{"name":"wp","href":"https:\/\/api.w.org\/{rel}","templated":true}]}}