{"id":19677,"date":"2022-10-07T07:08:06","date_gmt":"2022-10-07T07:08:06","guid":{"rendered":"https:\/\/cultivers.es\/abonos\/steckruebe-grelos-de-santiago-bio-steckruebe-grelos-de-santiago-saatgut\/"},"modified":"2026-02-20T14:00:29","modified_gmt":"2026-02-20T14:00:29","slug":"bio-ruben-raps-saatgut-okologisch","status":"publish","type":"product","link":"https:\/\/cultivers.es\/de\/d\u00fcngemittel\/bio-ruben-raps-saatgut-okologisch\/","title":{"rendered":"R\u00fcbe Grelos de Santiago Biologisch-dynamische R\u00fcbe Grelos de Santiago Saatgut"},"content":{"rendered":"","protected":false},"excerpt":{"rendered":"<p>Kultivieren Sie ein Juwel der traditionellen galicischen Gastronomie mit unseren <strong>Bio-R\u00fcbensamen Grelos de Santiago<\/strong>. Diese Sorte ist ber\u00fchmt f\u00fcr ihr zartes und schmackhaftes R\u00fcbengem\u00fcse, das sich ideal f\u00fcr die Zubereitung traditioneller Gerichte wie Eint\u00f6pfe, Aufl\u00e4ufe oder Omeletts eignet. Dar\u00fcber hinaus zeichnet sich die R\u00fcbe Grelos de Santiago durch ihr schnelles Wachstum und ihre Widerstandsf\u00e4higkeit aus, was sie zu einer ausgezeichneten Wahl f\u00fcr reiche Ernten im Herbst und Winter macht.  <\/p>\n<ul>\n<li><strong>Zarte und schmackhafte Bl\u00e4tter:<\/strong> Steckr\u00fcben dieser Sorte werden f\u00fcr ihre weiche Textur und ihren leicht bitteren Geschmack gesch\u00e4tzt und eignen sich perfekt, um traditionellen und modernen Rezepten eine besondere Note zu verleihen.<\/li>\n<li><strong>Schnelle Ernte:<\/strong> Die Grelos de Santiago R\u00fcbe ist eine schnell wachsende Pflanze, die es Ihnen erm\u00f6glicht, ihre Bl\u00e4tter in kurzer Zeit zu genie\u00dfen. Sie ist ideal f\u00fcr diejenigen, die eine effiziente und produktive Ernte suchen.<\/li>\n<li><strong>K\u00e4ltebest\u00e4ndig:<\/strong> Diese Sorte ist perfekt f\u00fcr k\u00fchle Klimazonen geeignet. Sie gedeiht im Herbst und Winter und sorgt auch in den k\u00e4ltesten Jahreszeiten f\u00fcr eine reiche Ernte.<\/li>\n<li><strong>Reich an N\u00e4hrstoffen:<\/strong> Kohlrabi ist eine ausgezeichnete Quelle f\u00fcr Ballaststoffe, Vitamin A und C sowie Kalzium und Eisen und damit ein gesundes und nahrhaftes Lebensmittel.<\/li>\n<li><strong>Einfach anzubauen:<\/strong> Ihre Widerstandsf\u00e4higkeit und ihre F\u00e4higkeit, sich an verschiedene Bodentypen anzupassen, machen sie sowohl f\u00fcr Anf\u00e4nger als auch f\u00fcr erfahrene G\u00e4rtner ideal.<\/li>\n<li><strong>Biologischer Anbau:<\/strong> Unser Saatgut ist 100% biologisch, frei von Pestiziden und chemischen Produkten und garantiert einen gesunden und umweltfreundlichen Anbau.<\/li>\n<\/ul>\n<p>Genie\u00dfen Sie die galicische Tradition und den authentischen Geschmack mit unseren <strong>Bio-R\u00fcbensamen Grelos de Santiago Turnip Saatgut<\/strong>. Z\u00fcchten Sie Ihr eigenes R\u00fcbengem\u00fcse auf einfache und nachhaltige Weise und f\u00fcllen Sie Ihren Tisch mit Frische und N\u00e4hrstoffen. Bestellen Sie noch heute und fangen Sie an, den Geschmack von Galicien in Ihrem Garten zu ernten!  <\/p>\n","protected":false},"featured_media":15720,"comment_status":"open","ping_status":"closed","template":"","meta":{"_acf_changed":false},"product_brand":[],"product_cat":[423,419,1304],"product_tag":[1384],"class_list":{"0":"post-19677","1":"product","2":"type-product","3":"status-publish","4":"has-post-thumbnail","6":"product_cat-bio-brassica-saatgut","7":"product_cat-bio-saatgut","8":"product_cat-demeter-samen","9":"product_tag-demeter-de","11":"first","12":"instock","13":"sale","14":"taxable","15":"shipping-taxable","16":"purchasable","17":"product-type-simple"},"acf":[],"_links":{"self":[{"href":"https:\/\/cultivers.es\/de\/wp-json\/wp\/v2\/product\/19677","targetHints":{"allow":["GET"]}}],"collection":[{"href":"https:\/\/cultivers.es\/de\/wp-json\/wp\/v2\/product"}],"about":[{"href":"https:\/\/cultivers.es\/de\/wp-json\/wp\/v2\/types\/product"}],"replies":[{"embeddable":true,"href":"https:\/\/cultivers.es\/de\/wp-json\/wp\/v2\/comments?post=19677"}],"wp:featuredmedia":[{"embeddable":true,"href":"https:\/\/cultivers.es\/de\/wp-json\/wp\/v2\/media\/15720"}],"wp:attachment":[{"href":"https:\/\/cultivers.es\/de\/wp-json\/wp\/v2\/media?parent=19677"}],"wp:term":[{"taxonomy":"product_brand","embeddable":true,"href":"https:\/\/cultivers.es\/de\/wp-json\/wp\/v2\/product_brand?post=19677"},{"taxonomy":"product_cat","embeddable":true,"href":"https:\/\/cultivers.es\/de\/wp-json\/wp\/v2\/product_cat?post=19677"},{"taxonomy":"product_tag","embeddable":true,"href":"https:\/\/cultivers.es\/de\/wp-json\/wp\/v2\/product_tag?post=19677"}],"curies":[{"name":"wp","href":"https:\/\/api.w.org\/{rel}","templated":true}]}}