{"id":19686,"date":"2022-10-07T07:08:06","date_gmt":"2022-10-07T07:08:06","guid":{"rendered":"https:\/\/cultivers.es\/abonos\/bio-mangold-saatgut-multicolour\/"},"modified":"2025-09-22T05:20:52","modified_gmt":"2025-09-22T05:20:52","slug":"saatgut-seegras-multicolour-okologisch","status":"publish","type":"product","link":"https:\/\/cultivers.es\/de\/d\u00fcngemittel\/saatgut-seegras-multicolour-okologisch\/","title":{"rendered":"Mehrfarbige Mangold Samen"},"content":{"rendered":"","protected":false},"excerpt":{"rendered":"<p>Bringen Sie einen Regenbogen an Farben und N\u00e4hrstoffen in Ihren Garten mit unseren <strong>Bio-Mangold-Samen Multicolour<\/strong>. Diese Sorte zeichnet sich durch ihre farbenfrohen Stiele aus - gelb, orange, rot, rosa und wei\u00df - die jede Ecke Ihres Gartens und Ihre Gerichte aufhellen werden. Mit seinen zarten Bl\u00e4ttern und seinem milden Geschmack ist Multicoloured Chard eine vielseitige und k\u00f6stliche Wahl f\u00fcr Eint\u00f6pfe, Pfannengerichte, Suppen oder frische Salate.  <\/p>\n<ul>\n<li><strong>Lebendig gef\u00e4rbte Stiele:<\/strong> Dieser Mangold produziert Stiele in einer Reihe von leuchtenden Farben, die nicht nur Ihren Garten schm\u00fccken, sondern auch Ihren Gerichten eine attraktive und gesunde Note verleihen.<\/li>\n<li><strong>Weiche und zarte Bl\u00e4tter:<\/strong> Die gro\u00dfen gr\u00fcnen Bl\u00e4tter mit zarter Textur sind ideal zum Kochen und f\u00fcr den Frischverzehr in Salaten oder gr\u00fcnen Smoothies.<\/li>\n<li><strong>Reich an N\u00e4hrstoffen:<\/strong> Bunter Mangold ist eine ausgezeichnete Quelle f\u00fcr Ballaststoffe, die Vitamine A, C und K sowie Mineralstoffe wie Eisen, Magnesium und Kalzium, was ihn zu einem wichtigen Lebensmittel f\u00fcr eine ausgewogene Ern\u00e4hrung macht.<\/li>\n<li><strong>Einfacher Anbau:<\/strong> Diese Sorte ist winterhart und pflegeleicht und passt sich gut an verschiedene Klimazonen und B\u00f6den an. Sie ist sowohl f\u00fcr Anf\u00e4nger als auch f\u00fcr erfahrene G\u00e4rtner geeignet. <\/li>\n<li><strong>Kontinuierliche Ernte:<\/strong> Bei Mangold k\u00f6nnen die Bl\u00e4tter und Stiele regelm\u00e4\u00dfig geerntet werden, was eine konstante Produktion \u00fcber mehrere Monate gew\u00e4hrleistet.<\/li>\n<li><strong>Biologischer Anbau:<\/strong> Unser Saatgut ist 100% biologisch, frei von Pestiziden und chemischen Produkten und garantiert einen gesunden und umweltfreundlichen Anbau.<\/li>\n<\/ul>\n<p>F\u00fcllen Sie Ihren Garten mit Farbe, Frische und Geschmack mit <strong>Bio-Mangold-Samen<\/strong>. Bauen Sie dieses vielseitige und nahrhafte Gem\u00fcse nachhaltig an und erfreuen Sie sich an gesunden, lebendigen Ernten - bestellen Sie noch heute und bringen Sie Farbe auf Ihren Tisch!  <\/p>\n","protected":false},"featured_media":15640,"comment_status":"open","ping_status":"closed","template":"","meta":{"_acf_changed":false},"product_brand":[],"product_cat":[419,476],"product_tag":[1580],"class_list":{"0":"post-19686","1":"product","2":"type-product","3":"status-publish","4":"has-post-thumbnail","6":"product_cat-bio-saatgut","7":"product_cat-bio-saatgut-fur-blattgemuse","8":"product_tag-oko","10":"first","11":"instock","12":"sale","13":"taxable","14":"shipping-taxable","15":"purchasable","16":"product-type-simple"},"acf":[],"_links":{"self":[{"href":"https:\/\/cultivers.es\/de\/wp-json\/wp\/v2\/product\/19686","targetHints":{"allow":["GET"]}}],"collection":[{"href":"https:\/\/cultivers.es\/de\/wp-json\/wp\/v2\/product"}],"about":[{"href":"https:\/\/cultivers.es\/de\/wp-json\/wp\/v2\/types\/product"}],"replies":[{"embeddable":true,"href":"https:\/\/cultivers.es\/de\/wp-json\/wp\/v2\/comments?post=19686"}],"wp:featuredmedia":[{"embeddable":true,"href":"https:\/\/cultivers.es\/de\/wp-json\/wp\/v2\/media\/15640"}],"wp:attachment":[{"href":"https:\/\/cultivers.es\/de\/wp-json\/wp\/v2\/media?parent=19686"}],"wp:term":[{"taxonomy":"product_brand","embeddable":true,"href":"https:\/\/cultivers.es\/de\/wp-json\/wp\/v2\/product_brand?post=19686"},{"taxonomy":"product_cat","embeddable":true,"href":"https:\/\/cultivers.es\/de\/wp-json\/wp\/v2\/product_cat?post=19686"},{"taxonomy":"product_tag","embeddable":true,"href":"https:\/\/cultivers.es\/de\/wp-json\/wp\/v2\/product_tag?post=19686"}],"curies":[{"name":"wp","href":"https:\/\/api.w.org\/{rel}","templated":true}]}}