{"id":19693,"date":"2022-10-07T07:08:06","date_gmt":"2022-10-07T07:08:06","guid":{"rendered":"https:\/\/cultivers.es\/abonos\/asian-rouge-metis-bio-gemuesesaatgut\/"},"modified":"2025-09-22T05:07:17","modified_gmt":"2025-09-22T05:07:17","slug":"asiatic-rouge-rouge-metis-okologisches-gemuse-saatgut","status":"publish","type":"product","link":"https:\/\/cultivers.es\/de\/d\u00fcngemittel\/asiatic-rouge-rouge-metis-okologisches-gemuse-saatgut\/","title":{"rendered":"Asiatische Gem\u00fcsesamen Rouge Metis"},"content":{"rendered":"","protected":false},"excerpt":{"rendered":"<p>Holen Sie sich mit unseren <strong>Bio-Samen<\/strong> die Frische und lebendige Farbe des <strong>asiatischen Gem\u00fcses Rouge Metis<\/strong> in Ihren Garten. Diese Sorte ist bekannt f\u00fcr ihre faszinierenden r\u00f6tlichen Bl\u00e4tter und ihren milden Geschmack mit einem leicht pikanten Kick. Rouge Metis eignet sich perfekt f\u00fcr Salate, Pfannengerichte und Beilagen und verleiht Ihren Gerichten einen einzigartigen Stil und Ihrer Ern\u00e4hrung einen au\u00dfergew\u00f6hnlichen N\u00e4hrwert. Sie ist einfach zu kultivieren und w\u00e4chst schnell, so dass sie ideal f\u00fcr G\u00e4rtner aller Stufen ist.   <\/p>\n<ul>\n<li><strong>Attraktive rote Bl\u00e4tter:<\/strong> Rouge Metis produziert tiefrote Bl\u00e4tter, die nicht nur Ihren Garten versch\u00f6nern, sondern auch Ihren Gerichten eine dekorative und elegante Note verleihen.<\/li>\n<li><strong>Milder und leicht w\u00fcrziger Geschmack:<\/strong> Sein Geschmacksprofil kombiniert Frische mit einem Hauch von Sch\u00e4rfe, ideal f\u00fcr frische Salate, asiatische Pfannengerichte, Suppen und moderne Gerichte.<\/li>\n<li><strong>Schnellwachsend:<\/strong> Dieses asiatische Gem\u00fcse w\u00e4chst schnell, so dass Sie schon nach wenigen Wochen zarte Bl\u00e4tter genie\u00dfen k\u00f6nnen. Es ist ideal f\u00fcr kontinuierliche Ernten und f\u00fcr diejenigen, die schnelle Ergebnisse erzielen m\u00f6chten. <\/li>\n<li><strong>Reich an N\u00e4hrstoffen:<\/strong> Rouge Metis ist reich an Antioxidantien, den Vitaminen A, C und K sowie an essentiellen Mineralien wie Eisen und Kalzium, was ihn zu einem nahrhaften und gesunden Gem\u00fcse macht.<\/li>\n<li><strong>Einfacher Anbau:<\/strong> Diese Sorte ist widerstandsf\u00e4hig und passt sich an verschiedene Bodenarten und Klimazonen an. Sie kann sowohl im Garten als auch in T\u00f6pfen angebaut werden, was sie ideal f\u00fcr kleine R\u00e4ume macht. <\/li>\n<li><strong>Biologischer Anbau:<\/strong> Unser Saatgut ist zu 100% biologisch, frei von Pestiziden und Chemikalien und garantiert einen nachhaltigen und umweltfreundlichen Anbau.<\/li>\n<\/ul>\n<p>F\u00fcllen Sie Ihren Garten mit Farbe, Geschmack und Frische mit den <strong>asiatischen Gem\u00fcsesamen von Rouge Metis Organic<\/strong>. Bauen Sie dieses einzigartige Gem\u00fcse an und genie\u00dfen Sie eine schnelle, nahrhafte und k\u00f6stliche Ernte - bestellen Sie noch heute und verwandeln Sie Ihre Gerichte mit dieser exquisiten asiatischen Sorte!  <\/p>\n","protected":false},"featured_media":15635,"comment_status":"open","ping_status":"closed","template":"","meta":{"_acf_changed":false},"product_brand":[],"product_cat":[419,476],"product_tag":[1580],"woo-feed-brand":[],"class_list":{"0":"post-19693","1":"product","2":"type-product","3":"status-publish","4":"has-post-thumbnail","6":"product_cat-bio-saatgut","7":"product_cat-bio-saatgut-fur-blattgemuse","8":"product_tag-oko","10":"first","11":"instock","12":"sale","13":"taxable","14":"shipping-taxable","15":"purchasable","16":"product-type-simple"},"acf":[],"_links":{"self":[{"href":"https:\/\/cultivers.es\/de\/wp-json\/wp\/v2\/product\/19693","targetHints":{"allow":["GET"]}}],"collection":[{"href":"https:\/\/cultivers.es\/de\/wp-json\/wp\/v2\/product"}],"about":[{"href":"https:\/\/cultivers.es\/de\/wp-json\/wp\/v2\/types\/product"}],"replies":[{"embeddable":true,"href":"https:\/\/cultivers.es\/de\/wp-json\/wp\/v2\/comments?post=19693"}],"wp:featuredmedia":[{"embeddable":true,"href":"https:\/\/cultivers.es\/de\/wp-json\/wp\/v2\/media\/15635"}],"wp:attachment":[{"href":"https:\/\/cultivers.es\/de\/wp-json\/wp\/v2\/media?parent=19693"}],"wp:term":[{"taxonomy":"product_brand","embeddable":true,"href":"https:\/\/cultivers.es\/de\/wp-json\/wp\/v2\/product_brand?post=19693"},{"taxonomy":"product_cat","embeddable":true,"href":"https:\/\/cultivers.es\/de\/wp-json\/wp\/v2\/product_cat?post=19693"},{"taxonomy":"product_tag","embeddable":true,"href":"https:\/\/cultivers.es\/de\/wp-json\/wp\/v2\/product_tag?post=19693"},{"taxonomy":"woo-feed-brand","embeddable":true,"href":"https:\/\/cultivers.es\/de\/wp-json\/wp\/v2\/woo-feed-brand?post=19693"}],"curies":[{"name":"wp","href":"https:\/\/api.w.org\/{rel}","templated":true}]}}